    {"id":105,"date":"2025-06-29T19:11:49","date_gmt":"2025-06-29T19:11:49","guid":{"rendered":"https:\/\/nomadorroles.com\/?page_id=105"},"modified":"2025-06-29T19:11:49","modified_gmt":"2025-06-29T19:11:49","slug":"contact","status":"publish","type":"page","link":"https:\/\/nomadorroles.com\/bs\/contact\/","title":{"rendered":"Kontakt"},"content":{"rendered":"<p>Hvala vam na posjeti <strong>NOMADORROLES<\/strong>, va\u0161a pouzdana platforma za gluma\u010dke uvide, kreativni razvoj i profesionalni rast u scenskim umjetnostima. Zaista cijenimo va\u0161e poruke i tu smo da vas podr\u017eimo, pove\u017eemo se s vama i sara\u0111ujemo s vama.<\/p>\n\n\n\n<h3 class=\"wp-block-heading\"><strong>Op\u0107i upiti<\/strong><\/h3>\n\n\n\n<p>Imate pitanje o <strong>NOMADORROLES<\/strong> ili nas samo \u017eelite kontaktirati? Po\u0161aljite nam e-mail na <strong><a>kontakt@nomadorroles.com<\/a><\/strong><br>Volimo \u010duti od na\u0161e kreativne zajednice i javit \u0107emo vam se \u010dim budemo mogli.<\/p>\n\n\n\n<h3 class=\"wp-block-heading\"><strong>Prijedlozi i doprinosi sadr\u017eaja<\/strong><\/h3>\n\n\n\n<p>Imate li ideju za novi \u010dlanak? \u017delite li podijeliti svoje stru\u010dno znanje, pri\u010du s audicije ili predlo\u017eiti temu koju bismo trebali istra\u017eiti? Kontaktirajte nas <strong><a>editor@nomadorroles.com<\/a><\/strong><br>Uvijek tra\u017eimo autenti\u010dne glasove i svje\u017ee perspektive u glumi, performansu i umjetni\u010dkom brendiranju.<\/p>\n\n\n\n<h3 class=\"wp-block-heading\"><strong>Tehni\u010dka podr\u0161ka<\/strong><\/h3>\n\n\n\n<p>Ako imate bilo kakvih problema s na\u0161om platformom ili vam je potrebna pomo\u0107 pri pristupu sadr\u017eaju, slobodno nas kontaktirajte na <strong><a>support@nomadorroles.com<\/a><\/strong><br>Tu smo da osiguramo va\u0161e iskustvo sa <strong>NOMADORROLES<\/strong> je glatko i inspirativno.<\/p>\n\n\n\n<h3 class=\"wp-block-heading\"><strong>Ostanite povezani<\/strong>dan<\/h3>\n\n\n\n<p><strong>NOMADORROLES<\/strong> je platforma prvenstveno digitalna, izgra\u0111ena za glumce i izvo\u0111a\u010de \u0161irom svijeta. Iako ne poslujemo iz fizi\u010dke kancelarije, uvijek smo online - spremni da vas saslu\u0161amo, podr\u017eimo i rastemo zajedno s vama.<\/p>\n\n\n\n<p>Hvala jo\u0161 jednom \u0161to ste dio <strong>NOMADORROLES<\/strong> zajednica. Radujemo se Va\u0161em odgovoru!<\/p>\n\n\n\n<p><strong>Srda\u010dan pozdrav,<\/strong><br><strong>Tim NOMADORROLES<\/strong><\/p>","protected":false},"excerpt":{"rendered":"<p>Hvala vam \u0161to ste posjetili NOMADORROLES, va\u0161u pouzdanu platformu za gluma\u010dke uvide, kreativni razvoj i profesionalni rast u scenskim umjetnostima. Zaista cijenimo va\u0161e poruke i tu smo da vas podr\u017eimo, pove\u017eemo se i sara\u0111ujemo s vama. Op\u0161ti upiti Imate pitanje o NOMADORROLES-u ili nas jednostavno \u017eelite kontaktirati? Po\u0161aljite nam e-po\u0161tu na contact@nomadorroles.com. Volimo \u010duti od [\u2026]<\/p>","protected":false},"author":198,"featured_media":0,"parent":0,"menu_order":0,"comment_status":"closed","ping_status":"closed","template":"","meta":{"footnotes":""},"_links":{"self":[{"href":"https:\/\/nomadorroles.com\/bs\/wp-json\/wp\/v2\/pages\/105"}],"collection":[{"href":"https:\/\/nomadorroles.com\/bs\/wp-json\/wp\/v2\/pages"}],"about":[{"href":"https:\/\/nomadorroles.com\/bs\/wp-json\/wp\/v2\/types\/page"}],"author":[{"embeddable":true,"href":"https:\/\/nomadorroles.com\/bs\/wp-json\/wp\/v2\/users\/198"}],"replies":[{"embeddable":true,"href":"https:\/\/nomadorroles.com\/bs\/wp-json\/wp\/v2\/comments?post=105"}],"version-history":[{"count":1,"href":"https:\/\/nomadorroles.com\/bs\/wp-json\/wp\/v2\/pages\/105\/revisions"}],"predecessor-version":[{"id":106,"href":"https:\/\/nomadorroles.com\/bs\/wp-json\/wp\/v2\/pages\/105\/revisions\/106"}],"wp:attachment":[{"href":"https:\/\/nomadorroles.com\/bs\/wp-json\/wp\/v2\/media?parent=105"}],"curies":[{"name":"wp","href":"https:\/\/api.w.org\/{rel}","templated":true}]}}