    {"id":100,"date":"2025-06-29T19:10:31","date_gmt":"2025-06-29T19:10:31","guid":{"rendered":"https:\/\/nomadorroles.com\/?page_id=100"},"modified":"2025-10-23T14:52:55","modified_gmt":"2025-10-23T14:52:55","slug":"terms-of-use","status":"publish","type":"page","link":"https:\/\/nomadorroles.com\/cs\/terms-of-use\/","title":{"rendered":"Podm\u00ednky pou\u017eit\u00ed"},"content":{"rendered":"<p><strong>Posledn\u00ed aktualizace: 29. \u010dervna 2025<\/strong><\/p>\n\n\n\n<p><strong>NOMADORROLES<\/strong> (<a class=\"\" href=\"https:\/\/nomadorroles.com\/cs\/\">https:\/\/nomadorroles.com<\/a>) funguje jako nez\u00e1visl\u00e1 digit\u00e1ln\u00ed platforma nab\u00edzej\u00edc\u00ed kur\u00e1torsk\u00fd obsah, informace a zdroje pro herce, um\u011blce a kreativn\u00ed profesion\u00e1ly v oblasti performativn\u00edho um\u011bn\u00ed. P\u0159\u00edstupem na tyto webov\u00e9 str\u00e1nky nebo jejich pou\u017e\u00edv\u00e1n\u00edm souhlas\u00edte s dodr\u017eov\u00e1n\u00edm n\u00ed\u017ee uveden\u00fdch podm\u00ednek a z\u00e1sad.<\/p>\n\n\n\n<p>Tyto Podm\u00ednky pou\u017eit\u00ed definuj\u00ed pr\u00e1va a povinnosti u\u017eivatel\u016f interaguj\u00edc\u00edch s <strong>NOMADORROLES<\/strong> platforma. Pou\u017e\u00edv\u00e1n\u00ed t\u011bchto webov\u00fdch str\u00e1nek podl\u00e9h\u00e1 tak\u00e9 na\u0161im Z\u00e1sad\u00e1m ochrany osobn\u00edch \u00fadaj\u016f.<\/p>\n\n\n\n<p><strong>POZORN\u011a SI P\u0158E\u010cT\u011aTE TYTO PODM\u00cdNKY. POKUD S NIM NESOUHLAS\u00cdTE, NEPOU\u017d\u00cdVEJTE PROS\u00cdM NOMADORROLES ANI \u017d\u00c1DNOU Z JEHO SLU\u017dEB.<\/strong><\/p>\n\n\n\n<h3 class=\"wp-block-heading\"><strong>\u010cl\u00e1nek I \u2013 U\u017eivatelsk\u00e1 smlouva<\/strong><\/h3>\n\n\n\n<p>1.1 Pou\u017eit\u00edm <strong>NOMADORROLES<\/strong>, potvrzujete sv\u016fj pln\u00fd souhlas s t\u011bmito Podm\u00ednkami pou\u017eit\u00ed a na\u0161imi Z\u00e1sadami ochrany osobn\u00edch \u00fadaj\u016f.<br>1.2 Pro pou\u017e\u00edv\u00e1n\u00ed t\u00e9to platformy mus\u00edte b\u00fdt star\u0161\u00ed 18 let nebo m\u00edt ve va\u0161\u00ed jurisdikci zp\u016fsobilost k pr\u00e1vn\u00edm \u00fakon\u016fm.<br>1.3 Pokud tyto podm\u00ednky nespl\u0148ujete nebo s jakoukoli \u010d\u00e1st\u00ed t\u011bchto podm\u00ednek nesouhlas\u00edte, nem\u016f\u017eete k na\u0161im slu\u017eb\u00e1m p\u0159istupovat ani je pou\u017e\u00edvat.<\/p>\n\n\n\n<h3 class=\"wp-block-heading\"><strong>\u010cl\u00e1nek II \u2013 Komunikace<\/strong><\/h3>\n\n\n\n<p>2.1 <strong>NOMADORROLES<\/strong> poskytuje komunika\u010dn\u00ed kan\u00e1ly, kter\u00fdmi mohou u\u017eivatel\u00e9 kl\u00e1st ot\u00e1zky, zas\u00edlat n\u00e1vrhy nebo hl\u00e1sit technick\u00e9 probl\u00e9my.<br>2.2 M\u016f\u017eete n\u00e1s kontaktovat prost\u0159ednictv\u00edm na\u0161\u00ed kontaktn\u00ed str\u00e1nky nebo prost\u0159ednictv\u00edm tam uveden\u00fdch e-mailov\u00fdch adres.<\/p>\n\n\n\n<h3 class=\"wp-block-heading\"><strong>\u010cl\u00e1nek III \u2013 Odpov\u011bdnosti stran<\/strong><\/h3>\n\n\n\n<p>3.1 U\u017eivatel\u00e9 mus\u00ed souhlasit s t\u011bmito Podm\u00ednkami pou\u017e\u00edv\u00e1n\u00ed a Z\u00e1sadami ochrany osobn\u00edch \u00fadaj\u016f a dodr\u017eovat je p\u0159i interakci s <strong>NOMADORROLES<\/strong> obsah nebo slu\u017eby.<br>3.2 Platforma m\u016f\u017ee obsahovat odkazy na webov\u00e9 str\u00e1nky t\u0159et\u00edch stran pro referen\u010dn\u00ed nebo informa\u010dn\u00ed \u00fa\u010dely. Tyto odkazy jsou poskytov\u00e1ny pouze pro va\u0161e pohodl\u00ed.<br>3.3 Po p\u0159esm\u011brov\u00e1n\u00ed se na v\u00e1s vztahuj\u00ed z\u00e1sady webu t\u0159et\u00ed strany. <strong>NOMADORROLES<\/strong> nenese odpov\u011bdnost za p\u0159esnost, bezpe\u010dnost ani postupy extern\u00edch str\u00e1nek.<br>3.4 U\u017eivatel\u00e9 jsou v\u00fdhradn\u011b zodpov\u011bdn\u00ed za zabezpe\u010den\u00ed sv\u00e9ho internetov\u00e9ho p\u0159ipojen\u00ed, za\u0159\u00edzen\u00ed a p\u0159\u00edstupu k \u00fa\u010dtu b\u011bhem pou\u017e\u00edv\u00e1n\u00ed <strong>NOMADORROLES<\/strong>.<br>3.5 <strong>NOMADORROLES<\/strong> nenese odpov\u011bdnost za \u017e\u00e1dn\u00e9 \u0161kody vznikl\u00e9 v d\u016fsledku technick\u00fdch selh\u00e1n\u00ed, neopr\u00e1vn\u011bn\u00e9ho p\u0159\u00edstupu nebo zneu\u017eit\u00ed platformy mimo na\u0161i kontrolu.<br>3.6 Nikdy nebudeme po\u017eadovat bankovn\u00ed p\u0159evody, d\u016fv\u011brn\u00e9 \u00fadaje ani citliv\u00e9 osobn\u00ed informace prost\u0159ednictv\u00edm neofici\u00e1ln\u00edch kan\u00e1l\u016f.<br>3.7 Jak\u00e1koli podez\u0159el\u00e1 aktivita nebo zpr\u00e1vy, kter\u00e9 se vyd\u00e1vaj\u00ed za <strong>NOMADORROLES<\/strong> by m\u011bly b\u00fdt neprodlen\u011b nahl\u00e1\u0161eny prost\u0159ednictv\u00edm na\u0161\u00ed kontaktn\u00ed str\u00e1nky.<\/p>\n\n\n\n<h3 class=\"wp-block-heading\"><strong>\u010cl\u00e1nek IV \u2013 Zak\u00e1zan\u00e9 chov\u00e1n\u00ed<\/strong><\/h3>\n\n\n\n<p>U\u017eivatel\u016fm je p\u0159\u00edsn\u011b zak\u00e1z\u00e1no:<\/p>\n\n\n\n<ul>\n<li>Zapojen\u00ed se do nez\u00e1konn\u00e9ho, klamav\u00e9ho nebo zlomysln\u00e9ho chov\u00e1n\u00ed;<\/li>\n\n\n\n<li>Poru\u0161en\u00ed pr\u00e1v du\u0161evn\u00edho vlastnictv\u00ed nebo z\u00e1kon\u016f na ochranu soukrom\u00ed;<\/li>\n\n\n\n<li>Nahr\u00e1v\u00e1n\u00ed nebo distribuce vir\u016f, malwaru nebo \u0161kodliv\u00e9ho k\u00f3du;<\/li>\n\n\n\n<li>Vyd\u00e1v\u00e1n\u00ed se za jednotlivce nebo organizace;<\/li>\n\n\n\n<li>Shroma\u017e\u010fov\u00e1n\u00ed osobn\u00edch \u00fadaj\u016f bez souhlasu;<\/li>\n\n\n\n<li>Sd\u00edlen\u00ed neopr\u00e1vn\u011bn\u00e9ho, zav\u00e1d\u011bj\u00edc\u00edho nebo hanliv\u00e9ho obsahu;<\/li>\n\n\n\n<li>Obt\u011b\u017eov\u00e1n\u00ed nebo vyhro\u017eov\u00e1n\u00ed ostatn\u00edm;<\/li>\n\n\n\n<li>Pokus o hacknut\u00ed, manipulaci nebo naru\u0161en\u00ed provozu platformy.<\/li>\n<\/ul>\n\n\n\n<p>Poru\u0161en\u00ed t\u011bchto podm\u00ednek m\u016f\u017ee v\u00e9st k pozastaven\u00ed nebo trval\u00e9mu ukon\u010den\u00ed p\u0159\u00edstupu k <strong>NOMADORROLES<\/strong>, s p\u0159edchoz\u00edm upozorn\u011bn\u00edm \u010di bez n\u011bj.<\/p>\n\n\n\n<h3 class=\"wp-block-heading\"><strong>\u010cl\u00e1nek V \u2013 Omezen\u00ed odpov\u011bdnosti a z\u00e1ruky<\/strong><\/h3>\n\n\n\n<p><strong>NOMADORROLES<\/strong> poskytuje sv\u00e9 slu\u017eby a obsah \u201etak, jak jsou\u201c a \u201etak, jak jsou k dispozici\u201c, bez jak\u00fdchkoli v\u00fdslovn\u00fdch nebo implicitn\u00edch z\u00e1ruk.<br>Nezaru\u010dujeme nep\u0159eru\u0161ovan\u00fd p\u0159\u00edstup, bezchybn\u00fd obsah ani to, \u017ee v\u0161echny informace jsou aktu\u00e1ln\u00ed nebo vhodn\u00e9 pro va\u0161e pot\u0159eby.<br>V maxim\u00e1ln\u00edm rozsahu povolen\u00e9m z\u00e1konem, <strong>NOMADORROLES<\/strong> se z\u0159\u00edk\u00e1 ve\u0161ker\u00e9 odpov\u011bdnosti za p\u0159\u00edm\u00e9, nep\u0159\u00edm\u00e9, n\u00e1hodn\u00e9 nebo n\u00e1sledn\u00e9 \u0161kody vznikl\u00e9 v d\u016fsledku pou\u017e\u00edv\u00e1n\u00ed t\u011bchto str\u00e1nek nebo jejich obsahu.<\/p>\n\n\n\n<h3 class=\"wp-block-heading\"><strong>\u010cl\u00e1nek VI \u2013 Lh\u016fta a z\u00e1konn\u00fd r\u00e1mec<\/strong><\/h3>\n\n\n\n<p>Tyto Podm\u00ednky pou\u017e\u00edv\u00e1n\u00ed jsou platn\u00e9 na dobu neur\u010ditou. Jak\u00e9koli pr\u00e1vn\u00ed kroky nebo spory t\u00fdkaj\u00edc\u00ed se platformy mus\u00ed b\u00fdt zah\u00e1jeny do 90 (devades\u00e1ti) dn\u016f od ud\u00e1losti, kter\u00e1 vedla k n\u00e1roku.<\/p>\n\n\n\n<h3 class=\"wp-block-heading\"><strong>\u010cl\u00e1nek VII \u2013 Rozhodn\u00e9 pr\u00e1vo a jurisdikce<\/strong><\/h3>\n\n\n\n<p>Tyto Podm\u00ednky pou\u017eit\u00ed se \u0159\u00edd\u00ed a vykl\u00e1daj\u00ed v souladu s <strong>z\u00e1kony Estonsk\u00e9 republiky<\/strong>Ve\u0161ker\u00e9 spory, rozpory nebo n\u00e1roky vypl\u00fdvaj\u00edc\u00ed z t\u011bchto Podm\u00ednek nebo z pou\u017e\u00edv\u00e1n\u00ed t\u011bchto webov\u00fdch str\u00e1nek nebo s nimi souvisej\u00edc\u00ed budou \u0159e\u0161eny v souladu s estonsk\u00fdm pr\u00e1vem, a to podle <strong>v\u00fdlu\u010dn\u00e1 jurisdikce soud\u016f v Tallinnu v Estonsku<\/strong>.<br>Tato dolo\u017eka zaji\u0161\u0165uje pr\u00e1vn\u00ed transparentnost a soulad s osv\u011bd\u010den\u00fdmi postupy v oblasti mezin\u00e1rodn\u00edho dodr\u017eov\u00e1n\u00ed p\u0159edpis\u016f, jak je stanoveno estonsk\u00fdm\u2026 <em>Z\u00e1kon o z\u00e1vazkov\u00e9m pr\u00e1vu<\/em> a <em>Z\u00e1kon o mezin\u00e1rodn\u00edm pr\u00e1vu soukrom\u00e9m<\/em>.<\/p>\n\n\n\n<h3 class=\"wp-block-heading\"><strong>\u010cl\u00e1nek VIII \u2013 Du\u0161evn\u00ed vlastnictv\u00ed<\/strong><\/h3>\n\n\n\n<p>8.1 Ve\u0161ker\u00fd obsah na <strong>NOMADORROLES<\/strong>, v\u010detn\u011b \u010dl\u00e1nk\u016f, obr\u00e1zk\u016f, brandingu a dal\u0161\u00edch kreativn\u00edch materi\u00e1l\u016f, je chr\u00e1n\u011bno z\u00e1kony o du\u0161evn\u00edm vlastnictv\u00ed.<br>8.2 Bez p\u0159edchoz\u00edho p\u00edsemn\u00e9ho souhlasu nesm\u00edte kop\u00edrovat, reprodukovat, distribuovat ani znovu publikovat \u017e\u00e1dnou \u010d\u00e1st obsahu <strong>NOMADORROLES<\/strong>.<br>8.3 Za obsah odeslan\u00fd u\u017eivateli z\u016fst\u00e1v\u00e1 odpov\u011bdnost p\u0159isp\u011bvatele. <strong>NOMADORROLES<\/strong> si vyhrazuje pr\u00e1vo odstranit jak\u00fdkoli obsah, kter\u00fd poru\u0161uje pr\u00e1vn\u00ed nebo etick\u00e9 normy.<\/p>\n\n\n\n<h3 class=\"wp-block-heading\"><strong>\u010cl\u00e1nek IX \u2013 Zm\u011bny podm\u00ednek<\/strong><\/h3>\n\n\n\n<p><strong>NOMADORROLES<\/strong> si vyhrazuje pr\u00e1vo kdykoli aktualizovat, upravit nebo ukon\u010dit jakoukoli \u010d\u00e1st t\u011bchto Podm\u00ednek nebo slu\u017eeb bez p\u0159edchoz\u00edho upozorn\u011bn\u00ed.<br>Je va\u0161\u00ed odpov\u011bdnost\u00ed tuto str\u00e1nku pravideln\u011b kontrolovat. Pokra\u010dov\u00e1n\u00ed v pou\u017e\u00edv\u00e1n\u00ed platformy po zm\u011bn\u00e1ch p\u0159edstavuje souhlas s aktualizovan\u00fdmi podm\u00ednkami.<\/p>\n\n\n\n<h3 class=\"wp-block-heading\"><strong>\u010cl\u00e1nek X \u2013 Kontakt<\/strong><\/h3>\n\n\n\n<p>V p\u0159\u00edpad\u011b jak\u00fdchkoli dotaz\u016f nebo nejasnost\u00ed t\u00fdkaj\u00edc\u00edch se t\u011bchto Podm\u00ednek pou\u017e\u00edv\u00e1n\u00ed n\u00e1s pros\u00edm kontaktujte na adrese:<br><strong><a>https:\/\/nomadorroles.com\/contact<\/a><\/strong><br>E-mail: <strong><a>info@nomadorroles.com<\/a><\/strong><\/p>\n\n\n\n<p><strong>POKUD S T\u011aMITO PODM\u00cdNKAMI NESOUHLAS\u00cdTE, NEPOU\u017d\u00cdVEJTE PROS\u00cdM NOMADORROLES ANI \u017d\u00c1DNOU Z JEHO SLU\u017dEB.<\/strong><\/p>","protected":false},"excerpt":{"rendered":"<p>Last updated: June 29, 2025 NOMADORROLES (https:\/\/nomadorroles.com) operates as an independent digital platform offering curated content, insights, and resources for actors, performers, and creative professionals in the performing arts. By accessing or using this website, you agree to abide by the terms, conditions, and policies outlined below. These Terms of Use define the rights and [&hellip;]<\/p>","protected":false},"author":198,"featured_media":0,"parent":0,"menu_order":0,"comment_status":"closed","ping_status":"closed","template":"","meta":{"footnotes":""},"_links":{"self":[{"href":"https:\/\/nomadorroles.com\/cs\/wp-json\/wp\/v2\/pages\/100"}],"collection":[{"href":"https:\/\/nomadorroles.com\/cs\/wp-json\/wp\/v2\/pages"}],"about":[{"href":"https:\/\/nomadorroles.com\/cs\/wp-json\/wp\/v2\/types\/page"}],"author":[{"embeddable":true,"href":"https:\/\/nomadorroles.com\/cs\/wp-json\/wp\/v2\/users\/198"}],"replies":[{"embeddable":true,"href":"https:\/\/nomadorroles.com\/cs\/wp-json\/wp\/v2\/comments?post=100"}],"version-history":[{"count":2,"href":"https:\/\/nomadorroles.com\/cs\/wp-json\/wp\/v2\/pages\/100\/revisions"}],"predecessor-version":[{"id":522,"href":"https:\/\/nomadorroles.com\/cs\/wp-json\/wp\/v2\/pages\/100\/revisions\/522"}],"wp:attachment":[{"href":"https:\/\/nomadorroles.com\/cs\/wp-json\/wp\/v2\/media?parent=100"}],"curies":[{"name":"wp","href":"https:\/\/api.w.org\/{rel}","templated":true}]}}