    {"id":103,"date":"2025-06-29T19:11:04","date_gmt":"2025-06-29T19:11:04","guid":{"rendered":"https:\/\/nomadorroles.com\/?page_id=103"},"modified":"2026-03-03T21:53:11","modified_gmt":"2026-03-03T21:53:11","slug":"about-us","status":"publish","type":"page","link":"https:\/\/nomadorroles.com\/cs\/about-us\/","title":{"rendered":"O n\u00e1s"},"content":{"rendered":"<h2 class=\"wp-block-heading\"><\/h2>\n\n\n\n<p>V\u00edtejte v <strong>NOMADORROLES<\/strong> \u2013 va\u0161e strategick\u00e9 centrum pro n\u00e1pady, realizaci a r\u016fst na pr\u016fse\u010d\u00edku technologi\u00ed, kreativity a v\u00fdkonu. A\u0165 u\u017e budujete zna\u010dku, optimalizujete kampan\u011b, zkoum\u00e1te inovace nebo zdokonalujete svou kreativitu, NOMADORROLES je tu, aby v\u00e1s podpo\u0159il na cest\u011b od konceptu k m\u011b\u0159iteln\u00e9mu dopadu.<\/p>\n\n\n\n<h3 class=\"wp-block-heading\">Co n\u00e1s \u017eene vp\u0159ed<\/h3>\n\n\n\n<p>V NOMADORROLES v\u011b\u0159\u00edme, \u017ee modern\u00ed r\u016fst je postaven na rovnov\u00e1ze mezi daty a p\u0159edstavivost\u00ed. Na\u0161e posl\u00e1n\u00ed je jednoduch\u00e9: poskytovat vysoce kvalitn\u00ed a p\u0159\u00edstupn\u00fd obsah, kter\u00fd pom\u00e1h\u00e1 profesion\u00e1l\u016fm a tv\u016frc\u016fm vyu\u017e\u00edt <strong>technologie, analytika, branding a v\u00fdkonnostn\u00ed strategie<\/strong> prosperovat v neust\u00e1le se vyv\u00edjej\u00edc\u00edm digit\u00e1ln\u00edm prost\u0159ed\u00ed.<\/p>\n\n\n\n<p>\u00dasp\u011bch dnes nen\u00ed jen o kreativit\u011b \u2013 jde o jasnost, vhled, um\u00edst\u011bn\u00ed a neust\u00e1lou optimalizaci.<\/p>\n\n\n\n<h3 class=\"wp-block-heading\">Kdo jsme<\/h3>\n\n\n\n<p>Jsme t\u00fdm strat\u00e9g\u016f, tv\u016frc\u016f, analytik\u016f a digit\u00e1ln\u00edch myslitel\u016f s v\u00e1\u0161n\u00ed pro propojov\u00e1n\u00ed inovac\u00ed s realizac\u00ed. NOMADORROLES byl vytvo\u0159en s c\u00edlem propojit odv\u00e1\u017en\u00e9 n\u00e1pady s re\u00e1ln\u00fdmi v\u00fdsledky.<\/p>\n\n\n\n<p>To znamen\u00e1, \u017ee se zam\u011b\u0159ujeme na obsah, kter\u00fd informuje, inspiruje a vybavuje \u2013 a\u0165 u\u017e analyzujete metriky, zdokonalujete sv\u016fj styl zna\u010dky, zkoum\u00e1te nov\u00e9 technologie nebo odemyk\u00e1te nov\u00e9 kreativn\u00ed r\u00e1mce.<\/p>\n\n\n\n<p>Zde jste v\u00edc ne\u017e jen \u010dten\u00e1\u0159. Jste sou\u010d\u00e1st\u00ed progresivn\u00ed komunity, kter\u00e1 si cen\u00ed experimentov\u00e1n\u00ed, m\u011b\u0159iteln\u00e9ho r\u016fstu a dlouhodob\u00e9ho dopadu.<\/p>\n\n\n\n<h3 class=\"wp-block-heading\">Zapojte se<\/h3>\n\n\n\n<p>M\u00e1te p\u0159ehled o brandingu, analytice, v\u00fdkonnostn\u00ed strategii, technologick\u00fdch trendech nebo kreativn\u00edch procesech? Chcete se s n\u00e1mi pod\u011blit o sv\u00e9 poznatky nebo se hloub\u011bji zab\u00fdvat dan\u00fdm t\u00e9matem? R\u00e1di si od v\u00e1s vyslechneme.<\/p>\n\n\n\n<p>V NOMADORROLES se n\u00e1pady vyv\u00edjej\u00ed prost\u0159ednictv\u00edm spolupr\u00e1ce \u2013 a v\u00e1\u0161 hlas pom\u00e1h\u00e1 utv\u00e1\u0159et to, co bude d\u00e1l.<\/p>\n\n\n\n<p>Budujme chyt\u0159ej\u0161\u00ed syst\u00e9my, siln\u011bj\u0161\u00ed zna\u010dky a smyslupln\u011bj\u0161\u00ed kreativn\u00ed pr\u00e1ci \u2013 jednu strategii, jeden experiment, jeden pr\u016flom za druh\u00fdm.<\/p>","protected":false},"excerpt":{"rendered":"<p>Welcome to NOMADORROLES \u2013 your strategic hub for ideas, execution, and growth at the intersection of technology, creativity, and performance. Whether you&#8217;re building a brand, optimizing campaigns, exploring innovation, or refining your creative edge, NOMADORROLES is here to support your journey from concept to measurable impact. What drives us At NOMADORROLES, we believe modern growth [&hellip;]<\/p>","protected":false},"author":198,"featured_media":0,"parent":0,"menu_order":0,"comment_status":"closed","ping_status":"closed","template":"","meta":{"footnotes":""},"_links":{"self":[{"href":"https:\/\/nomadorroles.com\/cs\/wp-json\/wp\/v2\/pages\/103"}],"collection":[{"href":"https:\/\/nomadorroles.com\/cs\/wp-json\/wp\/v2\/pages"}],"about":[{"href":"https:\/\/nomadorroles.com\/cs\/wp-json\/wp\/v2\/types\/page"}],"author":[{"embeddable":true,"href":"https:\/\/nomadorroles.com\/cs\/wp-json\/wp\/v2\/users\/198"}],"replies":[{"embeddable":true,"href":"https:\/\/nomadorroles.com\/cs\/wp-json\/wp\/v2\/comments?post=103"}],"version-history":[{"count":2,"href":"https:\/\/nomadorroles.com\/cs\/wp-json\/wp\/v2\/pages\/103\/revisions"}],"predecessor-version":[{"id":1094,"href":"https:\/\/nomadorroles.com\/cs\/wp-json\/wp\/v2\/pages\/103\/revisions\/1094"}],"wp:attachment":[{"href":"https:\/\/nomadorroles.com\/cs\/wp-json\/wp\/v2\/media?parent=103"}],"curies":[{"name":"wp","href":"https:\/\/api.w.org\/{rel}","templated":true}]}}