    {"id":105,"date":"2025-06-29T19:11:49","date_gmt":"2025-06-29T19:11:49","guid":{"rendered":"https:\/\/nomadorroles.com\/?page_id=105"},"modified":"2025-06-29T19:11:49","modified_gmt":"2025-06-29T19:11:49","slug":"contact","status":"publish","type":"page","link":"https:\/\/nomadorroles.com\/cs\/contact\/","title":{"rendered":"Kontakt"},"content":{"rendered":"<p>D\u011bkujeme za n\u00e1v\u0161t\u011bvu <strong>NOMADORROLES<\/strong>, va\u0161e d\u016fv\u011bryhodn\u00e1 platforma pro hereck\u00e9 poznatky, kreativn\u00ed rozvoj a profesn\u00ed r\u016fst v oblasti performativn\u00edho um\u011bn\u00ed. Va\u0161ich sd\u011blen\u00ed si opravdu v\u00e1\u017e\u00edme a jsme tu, abychom v\u00e1s podpo\u0159ili, spojili se s v\u00e1mi a spolupracovali s v\u00e1mi.<\/p>\n\n\n\n<h3 class=\"wp-block-heading\"><strong>Obecn\u00e9 dotazy<\/strong><\/h3>\n\n\n\n<p>M\u00e1te ot\u00e1zku ohledn\u011b <strong>NOMADORROLES<\/strong> nebo se s n\u00e1mi chcete jen spojit? Napi\u0161te n\u00e1m na <strong><a>kontakt@nomadorroles.com<\/a><\/strong><br>R\u00e1di sly\u0161\u00edme od na\u0161\u00ed kreativn\u00ed komunity a co nejd\u0159\u00edve se v\u00e1m ozveme.<\/p>\n\n\n\n<h3 class=\"wp-block-heading\"><strong>N\u00e1vrhy a p\u0159\u00edsp\u011bvky k obsahu<\/strong><\/h3>\n\n\n\n<p>M\u00e1te n\u00e1pad na nov\u00fd \u010dl\u00e1nek? Chcete se pod\u011blit o sv\u00e9 odborn\u00e9 znalosti, p\u0159\u00edb\u011bh z konkurzu nebo navrhnout t\u00e9ma, kter\u00e9 bychom m\u011bli prozkoumat? Kontaktujte n\u00e1s. <strong><a>editor@nomadorroles.com<\/a><\/strong><br>V\u017edy hled\u00e1me autentick\u00e9 hlasy a nov\u00e9 perspektivy v herectv\u00ed, performanci a um\u011bleck\u00e9m brandingu.<\/p>\n\n\n\n<h3 class=\"wp-block-heading\"><strong>Technick\u00e1 podpora<\/strong><\/h3>\n\n\n\n<p>Pokud m\u00e1te s na\u0161\u00ed platformou jak\u00e9koli probl\u00e9my nebo pot\u0159ebujete pomoc s p\u0159\u00edstupem k obsahu, nev\u00e1hejte n\u00e1s kontaktovat na adrese <strong><a>support@nomadorroles.com<\/a><\/strong><br>Jsme tu, abychom v\u00e1m zajistili co nejlep\u0161\u00ed z\u00e1\u017eitek s <strong>NOMADORROLES<\/strong> je hladk\u00fd a inspirativn\u00ed.<\/p>\n\n\n\n<h3 class=\"wp-block-heading\"><strong>Z\u016fsta\u0148te ve spojen\u00ed<\/strong>d<\/h3>\n\n\n\n<p><strong>NOMADORROLES<\/strong> je digit\u00e1ln\u00ed platforma vytvo\u0159en\u00e1 pro herce a um\u011blce z cel\u00e9ho sv\u011bta. I kdy\u017e nepracujeme z fyzick\u00e9 kancel\u00e1\u0159e, jsme v\u017edy online \u2013 p\u0159ipraveni v\u00e1m naslouchat, podporovat v\u00e1s a r\u016fst s v\u00e1mi.<\/p>\n\n\n\n<p>Je\u0161t\u011b jednou d\u011bkuji, \u017ee jste sou\u010d\u00e1st\u00ed <strong>NOMADORROLES<\/strong> komunita. T\u011b\u0161\u00edme se na va\u0161i odpov\u011b\u010f!<\/p>\n\n\n\n<p><strong>S pozdravem,<\/strong><br><strong>T\u00fdm NOMADORROLES<\/strong><\/p>","protected":false},"excerpt":{"rendered":"<p>Thank you for visiting NOMADORROLES, your trusted platform for acting insights, creative development, and professional growth in the performing arts. We truly value your messages and are here to support, connect, and collaborate with you. General Inquiries Have a question about NOMADORROLES or just want to reach out? Email us at contact@nomadorroles.comWe love hearing from [&hellip;]<\/p>","protected":false},"author":198,"featured_media":0,"parent":0,"menu_order":0,"comment_status":"closed","ping_status":"closed","template":"","meta":{"footnotes":""},"_links":{"self":[{"href":"https:\/\/nomadorroles.com\/cs\/wp-json\/wp\/v2\/pages\/105"}],"collection":[{"href":"https:\/\/nomadorroles.com\/cs\/wp-json\/wp\/v2\/pages"}],"about":[{"href":"https:\/\/nomadorroles.com\/cs\/wp-json\/wp\/v2\/types\/page"}],"author":[{"embeddable":true,"href":"https:\/\/nomadorroles.com\/cs\/wp-json\/wp\/v2\/users\/198"}],"replies":[{"embeddable":true,"href":"https:\/\/nomadorroles.com\/cs\/wp-json\/wp\/v2\/comments?post=105"}],"version-history":[{"count":1,"href":"https:\/\/nomadorroles.com\/cs\/wp-json\/wp\/v2\/pages\/105\/revisions"}],"predecessor-version":[{"id":106,"href":"https:\/\/nomadorroles.com\/cs\/wp-json\/wp\/v2\/pages\/105\/revisions\/106"}],"wp:attachment":[{"href":"https:\/\/nomadorroles.com\/cs\/wp-json\/wp\/v2\/media?parent=105"}],"curies":[{"name":"wp","href":"https:\/\/api.w.org\/{rel}","templated":true}]}}