    {"id":100,"date":"2025-06-29T19:10:31","date_gmt":"2025-06-29T19:10:31","guid":{"rendered":"https:\/\/nomadorroles.com\/?page_id=100"},"modified":"2025-10-23T14:52:55","modified_gmt":"2025-10-23T14:52:55","slug":"terms-of-use","status":"publish","type":"page","link":"https:\/\/nomadorroles.com\/de\/terms-of-use\/","title":{"rendered":"Nutzungsbedingungen"},"content":{"rendered":"<p><strong>Letzte Aktualisierung: 29. Juni 2025<\/strong><\/p>\n\n\n\n<p><strong>Nomaden<\/strong> (<a class=\"\" href=\"https:\/\/nomadorroles.com\/de\/\">https:\/\/nomadorroles.com<\/a>Diese Website ist eine unabh\u00e4ngige digitale Plattform, die kuratierte Inhalte, Einblicke und Ressourcen f\u00fcr Schauspieler, K\u00fcnstler und Kreativschaffende der darstellenden K\u00fcnste bietet. Durch den Zugriff auf oder die Nutzung dieser Website erkl\u00e4ren Sie sich mit den nachfolgenden Nutzungsbedingungen und Richtlinien einverstanden.<\/p>\n\n\n\n<p>Diese Nutzungsbedingungen definieren die Rechte und Pflichten der Nutzer, die mit der Website interagieren. <strong>Nomaden<\/strong> Plattform. Die Nutzung dieser Website unterliegt auch unserer Datenschutzrichtlinie.<\/p>\n\n\n\n<p><strong>BITTE LESEN SIE DIESE BEDINGUNGEN SORGF\u00c4LTIG DURCH. WENN SIE DIESEN NICHT ZUSTIMMEN, NUTZEN SIE BITTE NICHT NOMADORROLES ODER EINEN DER DARAUF GESCH\u00c4FTE.<\/strong><\/p>\n\n\n\n<h3 class=\"wp-block-heading\"><strong>Artikel I \u2013 Nutzungsvereinbarung<\/strong><\/h3>\n\n\n\n<p>1.1 Durch die Verwendung <strong>Nomaden<\/strong>Mit Ihrer Eingabe best\u00e4tigen Sie, dass Sie diese Nutzungsbedingungen und unsere Datenschutzrichtlinie vollst\u00e4ndig akzeptieren.<br>1.2 Sie m\u00fcssen mindestens 18 Jahre alt sein oder in Ihrem Land die Rechtsf\u00e4higkeit besitzen, um diese Plattform nutzen zu k\u00f6nnen.<br>1.3 Wenn Sie diese Bedingungen nicht erf\u00fcllen oder mit einem Teil dieser Bedingungen nicht einverstanden sind, d\u00fcrfen Sie nicht auf unsere Dienste zugreifen oder diese nutzen.<\/p>\n\n\n\n<h3 class=\"wp-block-heading\"><strong>Artikel II \u2013 Mitteilung<\/strong><\/h3>\n\n\n\n<p>2.1 <strong>Nomaden<\/strong> bietet Kommunikationskan\u00e4le, \u00fcber die Benutzer Fragen stellen, Vorschl\u00e4ge einreichen oder technische Probleme melden k\u00f6nnen.<br>2.2 Sie k\u00f6nnen uns \u00fcber unsere Kontaktseite oder \u00fcber die dort angegebenen E-Mail-Adressen kontaktieren.<\/p>\n\n\n\n<h3 class=\"wp-block-heading\"><strong>Artikel III \u2013 Verantwortlichkeiten der Vertragsparteien<\/strong><\/h3>\n\n\n\n<p>3.1 Nutzer m\u00fcssen diesen Nutzungsbedingungen und der Datenschutzrichtlinie zustimmen und diese einhalten, wenn sie mit uns interagieren. <strong>Nomaden<\/strong> Inhalte oder Dienstleistungen.<br>3.2 Die Plattform kann Links zu Webseiten Dritter zu Referenz- oder Informationszwecken enthalten. Diese Links werden lediglich als Serviceleistung bereitgestellt.<br>3.3 Nach der Weiterleitung unterliegen Sie den Richtlinien der Website des Drittanbieters. <strong>Nomaden<\/strong> ist nicht verantwortlich f\u00fcr die Genauigkeit, Sicherheit oder Praktiken externer Websites.<br>3.4 Die Nutzer sind allein verantwortlich f\u00fcr die Sicherung ihrer Internetverbindung, ihrer Ger\u00e4te und ihres Kontozugangs w\u00e4hrend der Nutzung. <strong>Nomaden<\/strong>.<br>3.5 <strong>Nomaden<\/strong> haftet nicht f\u00fcr Sch\u00e4den, die durch technische St\u00f6rungen, unbefugten Zugriff oder Missbrauch der Plattform au\u00dferhalb unserer Kontrolle entstehen.<br>3.6 Wir werden Sie niemals \u00fcber inoffizielle Kan\u00e4le nach Bank\u00fcberweisungen, vertraulichen Daten oder sensiblen pers\u00f6nlichen Informationen fragen.<br>3.7 Jegliche verd\u00e4chtige Aktivit\u00e4ten oder Nachrichten, die angeblich von <strong>Nomaden<\/strong> sollte umgehend \u00fcber unsere Kontaktseite gemeldet werden.<\/p>\n\n\n\n<h3 class=\"wp-block-heading\"><strong>Artikel IV \u2013 Verbotenes Verhalten<\/strong><\/h3>\n\n\n\n<p>Folgendes ist Nutzern strengstens untersagt:<\/p>\n\n\n\n<ul>\n<li>Sich an illegalen, betr\u00fcgerischen oder b\u00f6swilligen Handlungen beteiligen;<\/li>\n\n\n\n<li>Verletzung von Rechten des geistigen Eigentums oder Datenschutzgesetzen;<\/li>\n\n\n\n<li>Hochladen oder Verbreiten von Viren, Malware oder sch\u00e4dlichem Code;<\/li>\n\n\n\n<li>Vort\u00e4uschung der Identit\u00e4t von Einzelpersonen oder Organisationen;<\/li>\n\n\n\n<li>Erhebung personenbezogener Daten ohne Einwilligung;<\/li>\n\n\n\n<li>Weitergabe unautorisierter, irref\u00fchrender oder verleumderischer Inhalte;<\/li>\n\n\n\n<li>Bel\u00e4stigung oder Bedrohung anderer;<\/li>\n\n\n\n<li>Der Versuch, den Betrieb der Plattform zu hacken, zu manipulieren oder zu st\u00f6ren.<\/li>\n<\/ul>\n\n\n\n<p>Ein Versto\u00df gegen diese Bedingungen kann zur Sperrung oder dauerhaften Beendigung des Zugangs f\u00fchren. <strong>Nomaden<\/strong>, mit oder ohne vorherige Ank\u00fcndigung.<\/p>\n\n\n\n<h3 class=\"wp-block-heading\"><strong>Artikel V \u2013 Haftungsbeschr\u00e4nkung und Gew\u00e4hrleistungen<\/strong><\/h3>\n\n\n\n<p><strong>Nomaden<\/strong> stellt seine Dienste und Inhalte \u201ewie besehen\u201c und \u201ewie verf\u00fcgbar\u201c ohne jegliche ausdr\u00fcckliche oder stillschweigende Gew\u00e4hrleistungen zur Verf\u00fcgung.<br>Wir garantieren weder einen ununterbrochenen Zugriff noch fehlerfreie Inhalte, noch dass alle Informationen aktuell oder f\u00fcr Ihre Bed\u00fcrfnisse geeignet sind.<br>Soweit gesetzlich zul\u00e4ssig, <strong>Nomaden<\/strong> lehnt jegliche Haftung f\u00fcr direkte, indirekte, zuf\u00e4llige oder Folgesch\u00e4den ab, die aus der Nutzung dieser Website oder ihrer Inhalte entstehen.<\/p>\n\n\n\n<h3 class=\"wp-block-heading\"><strong>Artikel VI \u2013 Laufzeit und rechtlicher Zeitrahmen<\/strong><\/h3>\n\n\n\n<p>Diese Nutzungsbedingungen gelten unbefristet. Jegliche rechtliche Schritte oder Streitigkeiten im Zusammenhang mit der Plattform m\u00fcssen innerhalb von 90 (neunzig) Tagen nach dem Ereignis, das den Anspruch begr\u00fcndet, eingeleitet werden.<\/p>\n\n\n\n<h3 class=\"wp-block-heading\"><strong>Artikel VII \u2013 Anwendbares Recht und Gerichtsstand<\/strong><\/h3>\n\n\n\n<p>Diese Nutzungsbedingungen unterliegen dem geltenden Recht und sind entsprechend auszulegen. <strong>Gesetze der Republik Estland<\/strong>Jegliche Streitigkeiten, Kontroversen oder Anspr\u00fcche, die sich aus diesen Nutzungsbedingungen oder der Nutzung dieser Website ergeben oder damit in Zusammenhang stehen, werden gem\u00e4\u00df estnischem Recht und unter Einhaltung der geltenden Gesetze beigelegt. <strong>Ausschlie\u00dflicher Gerichtsstand sind die Gerichte in Tallinn, Estland.<\/strong>.<br>Diese Klausel gew\u00e4hrleistet Rechtstransparenz und die Einhaltung internationaler Best Practices im Bereich Compliance, wie sie von den estnischen Richtlinien vorgegeben werden. <em>Gesetz \u00fcber das Obligationenrecht<\/em> Und <em>Gesetz \u00fcber Internationales Privatrecht<\/em>.<\/p>\n\n\n\n<h3 class=\"wp-block-heading\"><strong>Artikel VIII \u2013 Geistiges Eigentum<\/strong><\/h3>\n\n\n\n<p>8.1 Alle Inhalte auf <strong>Nomaden<\/strong>Inhalte wie Artikel, Bilder, Marken und andere kreative Materialien sind durch Gesetze zum Schutz des geistigen Eigentums gesch\u00fctzt.<br>8.2 Ohne vorherige schriftliche Genehmigung von [Name des Unternehmens] d\u00fcrfen Sie keinen Teil des Inhalts kopieren, vervielf\u00e4ltigen, verbreiten oder erneut ver\u00f6ffentlichen. <strong>Nomaden<\/strong>.<br>8.3 F\u00fcr vom Nutzer eingereichte Inhalte bleibt der jeweilige Beitragende verantwortlich. <strong>Nomaden<\/strong> beh\u00e4lt sich das Recht vor, Inhalte zu entfernen, die gegen rechtliche oder ethische Standards versto\u00dfen.<\/p>\n\n\n\n<h3 class=\"wp-block-heading\"><strong>Artikel IX \u2013 \u00c4nderungen der Bedingungen<\/strong><\/h3>\n\n\n\n<p><strong>Nomaden<\/strong> beh\u00e4lt sich das Recht vor, diese Bedingungen oder Dienstleistungen jederzeit und ohne vorherige Ank\u00fcndigung zu aktualisieren, zu \u00e4ndern oder einzustellen.<br>Es liegt in Ihrer Verantwortung, diese Seite regelm\u00e4\u00dfig zu besuchen. Die fortgesetzte Nutzung der Plattform nach \u00c4nderungen gilt als Zustimmung zu den aktualisierten Bedingungen.<\/p>\n\n\n\n<h3 class=\"wp-block-heading\"><strong>Artikel X \u2013 Kontakt<\/strong><\/h3>\n\n\n\n<p>Bei Fragen oder Bedenken bez\u00fcglich dieser Nutzungsbedingungen kontaktieren Sie uns bitte unter:<br><strong><a>https:\/\/nomadorroles.com\/contact<\/a><\/strong><br>E-Mail: <strong><a>info@nomadorroles.com<\/a><\/strong><\/p>\n\n\n\n<p><strong>Falls Sie diesen Bedingungen nicht zustimmen, nutzen Sie bitte weder Nomadorroles noch irgendeinen seiner Dienste.<\/strong><\/p>","protected":false},"excerpt":{"rendered":"<p>Letzte Aktualisierung: 29. Juni 2025. NOMADORROLES (https:\/\/nomadorroles.com) ist eine unabh\u00e4ngige digitale Plattform mit kuratierten Inhalten, Einblicken und Ressourcen f\u00fcr Schauspieler, K\u00fcnstler und Kreativschaffende der darstellenden K\u00fcnste. Mit dem Zugriff auf oder der Nutzung dieser Website erkl\u00e4ren Sie sich mit den nachfolgenden Nutzungsbedingungen und Richtlinien einverstanden. Diese Nutzungsbedingungen definieren die Rechte und [\u2026]<\/p>","protected":false},"author":198,"featured_media":0,"parent":0,"menu_order":0,"comment_status":"closed","ping_status":"closed","template":"","meta":{"footnotes":""},"_links":{"self":[{"href":"https:\/\/nomadorroles.com\/de\/wp-json\/wp\/v2\/pages\/100"}],"collection":[{"href":"https:\/\/nomadorroles.com\/de\/wp-json\/wp\/v2\/pages"}],"about":[{"href":"https:\/\/nomadorroles.com\/de\/wp-json\/wp\/v2\/types\/page"}],"author":[{"embeddable":true,"href":"https:\/\/nomadorroles.com\/de\/wp-json\/wp\/v2\/users\/198"}],"replies":[{"embeddable":true,"href":"https:\/\/nomadorroles.com\/de\/wp-json\/wp\/v2\/comments?post=100"}],"version-history":[{"count":2,"href":"https:\/\/nomadorroles.com\/de\/wp-json\/wp\/v2\/pages\/100\/revisions"}],"predecessor-version":[{"id":522,"href":"https:\/\/nomadorroles.com\/de\/wp-json\/wp\/v2\/pages\/100\/revisions\/522"}],"wp:attachment":[{"href":"https:\/\/nomadorroles.com\/de\/wp-json\/wp\/v2\/media?parent=100"}],"curies":[{"name":"wp","href":"https:\/\/api.w.org\/{rel}","templated":true}]}}