    {"id":103,"date":"2025-06-29T19:11:04","date_gmt":"2025-06-29T19:11:04","guid":{"rendered":"https:\/\/nomadorroles.com\/?page_id=103"},"modified":"2026-03-03T21:53:11","modified_gmt":"2026-03-03T21:53:11","slug":"about-us","status":"publish","type":"page","link":"https:\/\/nomadorroles.com\/de\/about-us\/","title":{"rendered":"\u00dcber uns"},"content":{"rendered":"<h2 class=\"wp-block-heading\"><\/h2>\n\n\n\n<p>Willkommen bei <strong>Nomaden<\/strong> NOMADORROLES ist Ihr strategischer Dreh- und Angelpunkt f\u00fcr Ideen, Umsetzung und Wachstum an der Schnittstelle von Technologie, Kreativit\u00e4t und Performance. Ob Sie eine Marke aufbauen, Kampagnen optimieren, Innovationen erforschen oder Ihre Kreativit\u00e4t weiterentwickeln m\u00f6chten \u2013 NOMADORROLES unterst\u00fctzt Sie auf Ihrem Weg vom Konzept zum messbaren Erfolg.<\/p>\n\n\n\n<h3 class=\"wp-block-heading\">Was uns antreibt<\/h3>\n\n\n\n<p>Wir bei NOMADORROLES glauben, dass modernes Wachstum auf dem Gleichgewicht zwischen Daten und Fantasie beruht. Unsere Mission ist einfach: Wir bieten hochwertige, leicht zug\u00e4ngliche Inhalte, die Fachleuten und Kreativen helfen, ihr Potenzial optimal zu nutzen. <strong>Technologie-, Analyse-, Marken- und Leistungsstrategien<\/strong> Um in einer sich st\u00e4ndig weiterentwickelnden digitalen Landschaft erfolgreich zu sein.<\/p>\n\n\n\n<p>Erfolg h\u00e4ngt heute nicht nur von Kreativit\u00e4t ab \u2013 es geht um Klarheit, Einsicht, Positionierung und kontinuierliche Optimierung.<\/p>\n\n\n\n<h3 class=\"wp-block-heading\">Wer wir sind<\/h3>\n\n\n\n<p>Wir sind ein Team aus Strategen, Kreativen, Analysten und digitalen Vordenkern, die mit Leidenschaft Innovation und Umsetzung verbinden. NOMADORROLES wurde gegr\u00fcndet, um k\u00fchne Ideen mit realen Erfolgen zu verkn\u00fcpfen.<\/p>\n\n\n\n<p>Das bedeutet, wir konzentrieren uns auf Inhalte, die informieren, inspirieren und ausr\u00fcsten \u2013 egal ob Sie Kennzahlen analysieren, Ihre Markenstimme verfeinern, neue Technologien erkunden oder neue kreative Rahmenbedingungen erschlie\u00dfen.<\/p>\n\n\n\n<p>Hier sind Sie mehr als nur ein Leser. Sie sind Teil einer zukunftsorientierten Gemeinschaft, die Wert auf Experimentierfreude, messbares Wachstum und langfristige Wirkung legt.<\/p>\n\n\n\n<h3 class=\"wp-block-heading\">Mach mit!<\/h3>\n\n\n\n<p>Haben Sie eine Meinung zu Branding, Analysen, Performance-Strategien, Technologietrends oder kreativen Prozessen? M\u00f6chten Sie Ihre Erkenntnisse teilen oder ein Thema vertiefen? Wir freuen uns, von Ihnen zu h\u00f6ren.<\/p>\n\n\n\n<p>Bei NOMADORROLES entwickeln sich Ideen durch Zusammenarbeit \u2013 und Ihre Stimme hilft dabei, das Kommende zu gestalten.<\/p>\n\n\n\n<p>Lasst uns intelligentere Systeme, st\u00e4rkere Marken und sinnvollere kreative Arbeit schaffen \u2013 eine Strategie, ein Experiment, ein Durchbruch nach dem anderen.<\/p>","protected":false},"excerpt":{"rendered":"<p>Welcome to NOMADORROLES \u2013 your strategic hub for ideas, execution, and growth at the intersection of technology, creativity, and performance. Whether you&#8217;re building a brand, optimizing campaigns, exploring innovation, or refining your creative edge, NOMADORROLES is here to support your journey from concept to measurable impact. What drives us At NOMADORROLES, we believe modern growth [&hellip;]<\/p>","protected":false},"author":198,"featured_media":0,"parent":0,"menu_order":0,"comment_status":"closed","ping_status":"closed","template":"","meta":{"footnotes":""},"_links":{"self":[{"href":"https:\/\/nomadorroles.com\/de\/wp-json\/wp\/v2\/pages\/103"}],"collection":[{"href":"https:\/\/nomadorroles.com\/de\/wp-json\/wp\/v2\/pages"}],"about":[{"href":"https:\/\/nomadorroles.com\/de\/wp-json\/wp\/v2\/types\/page"}],"author":[{"embeddable":true,"href":"https:\/\/nomadorroles.com\/de\/wp-json\/wp\/v2\/users\/198"}],"replies":[{"embeddable":true,"href":"https:\/\/nomadorroles.com\/de\/wp-json\/wp\/v2\/comments?post=103"}],"version-history":[{"count":2,"href":"https:\/\/nomadorroles.com\/de\/wp-json\/wp\/v2\/pages\/103\/revisions"}],"predecessor-version":[{"id":1094,"href":"https:\/\/nomadorroles.com\/de\/wp-json\/wp\/v2\/pages\/103\/revisions\/1094"}],"wp:attachment":[{"href":"https:\/\/nomadorroles.com\/de\/wp-json\/wp\/v2\/media?parent=103"}],"curies":[{"name":"wp","href":"https:\/\/api.w.org\/{rel}","templated":true}]}}