    {"id":105,"date":"2025-06-29T19:11:49","date_gmt":"2025-06-29T19:11:49","guid":{"rendered":"https:\/\/nomadorroles.com\/?page_id=105"},"modified":"2025-06-29T19:11:49","modified_gmt":"2025-06-29T19:11:49","slug":"contact","status":"publish","type":"page","link":"https:\/\/nomadorroles.com\/de\/contact\/","title":{"rendered":"Kontakt"},"content":{"rendered":"<p>Vielen Dank f\u00fcr Ihren Besuch <strong>Nomaden<\/strong>Ihre vertrauensw\u00fcrdige Plattform f\u00fcr Einblicke in die Schauspielkunst, kreative Weiterentwicklung und berufliches Wachstum in den darstellenden K\u00fcnsten. Wir sch\u00e4tzen Ihre Beitr\u00e4ge sehr und unterst\u00fctzen Sie gerne, vernetzen uns mit Ihnen und arbeiten mit Ihnen zusammen.<\/p>\n\n\n\n<h3 class=\"wp-block-heading\"><strong>Allgemeine Anfragen<\/strong><\/h3>\n\n\n\n<p>Haben Sie eine Frage zu <strong>Nomaden<\/strong> Oder m\u00f6chten Sie einfach nur Kontakt aufnehmen? Schreiben Sie uns eine E-Mail an <strong><a>contact@nomadorroles.com<\/a><\/strong><br>Wir freuen uns \u00fcber R\u00fcckmeldungen aus unserer kreativen Community und melden uns so schnell wie m\u00f6glich bei Ihnen zur\u00fcck.<\/p>\n\n\n\n<h3 class=\"wp-block-heading\"><strong>Inhaltsvorschl\u00e4ge &amp; Beitr\u00e4ge<\/strong><\/h3>\n\n\n\n<p>Haben Sie eine Idee f\u00fcr einen neuen Artikel? M\u00f6chten Sie Ihr Fachwissen teilen, Ihre Geschichte vom Vorsprechen erz\u00e4hlen oder ein Thema vorschlagen, das wir behandeln sollten? Melden Sie sich bei uns! <strong><a>editor@nomadorroles.com<\/a><\/strong><br>Wir sind stets auf der Suche nach authentischen Stimmen und neuen Perspektiven in den Bereichen Schauspiel, Performance und k\u00fcnstlerisches Branding.<\/p>\n\n\n\n<h3 class=\"wp-block-heading\"><strong>Technische Unterst\u00fctzung<\/strong><\/h3>\n\n\n\n<p>Sollten Sie Probleme mit unserer Plattform haben oder Hilfe beim Zugriff auf Inhalte ben\u00f6tigen, z\u00f6gern Sie nicht, uns zu kontaktieren unter <strong><a>support@nomadorroles.com<\/a><\/strong><br>Wir sind hier, um Ihr Erlebnis mit <strong>Nomaden<\/strong> ist harmonisch und inspirierend.<\/p>\n\n\n\n<h3 class=\"wp-block-heading\"><strong>Bleiben Sie in Verbindung<\/strong>D<\/h3>\n\n\n\n<p><strong>Nomaden<\/strong> ist eine digitale Plattform f\u00fcr Schauspieler und K\u00fcnstler weltweit. Wir haben zwar kein festes B\u00fcro, sind aber immer online \u2013 wir h\u00f6ren Ihnen zu, unterst\u00fctzen Sie und wachsen gemeinsam mit Ihnen.<\/p>\n\n\n\n<p>Vielen Dank noch einmal, dass Sie Teil davon waren <strong>Nomaden<\/strong> Wir freuen uns darauf, von Ihnen zu h\u00f6ren!<\/p>\n\n\n\n<p><strong>Herzliche Gr\u00fc\u00dfe,<\/strong><br><strong>Das NOMADORROLES-Team<\/strong><\/p>","protected":false},"excerpt":{"rendered":"<p>Vielen Dank f\u00fcr Ihren Besuch bei NOMADORROLES, Ihrer vertrauensw\u00fcrdigen Plattform f\u00fcr Einblicke in die Schauspielkunst, kreative Weiterentwicklung und berufliches Wachstum in den darstellenden K\u00fcnsten. Wir sch\u00e4tzen Ihre Nachrichten sehr und sind gerne f\u00fcr Sie da, um Sie zu unterst\u00fctzen, mit Ihnen in Kontakt zu treten und zusammenzuarbeiten. Allgemeine Anfragen Haben Sie eine Frage zu NOMADORROLES oder m\u00f6chten Sie einfach Kontakt aufnehmen? Schreiben Sie uns eine E-Mail an contact@nomadorroles.com. Wir freuen uns, von Ihnen zu h\u00f6ren!<\/p>","protected":false},"author":198,"featured_media":0,"parent":0,"menu_order":0,"comment_status":"closed","ping_status":"closed","template":"","meta":{"footnotes":""},"_links":{"self":[{"href":"https:\/\/nomadorroles.com\/de\/wp-json\/wp\/v2\/pages\/105"}],"collection":[{"href":"https:\/\/nomadorroles.com\/de\/wp-json\/wp\/v2\/pages"}],"about":[{"href":"https:\/\/nomadorroles.com\/de\/wp-json\/wp\/v2\/types\/page"}],"author":[{"embeddable":true,"href":"https:\/\/nomadorroles.com\/de\/wp-json\/wp\/v2\/users\/198"}],"replies":[{"embeddable":true,"href":"https:\/\/nomadorroles.com\/de\/wp-json\/wp\/v2\/comments?post=105"}],"version-history":[{"count":1,"href":"https:\/\/nomadorroles.com\/de\/wp-json\/wp\/v2\/pages\/105\/revisions"}],"predecessor-version":[{"id":106,"href":"https:\/\/nomadorroles.com\/de\/wp-json\/wp\/v2\/pages\/105\/revisions\/106"}],"wp:attachment":[{"href":"https:\/\/nomadorroles.com\/de\/wp-json\/wp\/v2\/media?parent=105"}],"curies":[{"name":"wp","href":"https:\/\/api.w.org\/{rel}","templated":true}]}}