    {"id":100,"date":"2025-06-29T19:10:31","date_gmt":"2025-06-29T19:10:31","guid":{"rendered":"https:\/\/nomadorroles.com\/?page_id=100"},"modified":"2025-10-23T14:52:55","modified_gmt":"2025-10-23T14:52:55","slug":"terms-of-use","status":"publish","type":"page","link":"https:\/\/nomadorroles.com\/es\/terms-of-use\/","title":{"rendered":"Condiciones de uso"},"content":{"rendered":"<p><strong>\u00daltima actualizaci\u00f3n: 29 de junio de 2025<\/strong><\/p>\n\n\n\n<p><strong>NOMADORROLES<\/strong> (<a class=\"\" href=\"https:\/\/nomadorroles.com\/es\/\">https:\/\/nomadorroles.com<\/a>) opera como una plataforma digital independiente que ofrece contenido seleccionado, perspectivas y recursos para actores, artistas y profesionales creativos de las artes esc\u00e9nicas. Al acceder o utilizar este sitio web, usted acepta los t\u00e9rminos, condiciones y pol\u00edticas que se describen a continuaci\u00f3n.<\/p>\n\n\n\n<p>Estos T\u00e9rminos de uso definen los derechos y responsabilidades de los usuarios que interact\u00faan con el sitio. <strong>NOMADORROLES<\/strong> Plataforma. El uso de este sitio web tambi\u00e9n est\u00e1 sujeto a nuestra Pol\u00edtica de Privacidad.<\/p>\n\n\n\n<p><strong>LEA ESTOS T\u00c9RMINOS DETENIDAMENTE. SI NO EST\u00c1 DE ACUERDO CON ELLOS, NO UTILICE NOMADORROLES NI NINGUNO DE SUS SERVICIOS.<\/strong><\/p>\n\n\n\n<h3 class=\"wp-block-heading\"><strong>Art\u00edculo I \u2013 Acuerdo de usuario<\/strong><\/h3>\n\n\n\n<p>1.1 Mediante el uso <strong>NOMADORROLES<\/strong>, usted confirma su plena aceptaci\u00f3n de estos T\u00e9rminos de Uso y nuestra Pol\u00edtica de Privacidad.<br>1.2 Debe tener al menos 18 a\u00f1os o tener capacidad legal en su jurisdicci\u00f3n para utilizar esta plataforma.<br>1.3 Si no cumple con estas condiciones o no est\u00e1 de acuerdo con alguna parte de estos t\u00e9rminos, no podr\u00e1 acceder ni utilizar nuestros servicios.<\/p>\n\n\n\n<h3 class=\"wp-block-heading\"><strong>Art\u00edculo II \u2013 Comunicaci\u00f3n<\/strong><\/h3>\n\n\n\n<p>2.1 <strong>NOMADORROLES<\/strong> Proporciona canales de comunicaci\u00f3n para que los usuarios hagan preguntas, env\u00eden sugerencias o informen problemas t\u00e9cnicos.<br>2.2 Puede ponerse en contacto con nosotros a trav\u00e9s de nuestra p\u00e1gina de contacto o a trav\u00e9s de las direcciones de correo electr\u00f3nico designadas que figuran all\u00ed.<\/p>\n\n\n\n<h3 class=\"wp-block-heading\"><strong>Art\u00edculo III \u2013 Responsabilidades de las Partes<\/strong><\/h3>\n\n\n\n<p>3.1 Los usuarios deben aceptar y cumplir estos T\u00e9rminos de uso y la Pol\u00edtica de privacidad al interactuar con <strong>NOMADORROLES<\/strong> contenido o servicios.<br>3.2 La plataforma puede incluir enlaces a sitios web de terceros con fines de referencia o informativos. Estos enlaces se proporcionan \u00fanicamente para su comodidad.<br>3.3 Una vez redirigido, estar\u00e1 sujeto a las pol\u00edticas del sitio de terceros. <strong>NOMADORROLES<\/strong> no es responsable de la precisi\u00f3n, seguridad o pr\u00e1cticas de sitios externos.<br>3.4 Los usuarios son los \u00fanicos responsables de proteger su conexi\u00f3n a Internet, sus dispositivos y el acceso a su cuenta mientras utilizan <strong>NOMADORROLES<\/strong>.<br>3.5 <strong>NOMADORROLES<\/strong> no es responsable de ning\u00fan da\u00f1o resultante de fallas t\u00e9cnicas, acceso no autorizado o mal uso de la plataforma fuera de nuestro control.<br>3.6 Nunca solicitaremos transferencias bancarias, datos confidenciales o informaci\u00f3n personal sensible a trav\u00e9s de canales no oficiales.<br>3.7 Cualquier actividad sospechosa o mensajes que afirmen provenir de <strong>NOMADORROLES<\/strong> Debe informarse inmediatamente a trav\u00e9s de nuestra p\u00e1gina de contacto.<\/p>\n\n\n\n<h3 class=\"wp-block-heading\"><strong>Art\u00edculo IV \u2013 Conducta prohibida<\/strong><\/h3>\n\n\n\n<p>Los usuarios tienen estrictamente prohibido:<\/p>\n\n\n\n<ul>\n<li>Participar en conductas ilegales, enga\u00f1osas o maliciosas;<\/li>\n\n\n\n<li>Violar derechos de propiedad intelectual o leyes de privacidad;<\/li>\n\n\n\n<li>Cargar o distribuir virus, malware o c\u00f3digos da\u00f1inos;<\/li>\n\n\n\n<li>Suplantar la identidad de personas u organizaciones;<\/li>\n\n\n\n<li>Recopilaci\u00f3n de datos personales sin consentimiento;<\/li>\n\n\n\n<li>Compartir contenido no autorizado, enga\u00f1oso o difamatorio;<\/li>\n\n\n\n<li>Acosar o amenazar a otros;<\/li>\n\n\n\n<li>Intentar piratear, manipular o interrumpir las operaciones de la plataforma.<\/li>\n<\/ul>\n\n\n\n<p>La violaci\u00f3n de estos t\u00e9rminos puede resultar en la suspensi\u00f3n o terminaci\u00f3n permanente del acceso a <strong>NOMADORROLES<\/strong>, con o sin previo aviso.<\/p>\n\n\n\n<h3 class=\"wp-block-heading\"><strong>Art\u00edculo V \u2013 Limitaci\u00f3n de responsabilidad y garant\u00edas<\/strong><\/h3>\n\n\n\n<p><strong>NOMADORROLES<\/strong> proporciona sus servicios y contenidos \u201ctal cual\u201d y \u201cseg\u00fan disponibilidad\u201d, sin ninguna garant\u00eda expresa o impl\u00edcita.<br>No garantizamos acceso ininterrumpido, contenido libre de errores o que toda la informaci\u00f3n est\u00e9 actualizada o sea adecuada a sus necesidades.<br>En la m\u00e1xima medida permitida por la ley, <strong>NOMADORROLES<\/strong> se exime de toda responsabilidad por da\u00f1os directos, indirectos, incidentales o consecuentes que surjan del uso de este sitio o su contenido.<\/p>\n\n\n\n<h3 class=\"wp-block-heading\"><strong>Art\u00edculo VI \u2013 Plazo y plazo legal<\/strong><\/h3>\n\n\n\n<p>Estos T\u00e9rminos de Uso tienen una vigencia indefinida. Cualquier acci\u00f3n legal o disputa relacionada con la plataforma deber\u00e1 iniciarse dentro de los 90 (noventa) d\u00edas siguientes al evento que dio lugar a la reclamaci\u00f3n.<\/p>\n\n\n\n<h3 class=\"wp-block-heading\"><strong>Art\u00edculo VII \u2013 Ley aplicable y jurisdicci\u00f3n<\/strong><\/h3>\n\n\n\n<p>Estos T\u00e9rminos de uso se regir\u00e1n e interpretar\u00e1n de conformidad con las <strong>leyes de la Rep\u00fablica de Estonia<\/strong>Cualquier disputa, controversia o reclamaci\u00f3n que surja de o est\u00e9 relacionada con estos T\u00e9rminos o el uso de este sitio web se resolver\u00e1 de conformidad con la legislaci\u00f3n de Estonia, bajo el <strong>Jurisdicci\u00f3n exclusiva de los tribunales ubicados en Tallin, Estonia<\/strong>.<br>Esta cl\u00e1usula garantiza la transparencia jur\u00eddica y la alineaci\u00f3n con las mejores pr\u00e1cticas de cumplimiento internacional, tal como lo establece la legislaci\u00f3n de Estonia. <em>Ley de Derecho de Obligaciones<\/em> y <em>Ley de Derecho Internacional Privado<\/em>.<\/p>\n\n\n\n<h3 class=\"wp-block-heading\"><strong>Art\u00edculo VIII \u2013 Propiedad intelectual<\/strong><\/h3>\n\n\n\n<p>8.1 Todo el contenido de <strong>NOMADORROLES<\/strong>, incluidos art\u00edculos, im\u00e1genes, marcas y otros materiales creativos, est\u00e1 protegido por las leyes de propiedad intelectual.<br>8.2 No puede copiar, reproducir, distribuir ni republicar ninguna parte del contenido sin el permiso previo por escrito de <strong>NOMADORROLES<\/strong>.<br>8.3 El contenido enviado por el usuario sigue siendo responsabilidad del colaborador. <strong>NOMADORROLES<\/strong> se reserva el derecho de eliminar cualquier contenido que viole los est\u00e1ndares legales o \u00e9ticos.<\/p>\n\n\n\n<h3 class=\"wp-block-heading\"><strong>Art\u00edculo IX \u2013 Modificaciones a los T\u00e9rminos<\/strong><\/h3>\n\n\n\n<p><strong>NOMADORROLES<\/strong> se reserva el derecho de actualizar, modificar o discontinuar cualquier parte de estos T\u00e9rminos o servicios en cualquier momento, sin previo aviso.<br>Es su responsabilidad revisar esta p\u00e1gina peri\u00f3dicamente. El uso continuado de la plataforma despu\u00e9s de los cambios implica la aceptaci\u00f3n de los t\u00e9rminos actualizados.<\/p>\n\n\n\n<h3 class=\"wp-block-heading\"><strong>Art\u00edculo X \u2013 Contacto<\/strong><\/h3>\n\n\n\n<p>Para cualquier pregunta o inquietud relacionada con estos T\u00e9rminos de uso, cont\u00e1ctenos a:<br><strong><a>https:\/\/nomadorroles.com\/contact<\/a><\/strong><br>Correo electr\u00f3nico: <strong><a>info@nomadorroles.com<\/a><\/strong><\/p>\n\n\n\n<p><strong>SI NO EST\u00c1 DE ACUERDO CON ESTOS T\u00c9RMINOS, NO USE NOMADORROLES NI NINGUNO DE SUS SERVICIOS.<\/strong><\/p>","protected":false},"excerpt":{"rendered":"<p>\u00daltima actualizaci\u00f3n: 29 de junio de 2025. NOMADORROLES (https:\/\/nomadorroles.com) opera como una plataforma digital independiente que ofrece contenido seleccionado, perspectivas y recursos para actores, artistas y profesionales creativos de las artes esc\u00e9nicas. Al acceder o utilizar este sitio web, usted acepta los t\u00e9rminos, condiciones y pol\u00edticas que se describen a continuaci\u00f3n. Estos T\u00e9rminos de Uso definen los derechos y [\u2026]<\/p>","protected":false},"author":198,"featured_media":0,"parent":0,"menu_order":0,"comment_status":"closed","ping_status":"closed","template":"","meta":{"footnotes":""},"_links":{"self":[{"href":"https:\/\/nomadorroles.com\/es\/wp-json\/wp\/v2\/pages\/100"}],"collection":[{"href":"https:\/\/nomadorroles.com\/es\/wp-json\/wp\/v2\/pages"}],"about":[{"href":"https:\/\/nomadorroles.com\/es\/wp-json\/wp\/v2\/types\/page"}],"author":[{"embeddable":true,"href":"https:\/\/nomadorroles.com\/es\/wp-json\/wp\/v2\/users\/198"}],"replies":[{"embeddable":true,"href":"https:\/\/nomadorroles.com\/es\/wp-json\/wp\/v2\/comments?post=100"}],"version-history":[{"count":2,"href":"https:\/\/nomadorroles.com\/es\/wp-json\/wp\/v2\/pages\/100\/revisions"}],"predecessor-version":[{"id":522,"href":"https:\/\/nomadorroles.com\/es\/wp-json\/wp\/v2\/pages\/100\/revisions\/522"}],"wp:attachment":[{"href":"https:\/\/nomadorroles.com\/es\/wp-json\/wp\/v2\/media?parent=100"}],"curies":[{"name":"wp","href":"https:\/\/api.w.org\/{rel}","templated":true}]}}