    {"id":103,"date":"2025-06-29T19:11:04","date_gmt":"2025-06-29T19:11:04","guid":{"rendered":"https:\/\/nomadorroles.com\/?page_id=103"},"modified":"2026-03-03T21:53:11","modified_gmt":"2026-03-03T21:53:11","slug":"about-us","status":"publish","type":"page","link":"https:\/\/nomadorroles.com\/es\/about-us\/","title":{"rendered":"Sobre nosotros"},"content":{"rendered":"<h2 class=\"wp-block-heading\"><\/h2>\n\n\n\n<p>Bienvenido a <strong>NOMADORROLES<\/strong> Tu centro estrat\u00e9gico para ideas, ejecuci\u00f3n y crecimiento en la intersecci\u00f3n de tecnolog\u00eda, creatividad y rendimiento. Ya sea que est\u00e9s construyendo una marca, optimizando campa\u00f1as, explorando la innovaci\u00f3n o perfeccionando tu creatividad, NOMADORROLES est\u00e1 aqu\u00ed para apoyarte en tu camino desde el concepto hasta el impacto medible.<\/p>\n\n\n\n<h3 class=\"wp-block-heading\">\u00bfQu\u00e9 nos motiva?<\/h3>\n\n\n\n<p>En NOMADORROLES, creemos que el crecimiento moderno se basa en el equilibrio entre los datos y la imaginaci\u00f3n. Nuestra misi\u00f3n es simple: ofrecer contenido accesible y de alta calidad que ayude a profesionales y creadores a aprovechar... <strong>Tecnolog\u00eda, an\u00e1lisis, marca y estrategias de rendimiento<\/strong> prosperar en un panorama digital en evoluci\u00f3n.<\/p>\n\n\n\n<p>Hoy en d\u00eda, el \u00e9xito no se trata s\u00f3lo de creatividad: se trata de claridad, conocimiento, posicionamiento y optimizaci\u00f3n continua.<\/p>\n\n\n\n<h3 class=\"wp-block-heading\">Quienes somos<\/h3>\n\n\n\n<p>Somos un equipo de estrategas, creadores, analistas y pensadores digitales apasionados por conectar la innovaci\u00f3n con la ejecuci\u00f3n. NOMADORROLES se cre\u00f3 para conectar ideas audaces con resultados reales.<\/p>\n\n\n\n<p>Eso significa que nos centramos en contenido que informa, inspira y equipa, ya sea que est\u00e9 analizando m\u00e9tricas, refinando la voz de su marca, explorando tecnolog\u00edas emergentes o desbloqueando nuevos marcos creativos.<\/p>\n\n\n\n<p>Aqu\u00ed eres m\u00e1s que un lector. Formas parte de una comunidad vanguardista que valora la experimentaci\u00f3n, el crecimiento medible y el impacto a largo plazo.<\/p>\n\n\n\n<h3 class=\"wp-block-heading\">Complicarse<\/h3>\n\n\n\n<p>\u00bfTienes una perspectiva sobre branding, anal\u00edtica, estrategia de rendimiento, tendencias tecnol\u00f3gicas o procesos creativos? \u00bfQuieres compartir tus ideas o profundizar en un tema? Nos encantar\u00eda saber de ti.<\/p>\n\n\n\n<p>En NOMADORROLES, las ideas evolucionan a trav\u00e9s de la colaboraci\u00f3n, y su voz ayuda a dar forma a lo que viene despu\u00e9s.<\/p>\n\n\n\n<p>Construyamos sistemas m\u00e1s inteligentes, marcas m\u00e1s fuertes y un trabajo creativo m\u00e1s significativo: una estrategia, un experimento, un avance a la vez.<\/p>","protected":false},"excerpt":{"rendered":"<p>Bienvenido a NOMADORROLES: tu centro estrat\u00e9gico para ideas, ejecuci\u00f3n y crecimiento en la intersecci\u00f3n de la tecnolog\u00eda, la creatividad y el rendimiento. Ya sea que est\u00e9s construyendo una marca, optimizando campa\u00f1as, explorando la innovaci\u00f3n o perfeccionando tu ventaja creativa, NOMADORROLES est\u00e1 aqu\u00ed para apoyarte en tu camino desde el concepto hasta el impacto medible. \u00bfQu\u00e9 nos impulsa? En NOMADORROLES, creemos que el crecimiento moderno [\u2026]<\/p>","protected":false},"author":198,"featured_media":0,"parent":0,"menu_order":0,"comment_status":"closed","ping_status":"closed","template":"","meta":{"footnotes":""},"_links":{"self":[{"href":"https:\/\/nomadorroles.com\/es\/wp-json\/wp\/v2\/pages\/103"}],"collection":[{"href":"https:\/\/nomadorroles.com\/es\/wp-json\/wp\/v2\/pages"}],"about":[{"href":"https:\/\/nomadorroles.com\/es\/wp-json\/wp\/v2\/types\/page"}],"author":[{"embeddable":true,"href":"https:\/\/nomadorroles.com\/es\/wp-json\/wp\/v2\/users\/198"}],"replies":[{"embeddable":true,"href":"https:\/\/nomadorroles.com\/es\/wp-json\/wp\/v2\/comments?post=103"}],"version-history":[{"count":2,"href":"https:\/\/nomadorroles.com\/es\/wp-json\/wp\/v2\/pages\/103\/revisions"}],"predecessor-version":[{"id":1094,"href":"https:\/\/nomadorroles.com\/es\/wp-json\/wp\/v2\/pages\/103\/revisions\/1094"}],"wp:attachment":[{"href":"https:\/\/nomadorroles.com\/es\/wp-json\/wp\/v2\/media?parent=103"}],"curies":[{"name":"wp","href":"https:\/\/api.w.org\/{rel}","templated":true}]}}