    {"id":105,"date":"2025-06-29T19:11:49","date_gmt":"2025-06-29T19:11:49","guid":{"rendered":"https:\/\/nomadorroles.com\/?page_id=105"},"modified":"2025-06-29T19:11:49","modified_gmt":"2025-06-29T19:11:49","slug":"contact","status":"publish","type":"page","link":"https:\/\/nomadorroles.com\/es\/contact\/","title":{"rendered":"Contacto"},"content":{"rendered":"<p>Gracias por visitarnos <strong>NOMADORROLES<\/strong>Tu plataforma de confianza para aprender sobre actuaci\u00f3n, desarrollo creativo y crecimiento profesional en las artes esc\u00e9nicas. Valoramos mucho tus mensajes y estamos aqu\u00ed para apoyarte, conectarte y colaborar contigo.<\/p>\n\n\n\n<h3 class=\"wp-block-heading\"><strong>Consultas generales<\/strong><\/h3>\n\n\n\n<p>\u00bfTienes alguna pregunta sobre? <strong>NOMADORROLES<\/strong> \u00bfO simplemente quieres contactarnos? Env\u00edanos un correo electr\u00f3nico a <strong><a>contacto@nomadorroles.com<\/a><\/strong><br>Nos encanta recibir noticias de nuestra comunidad creativa y nos comunicaremos con usted lo antes posible.<\/p>\n\n\n\n<h3 class=\"wp-block-heading\"><strong>Sugerencias y contribuciones de contenido<\/strong><\/h3>\n\n\n\n<p>\u00bfTienes una idea para un nuevo art\u00edculo? \u00bfQuieres compartir tu experiencia, una historia sobre una audici\u00f3n o sugerir un tema que deber\u00edamos explorar? Cont\u00e1ctanos. <strong><a>editor@nomadorroles.com<\/a><\/strong><br>Siempre estamos buscando voces aut\u00e9nticas y perspectivas frescas en la actuaci\u00f3n, el performance y la marca art\u00edstica.<\/p>\n\n\n\n<h3 class=\"wp-block-heading\"><strong>Apoyo t\u00e9cnico<\/strong><\/h3>\n\n\n\n<p>Si tiene alg\u00fan problema con nuestra plataforma o necesita ayuda para acceder al contenido, no dude en contactarnos en <strong><a>soporte@nomadorroles.com<\/a><\/strong><br>Estamos aqu\u00ed para garantizar su experiencia con <strong>NOMADORROLES<\/strong> Es suave e inspirador.<\/p>\n\n\n\n<h3 class=\"wp-block-heading\"><strong>Mantente conectado<\/strong>d<\/h3>\n\n\n\n<p><strong>NOMADORROLES<\/strong> Es una plataforma digital dise\u00f1ada para actores e int\u00e9rpretes de todo el mundo. Si bien no operamos desde una oficina f\u00edsica, siempre estamos en l\u00ednea, listos para escucharte, apoyarte y crecer contigo.<\/p>\n\n\n\n<p>Gracias nuevamente por ser parte de la <strong>NOMADORROLES<\/strong> Comunidad. \u00a1Esperamos saber de usted!<\/p>\n\n\n\n<p><strong>Un cordial saludo,<\/strong><br><strong>El equipo de NOMADORROLES<\/strong><\/p>","protected":false},"excerpt":{"rendered":"<p>Thank you for visiting NOMADORROLES, your trusted platform for acting insights, creative development, and professional growth in the performing arts. We truly value your messages and are here to support, connect, and collaborate with you. General Inquiries Have a question about NOMADORROLES or just want to reach out? Email us at contact@nomadorroles.comWe love hearing from [&hellip;]<\/p>","protected":false},"author":198,"featured_media":0,"parent":0,"menu_order":0,"comment_status":"closed","ping_status":"closed","template":"","meta":{"footnotes":""},"_links":{"self":[{"href":"https:\/\/nomadorroles.com\/es\/wp-json\/wp\/v2\/pages\/105"}],"collection":[{"href":"https:\/\/nomadorroles.com\/es\/wp-json\/wp\/v2\/pages"}],"about":[{"href":"https:\/\/nomadorroles.com\/es\/wp-json\/wp\/v2\/types\/page"}],"author":[{"embeddable":true,"href":"https:\/\/nomadorroles.com\/es\/wp-json\/wp\/v2\/users\/198"}],"replies":[{"embeddable":true,"href":"https:\/\/nomadorroles.com\/es\/wp-json\/wp\/v2\/comments?post=105"}],"version-history":[{"count":1,"href":"https:\/\/nomadorroles.com\/es\/wp-json\/wp\/v2\/pages\/105\/revisions"}],"predecessor-version":[{"id":106,"href":"https:\/\/nomadorroles.com\/es\/wp-json\/wp\/v2\/pages\/105\/revisions\/106"}],"wp:attachment":[{"href":"https:\/\/nomadorroles.com\/es\/wp-json\/wp\/v2\/media?parent=105"}],"curies":[{"name":"wp","href":"https:\/\/api.w.org\/{rel}","templated":true}]}}