    {"id":100,"date":"2025-06-29T19:10:31","date_gmt":"2025-06-29T19:10:31","guid":{"rendered":"https:\/\/nomadorroles.com\/?page_id=100"},"modified":"2025-10-23T14:52:55","modified_gmt":"2025-10-23T14:52:55","slug":"terms-of-use","status":"publish","type":"page","link":"https:\/\/nomadorroles.com\/fr\/terms-of-use\/","title":{"rendered":"Conditions d&#039;utilisation"},"content":{"rendered":"<p><strong>Derni\u00e8re mise \u00e0 jour\u00a0: 29 juin 2025<\/strong><\/p>\n\n\n\n<p><strong>R\u00d4LES NOMADES<\/strong> (<a class=\"\" href=\"https:\/\/nomadorroles.com\/fr\/\">https:\/\/nomadorroles.com<\/a>) est une plateforme num\u00e9rique ind\u00e9pendante proposant du contenu, des informations et des ressources s\u00e9lectionn\u00e9s pour les acteurs, les artistes et les professionnels de la cr\u00e9ation des arts du spectacle. En acc\u00e9dant \u00e0 ce site web ou en l&#039;utilisant, vous acceptez de respecter les conditions g\u00e9n\u00e9rales et les politiques d\u00e9crites ci-dessous.<\/p>\n\n\n\n<p>Ces conditions d&#039;utilisation d\u00e9finissent les droits et responsabilit\u00e9s des utilisateurs interagissant avec le <strong>R\u00d4LES NOMADES<\/strong> plateforme. L&#039;utilisation de ce site Web est \u00e9galement soumise \u00e0 notre politique de confidentialit\u00e9.<\/p>\n\n\n\n<p><strong>VEUILLEZ LIRE ATTENTIVEMENT CES CONDITIONS. SI VOUS N&#039;\u00caTES PAS D&#039;ACCORD AVEC CELLES-CI, VEUILLEZ NE PAS UTILISER NOMADORROLES NI AUCUN DE SES SERVICES.<\/strong><\/p>\n\n\n\n<h3 class=\"wp-block-heading\"><strong>Article I \u2013 Contrat d&#039;utilisation<\/strong><\/h3>\n\n\n\n<p>1.1 En utilisant <strong>R\u00d4LES NOMADES<\/strong>, vous confirmez votre acceptation pleine et enti\u00e8re des pr\u00e9sentes Conditions d&#039;utilisation et de notre Politique de confidentialit\u00e9.<br>1.2 Vous devez avoir au moins 18 ans ou avoir la capacit\u00e9 juridique dans votre juridiction pour utiliser cette plateforme.<br>1.3 Si vous ne respectez pas ces conditions ou n&#039;\u00eates pas d&#039;accord avec une partie quelconque de ces termes, vous ne pouvez pas acc\u00e9der \u00e0 nos services ni les utiliser.<\/p>\n\n\n\n<h3 class=\"wp-block-heading\"><strong>Article II \u2013 Communication<\/strong><\/h3>\n\n\n\n<p>2.1 <strong>R\u00d4LES NOMADES<\/strong> fournit des canaux de communication permettant aux utilisateurs de poser des questions, d&#039;envoyer des suggestions ou de signaler des probl\u00e8mes techniques.<br>2.2 Vous pouvez nous contacter via notre page Contact ou via les adresses e-mail d\u00e9sign\u00e9es qui y sont r\u00e9pertori\u00e9es.<\/p>\n\n\n\n<h3 class=\"wp-block-heading\"><strong>Article III \u2013 Responsabilit\u00e9s des Parties<\/strong><\/h3>\n\n\n\n<p>3.1 Les utilisateurs doivent accepter et se conformer aux pr\u00e9sentes conditions d&#039;utilisation et \u00e0 la politique de confidentialit\u00e9 lorsqu&#039;ils interagissent avec <strong>R\u00d4LES NOMADES<\/strong> contenu ou services.<br>3.2 La plateforme peut inclure des liens vers des sites web tiers \u00e0 titre de r\u00e9f\u00e9rence ou d&#039;information. Ces liens sont fournis uniquement \u00e0 titre indicatif.<br>3.3 Une fois redirig\u00e9, vous \u00eates soumis aux politiques du site tiers. <strong>R\u00d4LES NOMADES<\/strong> n&#039;est pas responsable de l&#039;exactitude, de la s\u00e9curit\u00e9 ou des pratiques des sites externes.<br>3.4 Les utilisateurs sont seuls responsables de la s\u00e9curisation de leur connexion Internet, de leurs appareils et de l&#039;acc\u00e8s \u00e0 leur compte lors de l&#039;utilisation <strong>R\u00d4LES NOMADES<\/strong>.<br>3.5 <strong>R\u00d4LES NOMADES<\/strong> n&#039;est pas responsable des dommages r\u00e9sultant de d\u00e9faillances techniques, d&#039;un acc\u00e8s non autoris\u00e9 ou d&#039;une mauvaise utilisation de la plateforme hors de notre contr\u00f4le.<br>3.6 Nous ne demanderons jamais de virements bancaires, de donn\u00e9es confidentielles ou d&#039;informations personnelles sensibles via des canaux non officiels.<br>3.7 Toute activit\u00e9 suspecte ou tout message pr\u00e9tendant provenir de <strong>R\u00d4LES NOMADES<\/strong> doit \u00eatre signal\u00e9 imm\u00e9diatement via notre page de contact.<\/p>\n\n\n\n<h3 class=\"wp-block-heading\"><strong>Article IV \u2013 Conduite interdite<\/strong><\/h3>\n\n\n\n<p>Il est strictement interdit aux utilisateurs de :<\/p>\n\n\n\n<ul>\n<li>Adopter un comportement ill\u00e9gal, trompeur ou malveillant\u00a0;<\/li>\n\n\n\n<li>Violation des droits de propri\u00e9t\u00e9 intellectuelle ou des lois sur la confidentialit\u00e9\u00a0;<\/li>\n\n\n\n<li>T\u00e9l\u00e9chargement ou distribution de virus, de logiciels malveillants ou de codes nuisibles\u00a0;<\/li>\n\n\n\n<li>Usurper l\u2019identit\u00e9 d\u2019individus ou d\u2019organisations ;<\/li>\n\n\n\n<li>Collecte de donn\u00e9es personnelles sans consentement ;<\/li>\n\n\n\n<li>Partage de contenu non autoris\u00e9, trompeur ou diffamatoire\u00a0;<\/li>\n\n\n\n<li>Harceler ou menacer autrui ;<\/li>\n\n\n\n<li>Tenter de pirater, de manipuler ou de perturber les op\u00e9rations de la plateforme.<\/li>\n<\/ul>\n\n\n\n<p>La violation de ces conditions peut entra\u00eener la suspension ou la r\u00e9siliation d\u00e9finitive de l&#039;acc\u00e8s \u00e0 <strong>R\u00d4LES NOMADES<\/strong>, avec ou sans pr\u00e9avis.<\/p>\n\n\n\n<h3 class=\"wp-block-heading\"><strong>Article V \u2013 Limitation de responsabilit\u00e9 et garanties<\/strong><\/h3>\n\n\n\n<p><strong>R\u00d4LES NOMADES<\/strong> fournit ses services et son contenu \u00ab tels quels \u00bb et \u00ab tels que disponibles \u00bb, sans aucune garantie expresse ou implicite.<br>Nous ne garantissons pas un acc\u00e8s ininterrompu, un contenu sans erreur ou que toutes les informations sont \u00e0 jour ou adapt\u00e9es \u00e0 vos besoins.<br>Dans toute la mesure permise par la loi, <strong>R\u00d4LES NOMADES<\/strong> d\u00e9cline toute responsabilit\u00e9 pour les dommages directs, indirects, accessoires ou cons\u00e9cutifs d\u00e9coulant de l&#039;utilisation de ce site ou de son contenu.<\/p>\n\n\n\n<h3 class=\"wp-block-heading\"><strong>Article VI \u2013 Dur\u00e9e et d\u00e9lai l\u00e9gal<\/strong><\/h3>\n\n\n\n<p>Les pr\u00e9sentes Conditions d&#039;utilisation sont valables ind\u00e9finiment. Toute action en justice ou tout litige relatif \u00e0 la plateforme doit \u00eatre intent\u00e9 dans les 90 (quatre-vingt-dix) jours suivant l&#039;\u00e9v\u00e9nement \u00e0 l&#039;origine de la r\u00e9clamation.<\/p>\n\n\n\n<h3 class=\"wp-block-heading\"><strong>Article VII \u2013 Loi applicable et juridiction<\/strong><\/h3>\n\n\n\n<p>Les pr\u00e9sentes conditions d&#039;utilisation seront r\u00e9gies et interpr\u00e9t\u00e9es conform\u00e9ment aux <strong>lois de la R\u00e9publique d&#039;Estonie<\/strong>Tout litige, controverse ou r\u00e9clamation d\u00e9coulant de ou li\u00e9 aux pr\u00e9sentes Conditions ou \u00e0 l&#039;utilisation de ce site Web sera r\u00e9solu conform\u00e9ment au droit estonien, en vertu de la <strong>comp\u00e9tence exclusive des tribunaux situ\u00e9s \u00e0 Tallinn, Estonie<\/strong>.<br>Cette clause garantit la transparence juridique et l&#039;alignement sur les meilleures pratiques internationales en mati\u00e8re de conformit\u00e9, telles que pr\u00e9vues par la l\u00e9gislation estonienne. <em>Loi sur le droit des obligations<\/em> et <em>Loi sur le droit international priv\u00e9<\/em>.<\/p>\n\n\n\n<h3 class=\"wp-block-heading\"><strong>Article VIII \u2013 Propri\u00e9t\u00e9 intellectuelle<\/strong><\/h3>\n\n\n\n<p>8.1 Tout le contenu sur <strong>R\u00d4LES NOMADES<\/strong>, y compris les articles, les images, les marques et autres \u00e9l\u00e9ments cr\u00e9atifs, sont prot\u00e9g\u00e9s par les lois sur la propri\u00e9t\u00e9 intellectuelle.<br>8.2 Vous ne pouvez pas copier, reproduire, distribuer ou republier une partie du contenu sans l&#039;autorisation \u00e9crite pr\u00e9alable de <strong>R\u00d4LES NOMADES<\/strong>.<br>8.3 Le contenu soumis par l&#039;utilisateur reste sous la responsabilit\u00e9 du contributeur. <strong>R\u00d4LES NOMADES<\/strong> se r\u00e9serve le droit de supprimer tout contenu qui viole les normes l\u00e9gales ou \u00e9thiques.<\/p>\n\n\n\n<h3 class=\"wp-block-heading\"><strong>Article IX \u2013 Modifications des Conditions<\/strong><\/h3>\n\n\n\n<p><strong>R\u00d4LES NOMADES<\/strong> se r\u00e9serve le droit de mettre \u00e0 jour, de modifier ou d&#039;interrompre toute partie de ces Conditions ou services \u00e0 tout moment, sans pr\u00e9avis.<br>Il est de votre responsabilit\u00e9 de consulter r\u00e9guli\u00e8rement cette page. L&#039;utilisation continue de la plateforme apr\u00e8s modification vaut acceptation des conditions mises \u00e0 jour.<\/p>\n\n\n\n<h3 class=\"wp-block-heading\"><strong>Article X \u2013 Contact<\/strong><\/h3>\n\n\n\n<p>Pour toute question ou pr\u00e9occupation relative aux pr\u00e9sentes conditions d&#039;utilisation, veuillez nous contacter \u00e0 l&#039;adresse suivante\u00a0:<br><strong><a>https:\/\/nomadorroles.com\/contact<\/a><\/strong><br>E-mail: <strong><a>info@nomadorroles.com<\/a><\/strong><\/p>\n\n\n\n<p><strong>SI VOUS N&#039;\u00caTES PAS D&#039;ACCORD AVEC CES CONDITIONS, VEUILLEZ NE PAS UTILISER NOMADORROLES NI AUCUN DE SES SERVICES.<\/strong><\/p>","protected":false},"excerpt":{"rendered":"<p>Last updated: June 29, 2025 NOMADORROLES (https:\/\/nomadorroles.com) operates as an independent digital platform offering curated content, insights, and resources for actors, performers, and creative professionals in the performing arts. By accessing or using this website, you agree to abide by the terms, conditions, and policies outlined below. These Terms of Use define the rights and [&hellip;]<\/p>","protected":false},"author":198,"featured_media":0,"parent":0,"menu_order":0,"comment_status":"closed","ping_status":"closed","template":"","meta":{"footnotes":""},"_links":{"self":[{"href":"https:\/\/nomadorroles.com\/fr\/wp-json\/wp\/v2\/pages\/100"}],"collection":[{"href":"https:\/\/nomadorroles.com\/fr\/wp-json\/wp\/v2\/pages"}],"about":[{"href":"https:\/\/nomadorroles.com\/fr\/wp-json\/wp\/v2\/types\/page"}],"author":[{"embeddable":true,"href":"https:\/\/nomadorroles.com\/fr\/wp-json\/wp\/v2\/users\/198"}],"replies":[{"embeddable":true,"href":"https:\/\/nomadorroles.com\/fr\/wp-json\/wp\/v2\/comments?post=100"}],"version-history":[{"count":2,"href":"https:\/\/nomadorroles.com\/fr\/wp-json\/wp\/v2\/pages\/100\/revisions"}],"predecessor-version":[{"id":522,"href":"https:\/\/nomadorroles.com\/fr\/wp-json\/wp\/v2\/pages\/100\/revisions\/522"}],"wp:attachment":[{"href":"https:\/\/nomadorroles.com\/fr\/wp-json\/wp\/v2\/media?parent=100"}],"curies":[{"name":"wp","href":"https:\/\/api.w.org\/{rel}","templated":true}]}}