    {"id":103,"date":"2025-06-29T19:11:04","date_gmt":"2025-06-29T19:11:04","guid":{"rendered":"https:\/\/nomadorroles.com\/?page_id=103"},"modified":"2026-03-03T21:53:11","modified_gmt":"2026-03-03T21:53:11","slug":"about-us","status":"publish","type":"page","link":"https:\/\/nomadorroles.com\/fr\/about-us\/","title":{"rendered":"\u00c0 propos de nous"},"content":{"rendered":"<h2 class=\"wp-block-heading\"><\/h2>\n\n\n\n<p>Bienvenue \u00e0 <strong>R\u00d4LES NOMADES<\/strong> NOMADORROLES est votre plateforme strat\u00e9gique pour les id\u00e9es, leur mise en \u0153uvre et votre croissance, \u00e0 la crois\u00e9e de la technologie, de la cr\u00e9ativit\u00e9 et de la performance. Que vous d\u00e9veloppiez une marque, optimisiez vos campagnes, exploriez l&#039;innovation ou perfectionniez votre approche cr\u00e9ative, NOMADORROLES est l\u00e0 pour vous accompagner de l&#039;id\u00e9e \u00e0 l&#039;impact concret.<\/p>\n\n\n\n<h3 class=\"wp-block-heading\">Ce qui nous motive<\/h3>\n\n\n\n<p>Chez NOMADORROLES, nous croyons que la croissance moderne repose sur l&#039;\u00e9quilibre entre les donn\u00e9es et l&#039;imagination. Notre mission est simple\u00a0: fournir un contenu de haute qualit\u00e9 et accessible qui aide les professionnels et les cr\u00e9ateurs \u00e0 tirer parti des donn\u00e9es. <strong>technologies, analyses, image de marque et strat\u00e9gies de performance<\/strong> prosp\u00e9rer dans un paysage num\u00e9rique en constante \u00e9volution.<\/p>\n\n\n\n<p>Aujourd&#039;hui, le succ\u00e8s ne se r\u00e9sume pas \u00e0 la cr\u00e9ativit\u00e9\u00a0; il repose aussi sur la clart\u00e9, la perspicacit\u00e9, le positionnement et l&#039;optimisation continue.<\/p>\n\n\n\n<h3 class=\"wp-block-heading\">Qui sommes-nous<\/h3>\n\n\n\n<p>Nous sommes une \u00e9quipe de strat\u00e8ges, de cr\u00e9ateurs, d&#039;analystes et de sp\u00e9cialistes du num\u00e9rique, passionn\u00e9s par la mise en \u0153uvre concr\u00e8te de l&#039;innovation. NOMADORROLES a \u00e9t\u00e9 cr\u00e9\u00e9 pour donner vie \u00e0 des id\u00e9es audacieuses et les concr\u00e9tiser.<\/p>\n\n\n\n<p>Cela signifie que nous nous concentrons sur un contenu qui informe, inspire et outille, que vous analysiez des indicateurs, affiniez le ton de votre marque, exploriez les technologies \u00e9mergentes ou d\u00e9couvriez de nouveaux cadres cr\u00e9atifs.<\/p>\n\n\n\n<p>Ici, vous \u00eates bien plus qu&#039;un simple lecteur. Vous faites partie d&#039;une communaut\u00e9 tourn\u00e9e vers l&#039;avenir qui valorise l&#039;exp\u00e9rimentation, une croissance mesurable et un impact \u00e0 long terme.<\/p>\n\n\n\n<h3 class=\"wp-block-heading\">Impliquez-vous<\/h3>\n\n\n\n<p>Vous avez un point de vue sur le branding, l&#039;analyse de donn\u00e9es, la strat\u00e9gie de performance, les tendances technologiques ou les processus cr\u00e9atifs\u00a0? Vous souhaitez partager vos id\u00e9es ou approfondir un sujet\u00a0? N&#039;h\u00e9sitez pas \u00e0 nous contacter.<\/p>\n\n\n\n<p>Chez NOMADORROLES, les id\u00e9es \u00e9voluent gr\u00e2ce \u00e0 la collaboration \u2014 et votre voix contribue \u00e0 fa\u00e7onner la suite.<\/p>\n\n\n\n<p>Construisons des syst\u00e8mes plus intelligents, des marques plus fortes et un travail cr\u00e9atif plus significatif \u2014 une strat\u00e9gie, une exp\u00e9rience, une innovation \u00e0 la fois.<\/p>","protected":false},"excerpt":{"rendered":"<p>Welcome to NOMADORROLES \u2013 your strategic hub for ideas, execution, and growth at the intersection of technology, creativity, and performance. Whether you&#8217;re building a brand, optimizing campaigns, exploring innovation, or refining your creative edge, NOMADORROLES is here to support your journey from concept to measurable impact. What drives us At NOMADORROLES, we believe modern growth [&hellip;]<\/p>","protected":false},"author":198,"featured_media":0,"parent":0,"menu_order":0,"comment_status":"closed","ping_status":"closed","template":"","meta":{"footnotes":""},"_links":{"self":[{"href":"https:\/\/nomadorroles.com\/fr\/wp-json\/wp\/v2\/pages\/103"}],"collection":[{"href":"https:\/\/nomadorroles.com\/fr\/wp-json\/wp\/v2\/pages"}],"about":[{"href":"https:\/\/nomadorroles.com\/fr\/wp-json\/wp\/v2\/types\/page"}],"author":[{"embeddable":true,"href":"https:\/\/nomadorroles.com\/fr\/wp-json\/wp\/v2\/users\/198"}],"replies":[{"embeddable":true,"href":"https:\/\/nomadorroles.com\/fr\/wp-json\/wp\/v2\/comments?post=103"}],"version-history":[{"count":2,"href":"https:\/\/nomadorroles.com\/fr\/wp-json\/wp\/v2\/pages\/103\/revisions"}],"predecessor-version":[{"id":1094,"href":"https:\/\/nomadorroles.com\/fr\/wp-json\/wp\/v2\/pages\/103\/revisions\/1094"}],"wp:attachment":[{"href":"https:\/\/nomadorroles.com\/fr\/wp-json\/wp\/v2\/media?parent=103"}],"curies":[{"name":"wp","href":"https:\/\/api.w.org\/{rel}","templated":true}]}}