    {"id":105,"date":"2025-06-29T19:11:49","date_gmt":"2025-06-29T19:11:49","guid":{"rendered":"https:\/\/nomadorroles.com\/?page_id=105"},"modified":"2025-06-29T19:11:49","modified_gmt":"2025-06-29T19:11:49","slug":"contact","status":"publish","type":"page","link":"https:\/\/nomadorroles.com\/fr\/contact\/","title":{"rendered":"Contact"},"content":{"rendered":"<p>Merci de votre visite <strong>R\u00d4LES NOMADES<\/strong>, votre plateforme de confiance pour d\u00e9couvrir le m\u00e9tier d&#039;acteur, d\u00e9velopper sa cr\u00e9ativit\u00e9 et s&#039;\u00e9panouir professionnellement dans les arts du spectacle. Nous accordons une grande importance \u00e0 vos messages et sommes l\u00e0 pour vous soutenir, vous connecter et collaborer avec vous.<\/p>\n\n\n\n<h3 class=\"wp-block-heading\"><strong>Demandes g\u00e9n\u00e9rales<\/strong><\/h3>\n\n\n\n<p>Vous avez une question sur <strong>R\u00d4LES NOMADES<\/strong> ou souhaitez simplement nous contacter\u00a0? Envoyez-nous un e-mail \u00e0 <strong><a>contact@nomadorroles.com<\/a><\/strong><br>Nous aimons avoir des nouvelles de notre communaut\u00e9 cr\u00e9ative et nous vous r\u00e9pondrons d\u00e8s que possible.<\/p>\n\n\n\n<h3 class=\"wp-block-heading\"><strong>Suggestions de contenu et contributions<\/strong><\/h3>\n\n\n\n<p>Vous avez une id\u00e9e d&#039;article\u00a0? Vous souhaitez partager votre expertise, votre t\u00e9moignage d&#039;audition ou sugg\u00e9rer un sujet \u00e0 explorer\u00a0? Contactez-nous. <strong><a>editor@nomadorroles.com<\/a><\/strong><br>Nous sommes toujours \u00e0 la recherche de voix authentiques et de perspectives nouvelles en mati\u00e8re d&#039;interpr\u00e9tation, de performance et de cr\u00e9ation de marque artistique.<\/p>\n\n\n\n<h3 class=\"wp-block-heading\"><strong>Support technique<\/strong><\/h3>\n\n\n\n<p>Si vous rencontrez des probl\u00e8mes avec notre plateforme ou avez besoin d&#039;aide pour acc\u00e9der au contenu, n&#039;h\u00e9sitez pas \u00e0 nous contacter \u00e0 <strong><a>support@nomadorroles.com<\/a><\/strong><br>Nous sommes l\u00e0 pour garantir votre exp\u00e9rience avec <strong>R\u00d4LES NOMADES<\/strong> est doux et inspirant.<\/p>\n\n\n\n<h3 class=\"wp-block-heading\"><strong>Restez connect\u00e9<\/strong>d<\/h3>\n\n\n\n<p><strong>R\u00d4LES NOMADES<\/strong> est une plateforme num\u00e9rique con\u00e7ue pour les acteurs et les artistes du monde entier. Bien que nous ne soyons pas bas\u00e9s dans un bureau physique, nous sommes toujours en ligne, pr\u00eats \u00e0 vous \u00e9couter, \u00e0 vous soutenir et \u00e0 \u00e9voluer avec vous.<\/p>\n\n\n\n<p>Merci encore de faire partie de la <strong>R\u00d4LES NOMADES<\/strong> communaut\u00e9. Au plaisir de vous lire\u00a0!<\/p>\n\n\n\n<p><strong>Cordialement,<\/strong><br><strong>L&#039;\u00e9quipe NOMADORROLES<\/strong><\/p>","protected":false},"excerpt":{"rendered":"<p>Merci de votre visite sur NOMADORROLES, votre plateforme de confiance pour d\u00e9couvrir le m\u00e9tier d&#039;acteur, d\u00e9velopper sa cr\u00e9ativit\u00e9 et s&#039;\u00e9panouir professionnellement dans les arts du spectacle. Nous accordons une grande importance \u00e0 vos messages et sommes l\u00e0 pour vous soutenir, vous connecter et collaborer avec vous. Renseignements g\u00e9n\u00e9raux\u00a0: Vous avez une question sur NOMADORROLES ou souhaitez simplement nous contacter\u00a0? Envoyez-nous un e-mail \u00e0 contact@nomadorroles.com. Nous sommes ravis de recevoir vos commentaires [\u2026]<\/p>","protected":false},"author":198,"featured_media":0,"parent":0,"menu_order":0,"comment_status":"closed","ping_status":"closed","template":"","meta":{"footnotes":""},"_links":{"self":[{"href":"https:\/\/nomadorroles.com\/fr\/wp-json\/wp\/v2\/pages\/105"}],"collection":[{"href":"https:\/\/nomadorroles.com\/fr\/wp-json\/wp\/v2\/pages"}],"about":[{"href":"https:\/\/nomadorroles.com\/fr\/wp-json\/wp\/v2\/types\/page"}],"author":[{"embeddable":true,"href":"https:\/\/nomadorroles.com\/fr\/wp-json\/wp\/v2\/users\/198"}],"replies":[{"embeddable":true,"href":"https:\/\/nomadorroles.com\/fr\/wp-json\/wp\/v2\/comments?post=105"}],"version-history":[{"count":1,"href":"https:\/\/nomadorroles.com\/fr\/wp-json\/wp\/v2\/pages\/105\/revisions"}],"predecessor-version":[{"id":106,"href":"https:\/\/nomadorroles.com\/fr\/wp-json\/wp\/v2\/pages\/105\/revisions\/106"}],"wp:attachment":[{"href":"https:\/\/nomadorroles.com\/fr\/wp-json\/wp\/v2\/media?parent=105"}],"curies":[{"name":"wp","href":"https:\/\/api.w.org\/{rel}","templated":true}]}}