    {"id":103,"date":"2025-06-29T19:11:04","date_gmt":"2025-06-29T19:11:04","guid":{"rendered":"https:\/\/nomadorroles.com\/?page_id=103"},"modified":"2026-03-03T21:53:11","modified_gmt":"2026-03-03T21:53:11","slug":"about-us","status":"publish","type":"page","link":"https:\/\/nomadorroles.com\/hr\/about-us\/","title":{"rendered":"O nama"},"content":{"rendered":"<h2 class=\"wp-block-heading\"><\/h2>\n\n\n\n<p>Dobrodo\u0161li u <strong>NOMADORROLES<\/strong> \u2013 va\u0161e strate\u0161ko sredi\u0161te za ideje, provedbu i rast na sjeci\u0161tu tehnologije, kreativnosti i performansi. Bez obzira gradite li brend, optimizirate kampanje, istra\u017eujete inovacije ili usavr\u0161avate svoju kreativnost, NOMADORROLES je tu da vas podr\u017ei na va\u0161em putu od koncepta do mjerljivog utjecaja.<\/p>\n\n\n\n<h3 class=\"wp-block-heading\">\u0160to nas pokre\u0107e<\/h3>\n\n\n\n<p>U NOMADORROLES-u vjerujemo da se moderni rast temelji na ravnote\u017ei izme\u0111u podataka i ma\u0161te. Na\u0161a je misija jednostavna: pru\u017eiti visokokvalitetan, pristupa\u010dan sadr\u017eaj koji poma\u017ee profesionalcima i kreatorima da iskoriste <strong>tehnologija, analitika, brendiranje i strategije performansi<\/strong> napredovati u digitalnom krajoliku koji se stalno mijenja.<\/p>\n\n\n\n<p>Uspjeh danas nije samo stvar kreativnosti - radi se o jasno\u0107i, uvidu, pozicioniranju i kontinuiranoj optimizaciji.<\/p>\n\n\n\n<h3 class=\"wp-block-heading\">Tko smo mi<\/h3>\n\n\n\n<p>Mi smo tim stratega, kreatora, analiti\u010dara i digitalnih mislilaca strastvenih u povezivanju inovacija s izvedbom. NOMADORROLES je stvoren kako bi povezao smjele ideje s performansama u stvarnom svijetu.<\/p>\n\n\n\n<p>To zna\u010di da se usredoto\u010dujemo na sadr\u017eaj koji informira, inspirira i oprema - bilo da analizirate metrike, usavr\u0161avate glas svog brenda, istra\u017eujete nove tehnologije ili otklju\u010davate nove kreativne okvire.<\/p>\n\n\n\n<p>Ovdje ste vi\u0161e od \u010ditatelja. Dio ste napredne zajednice koja cijeni eksperimentiranje, mjerljiv rast i dugoro\u010dni utjecaj.<\/p>\n\n\n\n<h3 class=\"wp-block-heading\">Uklju\u010dite se<\/h3>\n\n\n\n<p>Imate li uvid u brendiranje, analitiku, strategiju u\u010dinka, tehnolo\u0161ke trendove ili kreativne procese? \u017delite li podijeliti svoja saznanja ili dublje istra\u017eiti neku temu? Voljeli bismo \u010duti va\u0161e mi\u0161ljenje.<\/p>\n\n\n\n<p>U NOMADORROLES-u se ideje razvijaju kroz suradnju - a va\u0161 glas poma\u017ee oblikovati ono \u0161to slijedi.<\/p>\n\n\n\n<p>Izgradimo pametnije sustave, ja\u010de brendove i smisleniji kreativni rad - jednu strategiju, jedan eksperiment, jedan po jedan proboj.<\/p>","protected":false},"excerpt":{"rendered":"<p>Welcome to NOMADORROLES \u2013 your strategic hub for ideas, execution, and growth at the intersection of technology, creativity, and performance. Whether you&#8217;re building a brand, optimizing campaigns, exploring innovation, or refining your creative edge, NOMADORROLES is here to support your journey from concept to measurable impact. What drives us At NOMADORROLES, we believe modern growth [&hellip;]<\/p>","protected":false},"author":198,"featured_media":0,"parent":0,"menu_order":0,"comment_status":"closed","ping_status":"closed","template":"","meta":{"footnotes":""},"_links":{"self":[{"href":"https:\/\/nomadorroles.com\/hr\/wp-json\/wp\/v2\/pages\/103"}],"collection":[{"href":"https:\/\/nomadorroles.com\/hr\/wp-json\/wp\/v2\/pages"}],"about":[{"href":"https:\/\/nomadorroles.com\/hr\/wp-json\/wp\/v2\/types\/page"}],"author":[{"embeddable":true,"href":"https:\/\/nomadorroles.com\/hr\/wp-json\/wp\/v2\/users\/198"}],"replies":[{"embeddable":true,"href":"https:\/\/nomadorroles.com\/hr\/wp-json\/wp\/v2\/comments?post=103"}],"version-history":[{"count":2,"href":"https:\/\/nomadorroles.com\/hr\/wp-json\/wp\/v2\/pages\/103\/revisions"}],"predecessor-version":[{"id":1094,"href":"https:\/\/nomadorroles.com\/hr\/wp-json\/wp\/v2\/pages\/103\/revisions\/1094"}],"wp:attachment":[{"href":"https:\/\/nomadorroles.com\/hr\/wp-json\/wp\/v2\/media?parent=103"}],"curies":[{"name":"wp","href":"https:\/\/api.w.org\/{rel}","templated":true}]}}