    {"id":100,"date":"2025-06-29T19:10:31","date_gmt":"2025-06-29T19:10:31","guid":{"rendered":"https:\/\/nomadorroles.com\/?page_id=100"},"modified":"2025-10-23T14:52:55","modified_gmt":"2025-10-23T14:52:55","slug":"terms-of-use","status":"publish","type":"page","link":"https:\/\/nomadorroles.com\/it\/terms-of-use\/","title":{"rendered":"Termini di utilizzo"},"content":{"rendered":"<p><strong>Ultimo aggiornamento: 29 giugno 2025<\/strong><\/p>\n\n\n\n<p><strong>NOMADORROLI<\/strong> (<a class=\"\" href=\"https:\/\/nomadorroles.com\/it\/\">https:\/\/nomadorroles.com<\/a>) opera come piattaforma digitale indipendente che offre contenuti curati, approfondimenti e risorse per attori, performer e professionisti creativi delle arti performative. Accedendo o utilizzando questo sito web, l&#039;utente accetta di rispettare i termini, le condizioni e le politiche descritte di seguito.<\/p>\n\n\n\n<p>Le presenti Condizioni d&#039;uso definiscono i diritti e le responsabilit\u00e0 degli utenti che interagiscono con il <strong>NOMADORROLI<\/strong> piattaforma. L&#039;utilizzo di questo sito web \u00e8 soggetto anche alla nostra Informativa sulla privacy.<\/p>\n\n\n\n<p><strong>LEGGERE ATTENTAMENTE I PRESENTI TERMINI. SE NON SI \u00c8 D&#039;ACCORDO CON ESSI, SI PREGA DI NON UTILIZZARE NOMADORROLES O ALCUNO DEI SUOI SERVIZI.<\/strong><\/p>\n\n\n\n<h3 class=\"wp-block-heading\"><strong>Articolo I \u2013 Contratto d\u2019uso<\/strong><\/h3>\n\n\n\n<p>1.1 Utilizzando <strong>NOMADORROLI<\/strong>, confermi la tua piena accettazione delle presenti Condizioni d&#039;uso e della nostra Informativa sulla privacy.<br>1.2 Per utilizzare questa piattaforma devi avere almeno 18 anni o avere la capacit\u00e0 giuridica nella tua giurisdizione.<br>1.3 Se non si soddisfano queste condizioni o non si \u00e8 d&#039;accordo con una qualsiasi parte di questi termini, non \u00e8 possibile accedere o utilizzare i nostri servizi.<\/p>\n\n\n\n<h3 class=\"wp-block-heading\"><strong>Articolo II \u2013 Comunicazione<\/strong><\/h3>\n\n\n\n<p>2.1 <strong>NOMADORROLI<\/strong> fornisce canali di comunicazione tramite i quali gli utenti possono porre domande, inviare suggerimenti o segnalare problemi tecnici.<br>2.2 Puoi contattarci tramite la nostra pagina Contatti o tramite gli indirizzi email ivi indicati.<\/p>\n\n\n\n<h3 class=\"wp-block-heading\"><strong>Articolo III \u2013 Responsabilit\u00e0 delle parti<\/strong><\/h3>\n\n\n\n<p>3.1 Gli utenti devono accettare e rispettare i presenti Termini di utilizzo e l&#039;Informativa sulla privacy quando interagiscono con <strong>NOMADORROLI<\/strong> contenuti o servizi.<br>3.2 La piattaforma pu\u00f2 includere link a siti web di terze parti a scopo di riferimento o informativo. Tali link sono forniti esclusivamente per comodit\u00e0.<br>3.3 Una volta reindirizzati, sarai soggetto alle policy del sito di terze parti. <strong>NOMADORROLI<\/strong> non \u00e8 responsabile dell&#039;accuratezza, della sicurezza o delle pratiche dei siti esterni.<br>3.4 Gli utenti sono gli unici responsabili della protezione della propria connessione Internet, dei dispositivi e dell&#039;accesso all&#039;account durante l&#039;utilizzo <strong>NOMADORROLI<\/strong>.<br>3.5 <strong>NOMADORROLI<\/strong> non \u00e8 responsabile per eventuali danni derivanti da guasti tecnici, accessi non autorizzati o uso improprio della piattaforma al di fuori del nostro controllo.<br>3.6 Non chiederemo mai bonifici bancari, dati riservati o informazioni personali sensibili tramite canali non ufficiali.<br>3.7 Qualsiasi attivit\u00e0 sospetta o messaggio che afferma di provenire da <strong>NOMADORROLI<\/strong> devono essere segnalati immediatamente tramite la nostra pagina dei contatti.<\/p>\n\n\n\n<h3 class=\"wp-block-heading\"><strong>Articolo IV \u2013 Condotta proibita<\/strong><\/h3>\n\n\n\n<p>Agli utenti \u00e8 severamente vietato:<\/p>\n\n\n\n<ul>\n<li>Adottare comportamenti illegali, ingannevoli o dannosi;<\/li>\n\n\n\n<li>Violare i diritti di propriet\u00e0 intellettuale o le leggi sulla privacy;<\/li>\n\n\n\n<li>Caricare o distribuire virus, malware o codice dannoso;<\/li>\n\n\n\n<li>Impersonare individui o organizzazioni;<\/li>\n\n\n\n<li>Raccolta di dati personali senza consenso;<\/li>\n\n\n\n<li>Condivisione di contenuti non autorizzati, fuorvianti o diffamatori;<\/li>\n\n\n\n<li>Molestare o minacciare gli altri;<\/li>\n\n\n\n<li>Tentare di hackerare, manipolare o interrompere le operazioni della piattaforma.<\/li>\n<\/ul>\n\n\n\n<p>La violazione di questi termini pu\u00f2 comportare la sospensione o la cessazione definitiva dell&#039;accesso a <strong>NOMADORROLI<\/strong>, con o senza preavviso.<\/p>\n\n\n\n<h3 class=\"wp-block-heading\"><strong>Articolo V \u2013 Limitazione di responsabilit\u00e0 e garanzie<\/strong><\/h3>\n\n\n\n<p><strong>NOMADORROLI<\/strong> fornisce i suoi servizi e contenuti &quot;cos\u00ec come sono&quot; e &quot;come disponibili&quot;, senza alcuna garanzia espressa o implicita.<br>Non garantiamo un accesso ininterrotto, contenuti privi di errori o che tutte le informazioni siano aggiornate o adatte alle tue esigenze.<br>Nella misura massima consentita dalla legge, <strong>NOMADORROLI<\/strong> declina ogni responsabilit\u00e0 per danni diretti, indiretti, incidentali o consequenziali derivanti dall&#039;uso di questo sito o del suo contenuto.<\/p>\n\n\n\n<h3 class=\"wp-block-heading\"><strong>Articolo VI \u2013 Termine e termine legale<\/strong><\/h3>\n\n\n\n<p>Le presenti Condizioni d&#039;uso hanno validit\u00e0 a tempo indeterminato. Qualsiasi azione legale o controversia relativa alla piattaforma deve essere avviata entro 90 (novanta) giorni dall&#039;evento che ha dato origine al reclamo.<\/p>\n\n\n\n<h3 class=\"wp-block-heading\"><strong>Articolo VII \u2013 Legge applicabile e giurisdizione<\/strong><\/h3>\n\n\n\n<p>Le presenti Condizioni d&#039;uso saranno regolate e interpretate in conformit\u00e0 con le <strong>leggi della Repubblica di Estonia<\/strong>Qualsiasi controversia, disputa o reclamo derivante da o relativo ai presenti Termini o all&#039;uso di questo sito web sar\u00e0 risolto in conformit\u00e0 con la legge estone, ai sensi del <strong>giurisdizione esclusiva dei tribunali situati a Tallinn, Estonia<\/strong>.<br>Questa clausola garantisce la trasparenza legale e l&#039;allineamento con le migliori pratiche di conformit\u00e0 internazionale, come previsto dalla normativa estone. <em>Legge sulle obbligazioni<\/em> E <em>Legge sul diritto internazionale privato<\/em>.<\/p>\n\n\n\n<h3 class=\"wp-block-heading\"><strong>Articolo VIII \u2013 Propriet\u00e0 intellettuale<\/strong><\/h3>\n\n\n\n<p>8.1 Tutti i contenuti su <strong>NOMADORROLI<\/strong>, compresi articoli, immagini, marchi e altri materiali creativi, \u00e8 protetto dalle leggi sulla propriet\u00e0 intellettuale.<br>8.2 Non \u00e8 consentito copiare, riprodurre, distribuire o ripubblicare alcuna parte del contenuto senza previa autorizzazione scritta da parte di <strong>NOMADORROLI<\/strong>.<br>8.3 I contenuti inviati dagli utenti restano di responsabilit\u00e0 del collaboratore. <strong>NOMADORROLI<\/strong> si riserva il diritto di rimuovere qualsiasi contenuto che violi gli standard legali o etici.<\/p>\n\n\n\n<h3 class=\"wp-block-heading\"><strong>Articolo IX \u2013 Modifiche ai Termini<\/strong><\/h3>\n\n\n\n<p><strong>NOMADORROLI<\/strong> si riserva il diritto di aggiornare, modificare o interrompere qualsiasi parte di questi Termini o servizi in qualsiasi momento, senza preavviso.<br>\u00c8 tua responsabilit\u00e0 controllare periodicamente questa pagina. L&#039;uso continuato della piattaforma dopo le modifiche costituisce accettazione dei termini aggiornati.<\/p>\n\n\n\n<h3 class=\"wp-block-heading\"><strong>Articolo X \u2013 Contatto<\/strong><\/h3>\n\n\n\n<p>Per qualsiasi domanda o dubbio relativo alle presenti Condizioni d&#039;uso, contattateci a:<br><strong><a>https:\/\/nomadorroles.com\/contact<\/a><\/strong><br>E-mail: <strong><a>info@nomadorroles.com<\/a><\/strong><\/p>\n\n\n\n<p><strong>SE NON SI ACCETTANO QUESTI TERMINI, SI PREGA DI NON UTILIZZARE NOMADORROLES O ALCUNO DEI SUOI SERVIZI.<\/strong><\/p>","protected":false},"excerpt":{"rendered":"<p>Last updated: June 29, 2025 NOMADORROLES (https:\/\/nomadorroles.com) operates as an independent digital platform offering curated content, insights, and resources for actors, performers, and creative professionals in the performing arts. By accessing or using this website, you agree to abide by the terms, conditions, and policies outlined below. These Terms of Use define the rights and [&hellip;]<\/p>","protected":false},"author":198,"featured_media":0,"parent":0,"menu_order":0,"comment_status":"closed","ping_status":"closed","template":"","meta":{"footnotes":""},"_links":{"self":[{"href":"https:\/\/nomadorroles.com\/it\/wp-json\/wp\/v2\/pages\/100"}],"collection":[{"href":"https:\/\/nomadorroles.com\/it\/wp-json\/wp\/v2\/pages"}],"about":[{"href":"https:\/\/nomadorroles.com\/it\/wp-json\/wp\/v2\/types\/page"}],"author":[{"embeddable":true,"href":"https:\/\/nomadorroles.com\/it\/wp-json\/wp\/v2\/users\/198"}],"replies":[{"embeddable":true,"href":"https:\/\/nomadorroles.com\/it\/wp-json\/wp\/v2\/comments?post=100"}],"version-history":[{"count":2,"href":"https:\/\/nomadorroles.com\/it\/wp-json\/wp\/v2\/pages\/100\/revisions"}],"predecessor-version":[{"id":522,"href":"https:\/\/nomadorroles.com\/it\/wp-json\/wp\/v2\/pages\/100\/revisions\/522"}],"wp:attachment":[{"href":"https:\/\/nomadorroles.com\/it\/wp-json\/wp\/v2\/media?parent=100"}],"curies":[{"name":"wp","href":"https:\/\/api.w.org\/{rel}","templated":true}]}}