    {"id":103,"date":"2025-06-29T19:11:04","date_gmt":"2025-06-29T19:11:04","guid":{"rendered":"https:\/\/nomadorroles.com\/?page_id=103"},"modified":"2026-03-03T21:53:11","modified_gmt":"2026-03-03T21:53:11","slug":"about-us","status":"publish","type":"page","link":"https:\/\/nomadorroles.com\/it\/about-us\/","title":{"rendered":"Chi siamo"},"content":{"rendered":"<h2 class=\"wp-block-heading\"><\/h2>\n\n\n\n<p>Benvenuti a <strong>NOMADORROLI<\/strong> \u2013 il tuo hub strategico per idee, esecuzione e crescita all&#039;intersezione tra tecnologia, creativit\u00e0 e performance. Che tu stia costruendo un brand, ottimizzando campagne, esplorando l&#039;innovazione o perfezionando il tuo lato creativo, NOMADORROLES \u00e8 qui per supportarti nel tuo percorso dall&#039;ideazione all&#039;impatto misurabile.<\/p>\n\n\n\n<h3 class=\"wp-block-heading\">Ci\u00f2 che ci spinge<\/h3>\n\n\n\n<p>Noi di NOMADORROLES crediamo che la crescita moderna si basi sull&#039;equilibrio tra dati e immaginazione. La nostra missione \u00e8 semplice: fornire contenuti di alta qualit\u00e0 e accessibili che aiutino professionisti e creatori a sfruttare al meglio <strong>tecnologia, analisi, branding e strategie di performance<\/strong> per prosperare in un panorama digitale in continua evoluzione.<\/p>\n\n\n\n<p>Oggi il successo non \u00e8 solo una questione di creativit\u00e0, ma anche di chiarezza, intuizione, posizionamento e ottimizzazione continua.<\/p>\n\n\n\n<h3 class=\"wp-block-heading\">Chi siamo<\/h3>\n\n\n\n<p>Siamo un team di strateghi, creatori, analisti e pensatori digitali appassionati di unire innovazione ed esecuzione. NOMADORROLES \u00e8 stato creato per collegare idee audaci e risultati concreti.<\/p>\n\n\n\n<p>Ci\u00f2 significa che ci concentriamo su contenuti che informano, ispirano e preparano, che si tratti di analizzare metriche, perfezionare la voce del tuo marchio, esplorare tecnologie emergenti o sbloccare nuovi framework creativi.<\/p>\n\n\n\n<p>Qui sei pi\u00f9 di un semplice lettore. Fai parte di una comunit\u00e0 lungimirante che apprezza la sperimentazione, la crescita misurabile e l&#039;impatto a lungo termine.<\/p>\n\n\n\n<h3 class=\"wp-block-heading\">Partecipa<\/h3>\n\n\n\n<p>Hai una prospettiva su branding, analisi, strategia di performance, tendenze tecnologiche o processi creativi? Vuoi condividere le tue opinioni o approfondire un argomento? Ci piacerebbe sentire il tuo parere.<\/p>\n\n\n\n<p>In NOMADORROLES le idee si evolvono attraverso la collaborazione e la tua voce contribuisce a dare forma a ci\u00f2 che verr\u00e0 dopo.<\/p>\n\n\n\n<p>Costruiamo sistemi pi\u00f9 intelligenti, marchi pi\u00f9 forti e un lavoro creativo pi\u00f9 significativo: una strategia, un esperimento, una svolta alla volta.<\/p>","protected":false},"excerpt":{"rendered":"<p>Welcome to NOMADORROLES \u2013 your strategic hub for ideas, execution, and growth at the intersection of technology, creativity, and performance. Whether you&#8217;re building a brand, optimizing campaigns, exploring innovation, or refining your creative edge, NOMADORROLES is here to support your journey from concept to measurable impact. What drives us At NOMADORROLES, we believe modern growth [&hellip;]<\/p>","protected":false},"author":198,"featured_media":0,"parent":0,"menu_order":0,"comment_status":"closed","ping_status":"closed","template":"","meta":{"footnotes":""},"_links":{"self":[{"href":"https:\/\/nomadorroles.com\/it\/wp-json\/wp\/v2\/pages\/103"}],"collection":[{"href":"https:\/\/nomadorroles.com\/it\/wp-json\/wp\/v2\/pages"}],"about":[{"href":"https:\/\/nomadorroles.com\/it\/wp-json\/wp\/v2\/types\/page"}],"author":[{"embeddable":true,"href":"https:\/\/nomadorroles.com\/it\/wp-json\/wp\/v2\/users\/198"}],"replies":[{"embeddable":true,"href":"https:\/\/nomadorroles.com\/it\/wp-json\/wp\/v2\/comments?post=103"}],"version-history":[{"count":2,"href":"https:\/\/nomadorroles.com\/it\/wp-json\/wp\/v2\/pages\/103\/revisions"}],"predecessor-version":[{"id":1094,"href":"https:\/\/nomadorroles.com\/it\/wp-json\/wp\/v2\/pages\/103\/revisions\/1094"}],"wp:attachment":[{"href":"https:\/\/nomadorroles.com\/it\/wp-json\/wp\/v2\/media?parent=103"}],"curies":[{"name":"wp","href":"https:\/\/api.w.org\/{rel}","templated":true}]}}