    {"id":100,"date":"2025-06-29T19:10:31","date_gmt":"2025-06-29T19:10:31","guid":{"rendered":"https:\/\/nomadorroles.com\/?page_id=100"},"modified":"2025-10-23T14:52:55","modified_gmt":"2025-10-23T14:52:55","slug":"terms-of-use","status":"publish","type":"page","link":"https:\/\/nomadorroles.com\/pl\/terms-of-use\/","title":{"rendered":"Warunki korzystania"},"content":{"rendered":"<p><strong>Ostatnia aktualizacja: 29 czerwca 2025 r.<\/strong><\/p>\n\n\n\n<p><strong>NOMADORROLES<\/strong> (<a class=\"\" href=\"https:\/\/nomadorroles.com\/pl\/\">https:\/\/nomadorroles.com<\/a>) dzia\u0142a jako niezale\u017cna platforma cyfrowa oferuj\u0105ca starannie wyselekcjonowane tre\u015bci, analizy i zasoby dla aktor\u00f3w, artyst\u00f3w i profesjonalist\u00f3w kreatywnych z bran\u017cy sztuk performatywnych. Uzyskuj\u0105c dost\u0119p do tej witryny lub korzystaj\u0105c z niej, zgadzasz si\u0119 przestrzega\u0107 poni\u017cszych warunk\u00f3w, zasad i zasad.<\/p>\n\n\n\n<p>Niniejsze Warunki korzystania okre\u015blaj\u0105 prawa i obowi\u0105zki u\u017cytkownik\u00f3w wchodz\u0105cych w interakcje z Serwisem. <strong>NOMADORROLES<\/strong> Platforma. Korzystanie z tej witryny internetowej podlega r\u00f3wnie\u017c naszej Polityce Prywatno\u015bci.<\/p>\n\n\n\n<p><strong>PROSIMY O UWA\u017bNE PRZECZYTANIE NINIEJSZYCH WARUNK\u00d3W. JE\u015aLI NIE ZGADZASZ SI\u0118 Z NIMI, NIE KORZYSTAJ Z NOMADORROLES ANI \u017bADNYCH JEGO US\u0141UG.<\/strong><\/p>\n\n\n\n<h3 class=\"wp-block-heading\"><strong>Artyku\u0142 I \u2013 Umowa u\u017cytkownika<\/strong><\/h3>\n\n\n\n<p>1.1 Za pomoc\u0105 <strong>NOMADORROLES<\/strong>, potwierdzasz pe\u0142n\u0105 akceptacj\u0119 niniejszych Warunk\u00f3w korzystania i naszej Polityki prywatno\u015bci.<br>1.2 Aby korzysta\u0107 z tej platformy, musisz mie\u0107 uko\u0144czone 18 lat lub posiada\u0107 zdolno\u015b\u0107 prawn\u0105 w swojej jurysdykcji.<br>1.3 Je\u017celi nie spe\u0142niasz tych warunk\u00f3w lub nie zgadzasz si\u0119 z jak\u0105kolwiek cz\u0119\u015bci\u0105 niniejszych warunk\u00f3w, nie mo\u017cesz uzyska\u0107 dost\u0119pu do naszych us\u0142ug ani z nich korzysta\u0107.<\/p>\n\n\n\n<h3 class=\"wp-block-heading\"><strong>Artyku\u0142 II \u2013 Komunikacja<\/strong><\/h3>\n\n\n\n<p>2.1 <strong>NOMADORROLES<\/strong> udost\u0119pnia kana\u0142y komunikacji, dzi\u0119ki kt\u00f3rym u\u017cytkownicy mog\u0105 zadawa\u0107 pytania, przesy\u0142a\u0107 sugestie lub zg\u0142asza\u0107 problemy techniczne.<br>2.2 Mo\u017cesz si\u0119 z nami skontaktowa\u0107 poprzez nasz\u0105 stron\u0119 kontaktow\u0105 lub korzystaj\u0105c z podanych tam adres\u00f3w e-mail.<\/p>\n\n\n\n<h3 class=\"wp-block-heading\"><strong>Artyku\u0142 III \u2013 Obowi\u0105zki Stron<\/strong><\/h3>\n\n\n\n<p>3.1 U\u017cytkownicy musz\u0105 wyrazi\u0107 zgod\u0119 na niniejsze Warunki korzystania i Polityk\u0119 prywatno\u015bci oraz ich przestrzega\u0107 podczas korzystania z Serwisu. <strong>NOMADORROLES<\/strong> tre\u015bci lub us\u0142ug.<br>3.2 Platforma mo\u017ce zawiera\u0107 linki do stron internetowych os\u00f3b trzecich w celach informacyjnych lub referencyjnych. Linki te udost\u0119pniane s\u0105 wy\u0142\u0105cznie dla wygody.<br>3.3 Po przekierowaniu obowi\u0105zuj\u0105 Ci\u0119 zasady obowi\u0105zuj\u0105ce na stronach os\u00f3b trzecich. <strong>NOMADORROLES<\/strong> nie ponosi odpowiedzialno\u015bci za dok\u0142adno\u015b\u0107, bezpiecze\u0144stwo ani praktyki stosowane przez strony zewn\u0119trzne.<br>3.4 U\u017cytkownicy ponosz\u0105 wy\u0142\u0105czn\u0105 odpowiedzialno\u015b\u0107 za zabezpieczenie swojego po\u0142\u0105czenia internetowego, urz\u0105dze\u0144 i dost\u0119pu do konta podczas korzystania z Serwisu. <strong>NOMADORROLES<\/strong>.<br>3.5 <strong>NOMADORROLES<\/strong> nie ponosi odpowiedzialno\u015bci za szkody wynik\u0142e z awarii technicznych, nieautoryzowanego dost\u0119pu lub niew\u0142a\u015bciwego u\u017cycia platformy, na kt\u00f3re nie mamy wp\u0142ywu.<br>3.6 Nigdy nie b\u0119dziemy prosi\u0107 o przelewy bankowe, dane poufne ani wra\u017cliwe informacje osobiste za po\u015brednictwem nieoficjalnych kana\u0142\u00f3w.<br>3.7 Wszelkie podejrzane dzia\u0142ania lub wiadomo\u015bci podszywaj\u0105ce si\u0119 pod <strong>NOMADORROLES<\/strong> nale\u017cy niezw\u0142ocznie zg\u0142osi\u0107 poprzez nasz\u0105 stron\u0119 kontaktow\u0105.<\/p>\n\n\n\n<h3 class=\"wp-block-heading\"><strong>Artyku\u0142 IV \u2013 Zabronione zachowanie<\/strong><\/h3>\n\n\n\n<p>U\u017cytkownikom surowo zabrania si\u0119:<\/p>\n\n\n\n<ul>\n<li>Podejmowanie dzia\u0142a\u0144 niezgodnych z prawem, oszuka\u0144czych lub z\u0142o\u015bliwych;<\/li>\n\n\n\n<li>Naruszenie praw w\u0142asno\u015bci intelektualnej lub przepis\u00f3w o ochronie prywatno\u015bci;<\/li>\n\n\n\n<li>Przesy\u0142anie lub rozpowszechnianie wirus\u00f3w, z\u0142o\u015bliwego oprogramowania lub szkodliwego kodu;<\/li>\n\n\n\n<li>Podszywanie si\u0119 pod osoby lub organizacje;<\/li>\n\n\n\n<li>Zbieranie danych osobowych bez zgody;<\/li>\n\n\n\n<li>Udost\u0119pnianie tre\u015bci nieautoryzowanych, wprowadzaj\u0105cych w b\u0142\u0105d lub znies\u0142awiaj\u0105cych;<\/li>\n\n\n\n<li>N\u0119kanie lub gro\u017cenie innym;<\/li>\n\n\n\n<li>Pr\u00f3ba w\u0142amania, manipulacji lub zak\u0142\u00f3cenia dzia\u0142ania platformy.<\/li>\n<\/ul>\n\n\n\n<p>Naruszenie niniejszych warunk\u00f3w mo\u017ce skutkowa\u0107 zawieszeniem lub trwa\u0142ym zablokowaniem dost\u0119pu do <strong>NOMADORROLES<\/strong>, z uprzednim powiadomieniem lub bez.<\/p>\n\n\n\n<h3 class=\"wp-block-heading\"><strong>Artyku\u0142 V \u2013 Ograniczenie odpowiedzialno\u015bci i gwarancji<\/strong><\/h3>\n\n\n\n<p><strong>NOMADORROLES<\/strong> udost\u0119pnia swoje us\u0142ugi i tre\u015bci \u201ew stanie, w jakim si\u0119 znajduj\u0105\u201d i \u201ew miar\u0119 dost\u0119pno\u015bci\u201d, bez \u017cadnych gwarancji wyra\u017anych ani dorozumianych.<br>Nie gwarantujemy nieprzerwanego dost\u0119pu, wolnej od b\u0142\u0119d\u00f3w tre\u015bci ani aktualno\u015bci wszystkich informacji lub ich przydatno\u015bci do Twoich potrzeb.<br>W najszerszym zakresie dozwolonym przez prawo, <strong>NOMADORROLES<\/strong> nie ponosi \u017cadnej odpowiedzialno\u015bci za szkody bezpo\u015brednie, po\u015brednie, przypadkowe lub wynikowe powsta\u0142e na skutek korzystania z tej witryny lub jej tre\u015bci.<\/p>\n\n\n\n<h3 class=\"wp-block-heading\"><strong>Artyku\u0142 VI \u2013 Okres obowi\u0105zywania i ramy prawne<\/strong><\/h3>\n\n\n\n<p>Niniejsze Warunki Korzystania obowi\u0105zuj\u0105 bezterminowo. Wszelkie post\u0119powania prawne lub spory zwi\u0105zane z platform\u0105 musz\u0105 zosta\u0107 wszcz\u0119te w ci\u0105gu 90 (dziewi\u0119\u0107dziesi\u0119ciu) dni od zdarzenia b\u0119d\u0105cego podstaw\u0105 roszczenia.<\/p>\n\n\n\n<h3 class=\"wp-block-heading\"><strong>Artyku\u0142 VII \u2013 Prawo w\u0142a\u015bciwe i jurysdykcja<\/strong><\/h3>\n\n\n\n<p>Niniejsze Warunki korzystania podlegaj\u0105 przepisom i interpretacji zgodnie z <strong>prawa Republiki Estonii<\/strong>Wszelkie spory, kontrowersje lub roszczenia wynikaj\u0105ce z niniejszych Warunk\u00f3w lub zwi\u0105zane z nimi lub korzystaniem z tej witryny internetowej b\u0119d\u0105 rozstrzygane zgodnie z prawem esto\u0144skim, zgodnie z <strong>wy\u0142\u0105czna jurysdykcja s\u0105d\u00f3w w Tallinie w Estonii<\/strong>.<br>Klauzula ta zapewnia przejrzysto\u015b\u0107 prawn\u0105 i zgodno\u015b\u0107 z najlepszymi praktykami w zakresie zgodno\u015bci z prawem mi\u0119dzynarodowym, zgodnie z przepisami prawa esto\u0144skiego <em>Ustawa o prawie zobowi\u0105za\u0144<\/em> I <em>Ustawa o prawie prywatnym mi\u0119dzynarodowym<\/em>.<\/p>\n\n\n\n<h3 class=\"wp-block-heading\"><strong>Artyku\u0142 VIII \u2013 W\u0142asno\u015b\u0107 intelektualna<\/strong><\/h3>\n\n\n\n<p>8.1 Ca\u0142a tre\u015b\u0107 na <strong>NOMADORROLES<\/strong>, w tym artyku\u0142y, obrazy, marki i inne materia\u0142y kreatywne, s\u0105 chronione na mocy przepis\u00f3w dotycz\u0105cych w\u0142asno\u015bci intelektualnej.<br>8.2. Nie wolno kopiowa\u0107, reprodukowa\u0107, rozpowszechnia\u0107 ani ponownie publikowa\u0107 \u017cadnej cz\u0119\u015bci tre\u015bci bez uprzedniej pisemnej zgody <strong>NOMADORROLES<\/strong>.<br>8.3 Tre\u015bci przes\u0142ane przez u\u017cytkownik\u00f3w pozostaj\u0105 odpowiedzialno\u015bci\u0105 ich autora. <strong>NOMADORROLES<\/strong> zastrzega sobie prawo do usuwania wszelkich tre\u015bci naruszaj\u0105cych normy prawne lub etyczne.<\/p>\n\n\n\n<h3 class=\"wp-block-heading\"><strong>Artyku\u0142 IX \u2013 Zmiany w Warunkach<\/strong><\/h3>\n\n\n\n<p><strong>NOMADORROLES<\/strong> zastrzega sobie prawo do aktualizacji, modyfikacji lub zaprzestania \u015bwiadczenia dowolnej cz\u0119\u015bci niniejszych Warunk\u00f3w lub us\u0142ug w dowolnym momencie i bez wcze\u015bniejszego powiadomienia.<br>Obowi\u0105zkiem u\u017cytkownika jest okresowe sprawdzanie tej strony. Dalsze korzystanie z platformy po wprowadzeniu zmian oznacza akceptacj\u0119 zaktualizowanych warunk\u00f3w.<\/p>\n\n\n\n<h3 class=\"wp-block-heading\"><strong>Artyku\u0142 X \u2013 Kontakt<\/strong><\/h3>\n\n\n\n<p>W przypadku pyta\u0144 lub w\u0105tpliwo\u015bci zwi\u0105zanych z niniejszymi Warunkami korzystania prosimy o kontakt pod adresem:<br><strong><a>https:\/\/nomadorroles.com\/contact<\/a><\/strong><br>E-mail: <strong><a>info@nomadorroles.com<\/a><\/strong><\/p>\n\n\n\n<p><strong>JE\u015aLI NIE ZGADZASZ SI\u0118 Z TYMI WARUNKAMI, NIE KORZYSTAJ Z NOMADORROLES ANI \u017bADNYCH JEGO US\u0141UG.<\/strong><\/p>","protected":false},"excerpt":{"rendered":"<p>Last updated: June 29, 2025 NOMADORROLES (https:\/\/nomadorroles.com) operates as an independent digital platform offering curated content, insights, and resources for actors, performers, and creative professionals in the performing arts. By accessing or using this website, you agree to abide by the terms, conditions, and policies outlined below. These Terms of Use define the rights and [&hellip;]<\/p>","protected":false},"author":198,"featured_media":0,"parent":0,"menu_order":0,"comment_status":"closed","ping_status":"closed","template":"","meta":{"footnotes":""},"_links":{"self":[{"href":"https:\/\/nomadorroles.com\/pl\/wp-json\/wp\/v2\/pages\/100"}],"collection":[{"href":"https:\/\/nomadorroles.com\/pl\/wp-json\/wp\/v2\/pages"}],"about":[{"href":"https:\/\/nomadorroles.com\/pl\/wp-json\/wp\/v2\/types\/page"}],"author":[{"embeddable":true,"href":"https:\/\/nomadorroles.com\/pl\/wp-json\/wp\/v2\/users\/198"}],"replies":[{"embeddable":true,"href":"https:\/\/nomadorroles.com\/pl\/wp-json\/wp\/v2\/comments?post=100"}],"version-history":[{"count":2,"href":"https:\/\/nomadorroles.com\/pl\/wp-json\/wp\/v2\/pages\/100\/revisions"}],"predecessor-version":[{"id":522,"href":"https:\/\/nomadorroles.com\/pl\/wp-json\/wp\/v2\/pages\/100\/revisions\/522"}],"wp:attachment":[{"href":"https:\/\/nomadorroles.com\/pl\/wp-json\/wp\/v2\/media?parent=100"}],"curies":[{"name":"wp","href":"https:\/\/api.w.org\/{rel}","templated":true}]}}