    {"id":103,"date":"2025-06-29T19:11:04","date_gmt":"2025-06-29T19:11:04","guid":{"rendered":"https:\/\/nomadorroles.com\/?page_id=103"},"modified":"2026-03-03T21:53:11","modified_gmt":"2026-03-03T21:53:11","slug":"about-us","status":"publish","type":"page","link":"https:\/\/nomadorroles.com\/pl\/about-us\/","title":{"rendered":"O nas"},"content":{"rendered":"<h2 class=\"wp-block-heading\"><\/h2>\n\n\n\n<p>Witamy w <strong>NOMADORROLES<\/strong> \u2013 Twoje strategiczne centrum pomys\u0142\u00f3w, realizacji i rozwoju na styku technologii, kreatywno\u015bci i wydajno\u015bci. Niezale\u017cnie od tego, czy budujesz mark\u0119, optymalizujesz kampanie, odkrywasz innowacje, czy doskonalisz swoj\u0105 kreatywno\u015b\u0107, NOMADORROLES jest tutaj, aby wspiera\u0107 Ci\u0119 w drodze od koncepcji do mierzalnego efektu.<\/p>\n\n\n\n<h3 class=\"wp-block-heading\">Co nas nap\u0119dza<\/h3>\n\n\n\n<p>W NOMADORROLES wierzymy, \u017ce nowoczesny rozw\u00f3j opiera si\u0119 na r\u00f3wnowadze mi\u0119dzy danymi a wyobra\u017ani\u0105. Nasza misja jest prosta: dostarcza\u0107 wysokiej jako\u015bci, przyst\u0119pne tre\u015bci, kt\u00f3re pomagaj\u0105 profesjonalistom i tw\u00f3rcom wykorzysta\u0107 potencja\u0142 <strong>technologia, analityka, branding i strategie wydajno\u015bciowe<\/strong> aby odnie\u015b\u0107 sukces w zmieniaj\u0105cym si\u0119 cyfrowym krajobrazie.<\/p>\n\n\n\n<p>Sukces w dzisiejszych czasach nie zale\u017cy tylko od kreatywno\u015bci \u2014 chodzi tak\u017ce o jasno\u015b\u0107, wgl\u0105d, pozycjonowanie i ci\u0105g\u0142\u0105 optymalizacj\u0119.<\/p>\n\n\n\n<h3 class=\"wp-block-heading\">Kim jeste\u015bmy<\/h3>\n\n\n\n<p>Jeste\u015bmy zespo\u0142em strateg\u00f3w, tw\u00f3rc\u00f3w, analityk\u00f3w i my\u015blicieli cyfrowych, kt\u00f3rych pasj\u0105 jest \u0142\u0105czenie innowacji z realizacj\u0105. NOMADORROLES powsta\u0142o, aby \u0142\u0105czy\u0107 \u015bmia\u0142e pomys\u0142y z realn\u0105 wydajno\u015bci\u0105.<\/p>\n\n\n\n<p>Oznacza to, \u017ce skupiamy si\u0119 na tre\u015bciach, kt\u00f3re informuj\u0105, inspiruj\u0105 i wyposa\u017caj\u0105 \u2014 niezale\u017cnie od tego, czy analizujesz wska\u017aniki, udoskonalasz g\u0142os swojej marki, eksplorujesz nowe technologie, czy odkrywasz nowe ramy kreatywne.<\/p>\n\n\n\n<p>Tutaj jeste\u015b kim\u015b wi\u0119cej ni\u017c czytelnikiem. Jeste\u015b cz\u0119\u015bci\u0105 przysz\u0142o\u015bciowej spo\u0142eczno\u015bci, kt\u00f3ra ceni eksperymenty, mierzalny wzrost i d\u0142ugoterminowy wp\u0142yw.<\/p>\n\n\n\n<h3 class=\"wp-block-heading\">Zaanga\u017cowa\u0107 si\u0119<\/h3>\n\n\n\n<p>Masz perspektyw\u0119 dotycz\u0105c\u0105 brandingu, analityki, strategii wydajno\u015bci, trend\u00f3w technologicznych lub proces\u00f3w kreatywnych? Chcesz podzieli\u0107 si\u0119 swoimi spostrze\u017ceniami lub zg\u0142\u0119bi\u0107 temat? Ch\u0119tnie Ci\u0119 wys\u0142uchamy.<\/p>\n\n\n\n<p>W NOMADORROLES pomys\u0142y ewoluuj\u0105 dzi\u0119ki wsp\u00f3\u0142pracy \u2014 a Tw\u00f3j g\u0142os pomaga kszta\u0142towa\u0107 to, co b\u0119dzie dalej.<\/p>\n\n\n\n<p>Tw\u00f3rzmy inteligentniejsze systemy, silniejsze marki i bardziej warto\u015bciow\u0105 tw\u00f3rczo\u015b\u0107 \u2014 jedna strategia, jeden eksperyment, jeden prze\u0142om na raz.<\/p>","protected":false},"excerpt":{"rendered":"<p>Welcome to NOMADORROLES \u2013 your strategic hub for ideas, execution, and growth at the intersection of technology, creativity, and performance. Whether you&#8217;re building a brand, optimizing campaigns, exploring innovation, or refining your creative edge, NOMADORROLES is here to support your journey from concept to measurable impact. What drives us At NOMADORROLES, we believe modern growth [&hellip;]<\/p>","protected":false},"author":198,"featured_media":0,"parent":0,"menu_order":0,"comment_status":"closed","ping_status":"closed","template":"","meta":{"footnotes":""},"_links":{"self":[{"href":"https:\/\/nomadorroles.com\/pl\/wp-json\/wp\/v2\/pages\/103"}],"collection":[{"href":"https:\/\/nomadorroles.com\/pl\/wp-json\/wp\/v2\/pages"}],"about":[{"href":"https:\/\/nomadorroles.com\/pl\/wp-json\/wp\/v2\/types\/page"}],"author":[{"embeddable":true,"href":"https:\/\/nomadorroles.com\/pl\/wp-json\/wp\/v2\/users\/198"}],"replies":[{"embeddable":true,"href":"https:\/\/nomadorroles.com\/pl\/wp-json\/wp\/v2\/comments?post=103"}],"version-history":[{"count":2,"href":"https:\/\/nomadorroles.com\/pl\/wp-json\/wp\/v2\/pages\/103\/revisions"}],"predecessor-version":[{"id":1094,"href":"https:\/\/nomadorroles.com\/pl\/wp-json\/wp\/v2\/pages\/103\/revisions\/1094"}],"wp:attachment":[{"href":"https:\/\/nomadorroles.com\/pl\/wp-json\/wp\/v2\/media?parent=103"}],"curies":[{"name":"wp","href":"https:\/\/api.w.org\/{rel}","templated":true}]}}