    {"id":105,"date":"2025-06-29T19:11:49","date_gmt":"2025-06-29T19:11:49","guid":{"rendered":"https:\/\/nomadorroles.com\/?page_id=105"},"modified":"2025-06-29T19:11:49","modified_gmt":"2025-06-29T19:11:49","slug":"contact","status":"publish","type":"page","link":"https:\/\/nomadorroles.com\/pl\/contact\/","title":{"rendered":"Kontakt"},"content":{"rendered":"<p>Dzi\u0119kujemy za odwiedziny <strong>NOMADORROLES<\/strong>, Twoja zaufana platforma do zdobywania wiedzy o aktorstwie, rozwoju kreatywnego i rozwoju zawodowego w sztukach performatywnych. Naprawd\u0119 cenimy Twoje wiadomo\u015bci i jeste\u015bmy tu po to, aby Ci\u0119 wspiera\u0107, \u0142\u0105czy\u0107 si\u0119 z Tob\u0105 i wsp\u00f3\u0142pracowa\u0107 z Tob\u0105.<\/p>\n\n\n\n<h3 class=\"wp-block-heading\"><strong>Zapytania og\u00f3lne<\/strong><\/h3>\n\n\n\n<p>Masz pytanie dotycz\u0105ce <strong>NOMADORROLES<\/strong> lub po prostu chcesz si\u0119 z nami skontaktowa\u0107? Napisz do nas na adres <strong><a>kontakt@nomadorroles.com<\/a><\/strong><br>Zawsze ch\u0119tnie poznamy opinie naszej spo\u0142eczno\u015bci kreatywnej. Skontaktujemy si\u0119 z Tob\u0105 najszybciej jak to mo\u017cliwe.<\/p>\n\n\n\n<h3 class=\"wp-block-heading\"><strong>Sugestie i uwagi dotycz\u0105ce tre\u015bci<\/strong><\/h3>\n\n\n\n<p>Masz pomys\u0142 na nowy artyku\u0142? Chcesz podzieli\u0107 si\u0119 swoj\u0105 wiedz\u0105, opowiedzie\u0107 histori\u0119 z przes\u0142uchania lub zasugerowa\u0107 temat, kt\u00f3ry powinni\u015bmy om\u00f3wi\u0107? Skontaktuj si\u0119 z nami <strong><a>redaktor@nomadorroles.com<\/a><\/strong><br>Zawsze szukamy autentycznych g\u0142os\u00f3w i \u015bwie\u017cych perspektyw w aktorstwie, wyst\u0119pach i artystycznym brandingu.<\/p>\n\n\n\n<h3 class=\"wp-block-heading\"><strong>Wsparcie techniczne<\/strong><\/h3>\n\n\n\n<p>Je\u015bli masz jakiekolwiek problemy z nasz\u0105 platform\u0105 lub potrzebujesz pomocy w dost\u0119pie do tre\u015bci, nie wahaj si\u0119 skontaktowa\u0107 z nami pod adresem <strong><a>support@nomadorroles.com<\/a><\/strong><br>Jeste\u015bmy tutaj, aby zapewni\u0107 Ci przyjemne do\u015bwiadczenie z <strong>NOMADORROLES<\/strong> jest g\u0142adki i inspiruj\u0105cy.<\/p>\n\n\n\n<h3 class=\"wp-block-heading\"><strong>B\u0105d\u017a w kontakcie<\/strong>D<\/h3>\n\n\n\n<p><strong>NOMADORROLES<\/strong> to cyfrowa platforma stworzona dla aktor\u00f3w i artyst\u00f3w na ca\u0142ym \u015bwiecie. Chocia\u017c nie dzia\u0142amy z fizycznego biura, zawsze jeste\u015bmy online \u2013 gotowi s\u0142ucha\u0107, wspiera\u0107 i rozwija\u0107 si\u0119 razem z Tob\u0105.<\/p>\n\n\n\n<p>Dzi\u0119kuj\u0119 jeszcze raz za udzia\u0142 w <strong>NOMADORROLES<\/strong> spo\u0142eczno\u015b\u0107. Czekamy na kontakt od Ciebie!<\/p>\n\n\n\n<p><strong>Serdeczne pozdrowienia,<\/strong><br><strong>Zesp\u00f3\u0142 NOMADORROLES<\/strong><\/p>","protected":false},"excerpt":{"rendered":"<p>Thank you for visiting NOMADORROLES, your trusted platform for acting insights, creative development, and professional growth in the performing arts. We truly value your messages and are here to support, connect, and collaborate with you. General Inquiries Have a question about NOMADORROLES or just want to reach out? Email us at contact@nomadorroles.comWe love hearing from [&hellip;]<\/p>","protected":false},"author":198,"featured_media":0,"parent":0,"menu_order":0,"comment_status":"closed","ping_status":"closed","template":"","meta":{"footnotes":""},"_links":{"self":[{"href":"https:\/\/nomadorroles.com\/pl\/wp-json\/wp\/v2\/pages\/105"}],"collection":[{"href":"https:\/\/nomadorroles.com\/pl\/wp-json\/wp\/v2\/pages"}],"about":[{"href":"https:\/\/nomadorroles.com\/pl\/wp-json\/wp\/v2\/types\/page"}],"author":[{"embeddable":true,"href":"https:\/\/nomadorroles.com\/pl\/wp-json\/wp\/v2\/users\/198"}],"replies":[{"embeddable":true,"href":"https:\/\/nomadorroles.com\/pl\/wp-json\/wp\/v2\/comments?post=105"}],"version-history":[{"count":1,"href":"https:\/\/nomadorroles.com\/pl\/wp-json\/wp\/v2\/pages\/105\/revisions"}],"predecessor-version":[{"id":106,"href":"https:\/\/nomadorroles.com\/pl\/wp-json\/wp\/v2\/pages\/105\/revisions\/106"}],"wp:attachment":[{"href":"https:\/\/nomadorroles.com\/pl\/wp-json\/wp\/v2\/media?parent=105"}],"curies":[{"name":"wp","href":"https:\/\/api.w.org\/{rel}","templated":true}]}}