    {"id":107,"date":"2025-06-29T19:12:39","date_gmt":"2025-06-29T19:12:39","guid":{"rendered":"https:\/\/nomadorroles.com\/?page_id=107"},"modified":"2025-10-21T18:38:38","modified_gmt":"2025-10-21T18:38:38","slug":"privacy-policy","status":"publish","type":"page","link":"https:\/\/nomadorroles.com\/pl\/privacy-policy\/","title":{"rendered":"Polityka prywatno\u015bci"},"content":{"rendered":"<p>Twoja prywatno\u015b\u0107 jest dla nas wa\u017cna. To jest <strong>NOMADORROLES<\/strong>Polityka firmy &#039;s szanuje Twoj\u0105 prywatno\u015b\u0107 w odniesieniu do wszelkich informacji, kt\u00f3re mo\u017cemy od Ciebie zbiera\u0107 za po\u015brednictwem naszej witryny internetowej, <strong>NOMADORROLES<\/strong>oraz inne witryny, kt\u00f3rych jeste\u015bmy w\u0142a\u015bcicielami i operatorami.<\/p>\n\n\n\n<p>Prosimy o podanie danych osobowych tylko wtedy, gdy jest to nam naprawd\u0119 potrzebne do \u015bwiadczenia Ci us\u0142ugi. Gromadzimy je w spos\u00f3b uczciwy i zgodny z prawem, za Twoj\u0105 wiedz\u0105 i zgod\u0105. Informujemy Ci\u0119 r\u00f3wnie\u017c, dlaczego je gromadzimy i jak b\u0119d\u0105 wykorzystywane.<\/p>\n\n\n\n<p>Zebrane informacje przechowujemy tylko tak d\u0142ugo, jak jest to konieczne do \u015bwiadczenia \u017c\u0105danej us\u0142ugi. Chronimy przechowywane przez nas dane w spos\u00f3b komercyjnie akceptowalny, aby zapobiec ich utracie i kradzie\u017cy, a tak\u017ce nieautoryzowanemu dost\u0119powi, ujawnieniu, kopiowaniu, wykorzystaniu lub modyfikacji.<\/p>\n\n\n\n<p>Nie udost\u0119pniamy \u017cadnych informacji umo\u017cliwiaj\u0105cych identyfikacj\u0119 u\u017cytkownika publicznie ani osobom trzecim, z wyj\u0105tkiem sytuacji, gdy wymaga tego prawo.<\/p>\n\n\n\n<p>Nasza strona internetowa mo\u017ce zawiera\u0107 linki do stron zewn\u0119trznych, kt\u00f3re nie s\u0105 przez nas obs\u0142ugiwane. Prosimy pami\u0119ta\u0107, \u017ce nie mamy kontroli nad tre\u015bci\u0105 ani praktykami stosowanymi na tych stronach i nie ponosimy odpowiedzialno\u015bci za ich polityk\u0119 prywatno\u015bci.<\/p>\n\n\n\n<p>Masz prawo odm\u00f3wi\u0107 podania swoich danych osobowych, ale pami\u0119taj, \u017ce w\u00f3wczas mo\u017cemy nie by\u0107 w stanie zapewni\u0107 Ci niekt\u00f3rych us\u0142ug, kt\u00f3rych oczekujesz.<\/p>\n\n\n\n<p>Dalsze korzystanie z naszej strony internetowej b\u0119dzie r\u00f3wnoznaczne z akceptacj\u0105 naszych praktyk dotycz\u0105cych prywatno\u015bci i danych osobowych. W razie pyta\u0144 dotycz\u0105cych sposobu przetwarzania danych u\u017cytkownik\u00f3w i danych osobowych prosimy o kontakt.<\/p>\n\n\n\n<h1 class=\"wp-block-heading\"><strong>Polityka plik\u00f3w cookie dla NOMADORROLES<\/strong><\/h1>\n\n\n\n<p>To jest Polityka plik\u00f3w cookie dla <strong>NOMADORROLES<\/strong>, dost\u0119pne z <a class=\"\" href=\"https:\/\/nomadorroles.com\/pl\/\">https:\/\/nomadorroles.com<\/a><\/p>\n\n\n\n<h2 class=\"wp-block-heading\">Czym s\u0105 pliki cookie<\/h2>\n\n\n\n<p>Zgodnie z powszechn\u0105 praktyk\u0105 stosowan\u0105 na niemal wszystkich profesjonalnych stronach internetowych, ta witryna wykorzystuje pliki cookie, czyli niewielkie pliki pobierane na komputer w celu poprawy komfortu u\u017cytkowania. Na tej stronie opisano, jakie informacje gromadz\u0105 te pliki, jak je wykorzystujemy i dlaczego czasami musimy je przechowywa\u0107. Podamy r\u00f3wnie\u017c informacje o tym, jak mo\u017cna zapobiec ich przechowywaniu, jednak mo\u017ce to pogorszy\u0107 lub \u201euszkodzi\u0107\u201d niekt\u00f3re elementy funkcjonalno\u015bci witryny.<\/p>\n\n\n\n<h2 class=\"wp-block-heading\">Jak u\u017cywamy plik\u00f3w cookie<\/h2>\n\n\n\n<p>U\u017cywamy plik\u00f3w cookie z r\u00f3\u017cnych powod\u00f3w, szczeg\u00f3\u0142owo opisanych poni\u017cej. Niestety, w wi\u0119kszo\u015bci przypadk\u00f3w nie ma standardowych w bran\u017cy opcji wy\u0142\u0105czania plik\u00f3w cookie bez ca\u0142kowitego wy\u0142\u0105czenia funkcjonalno\u015bci i funkcji, kt\u00f3re dodaj\u0105 one do tej witryny. Zalecamy pozostawienie wszystkich plik\u00f3w cookie w\u0142\u0105czonych, je\u015bli nie masz pewno\u015bci, czy ich potrzebujesz, na wypadek gdyby by\u0142y wykorzystywane do \u015bwiadczenia us\u0142ugi, z kt\u00f3rej korzystasz.<\/p>\n\n\n\n<h2 class=\"wp-block-heading\">Wy\u0142\u0105czanie plik\u00f3w cookie<\/h2>\n\n\n\n<p>Mo\u017cesz zapobiec zapisywaniu plik\u00f3w cookie, zmieniaj\u0105c ustawienia w swojej przegl\u0105darce (wi\u0119cej informacji znajdziesz w Pomocy przegl\u0105darki). Pami\u0119taj, \u017ce wy\u0142\u0105czenie plik\u00f3w cookie wp\u0142ynie na funkcjonalno\u015b\u0107 tej i wielu innych odwiedzanych przez Ciebie stron internetowych. Wy\u0142\u0105czenie plik\u00f3w cookie zazwyczaj powoduje r\u00f3wnie\u017c wy\u0142\u0105czenie niekt\u00f3rych funkcji i mo\u017cliwo\u015bci tej witryny. Dlatego zaleca si\u0119, aby nie wy\u0142\u0105cza\u0107 plik\u00f3w cookie.<\/p>\n\n\n\n<h2 class=\"wp-block-heading\">Pliki cookie, kt\u00f3re ustawiamy<\/h2>\n\n\n\n<ul>\n<li><strong>Pliki cookie zwi\u0105zane z kontem<\/strong><br>Je\u015bli utworzysz u nas konto, b\u0119dziemy u\u017cywa\u0107 plik\u00f3w cookie do zarz\u0105dzania procesem rejestracji i og\u00f3lnego administrowania. Te pliki cookie zazwyczaj zostan\u0105 usuni\u0119te po wylogowaniu; jednak w niekt\u00f3rych przypadkach mog\u0105 pozosta\u0107, aby zapami\u0119ta\u0107 Twoje preferencje dotycz\u0105ce witryny po wylogowaniu.<\/li>\n\n\n\n<li><strong>Pliki cookie zwi\u0105zane z logowaniem<\/strong><br>U\u017cywamy plik\u00f3w cookie, gdy jeste\u015b zalogowany, aby zapami\u0119ta\u0107 ten fakt. Dzi\u0119ki temu nie musisz logowa\u0107 si\u0119 za ka\u017cdym razem, gdy odwiedzasz now\u0105 stron\u0119. Te pliki cookie s\u0105 zazwyczaj usuwane lub czyszczone po wylogowaniu, aby zapewni\u0107 dost\u0119p do zastrze\u017conych funkcji i obszar\u00f3w tylko po zalogowaniu.<\/li>\n\n\n\n<li><strong>Pliki cookie zwi\u0105zane z biuletynami e-mail<\/strong><br>Ta strona oferuje us\u0142ugi subskrypcji newslettera lub wiadomo\u015bci e-mail, a pliki cookie mog\u0105 by\u0107 u\u017cywane do zapami\u0119tania, czy jeste\u015b ju\u017c zarejestrowany, a tak\u017ce do wy\u015bwietlania niekt\u00f3rych powiadomie\u0144, kt\u00f3re mog\u0105 by\u0107 wa\u017cne tylko dla u\u017cytkownik\u00f3w zapisanych\/zrezygnowanych z subskrypcji.<\/li>\n\n\n\n<li><strong>Pliki cookie zwi\u0105zane z przetwarzaniem zam\u00f3wie\u0144<\/strong><br>Ta strona mo\u017ce oferowa\u0107 funkcje handlu elektronicznego lub p\u0142atno\u015bci, a niekt\u00f3re pliki cookie s\u0105 niezb\u0119dne do zapami\u0119tania Twojego zam\u00f3wienia podczas odwiedzania kolejnych stron, aby\u015bmy mogli je prawid\u0142owo przetworzy\u0107.<\/li>\n\n\n\n<li><strong>Pliki cookie zwi\u0105zane z ankietami<\/strong><br>Od czasu do czasu oferujemy ankiety i kwestionariusze dla u\u017cytkownik\u00f3w, aby dostarczy\u0107 Ci ciekawych spostrze\u017ce\u0144, przydatnych narz\u0119dzi lub lepiej zrozumie\u0107 nasz\u0105 baz\u0119 u\u017cytkownik\u00f3w. Ankiety te mog\u0105 wykorzystywa\u0107 pliki cookie, aby zapami\u0119ta\u0107, kto ju\u017c wzi\u0105\u0142 udzia\u0142 w ankiecie, lub aby zapewni\u0107 Ci dok\u0142adne wyniki po przej\u015bciu na inn\u0105 stron\u0119.<\/li>\n\n\n\n<li><strong>Pliki cookie zwi\u0105zane z formularzami<\/strong><br>Gdy przesy\u0142asz dane za pomoc\u0105 formularza, takiego jak te, kt\u00f3re znajduj\u0105 si\u0119 na stronach kontaktowych lub w formularzach komentarzy, mog\u0105 zosta\u0107 ustawione pliki cookie, kt\u00f3re zapami\u0119taj\u0105 Twoje dane u\u017cytkownika na potrzeby przysz\u0142ej korespondencji.<\/li>\n\n\n\n<li><strong>Pliki cookie preferencji witryny<\/strong><br>Aby zapewni\u0107 Ci komfortowe korzystanie z tej witryny, udost\u0119pniamy funkcj\u0119 ustawiania preferencji dotycz\u0105cych sposobu dzia\u0142ania witryny podczas korzystania z niej. Aby zapami\u0119ta\u0107 Twoje preferencje, musimy ustawi\u0107 pliki cookie, aby te informacje mog\u0142y by\u0107 przywo\u0142ywane za ka\u017cdym razem, gdy wchodzisz w interakcj\u0119 ze stron\u0105, kt\u00f3rej dotycz\u0105 Twoje preferencje.<\/li>\n<\/ul>\n\n\n\n<h2 class=\"wp-block-heading\">Pliki cookie stron trzecich<\/h2>\n\n\n\n<p>W niekt\u00f3rych szczeg\u00f3lnych przypadkach u\u017cywamy r\u00f3wnie\u017c plik\u00f3w cookie dostarczanych przez zaufane podmioty zewn\u0119trzne. Poni\u017csza sekcja zawiera szczeg\u00f3\u0142owe informacje o plikach cookie podmiot\u00f3w zewn\u0119trznych, na kt\u00f3re mo\u017cesz natrafi\u0107 za po\u015brednictwem tej witryny:<\/p>\n\n\n\n<ul>\n<li>Ta strona korzysta <strong>Google Analytics<\/strong>, jednego z najpopularniejszych i najbardziej zaufanych rozwi\u0105za\u0144 analitycznych w sieci, kt\u00f3re pomaga nam zrozumie\u0107, w jaki spos\u00f3b korzystasz z witryny i jak mo\u017cemy ulepszy\u0107 Twoje do\u015bwiadczenia. Te pliki cookie mog\u0105 \u015bledzi\u0107 takie informacje, jak czas sp\u0119dzony na stronie i odwiedzane przez Ciebie strony, aby\u015bmy mogli nadal tworzy\u0107 anga\u017cuj\u0105ce tre\u015bci. Wi\u0119cej informacji znajdziesz na oficjalnej stronie Google Analytics.<\/li>\n\n\n\n<li><strong>Analityka stron trzecich<\/strong> S\u0142u\u017c\u0105 do \u015bledzenia i pomiaru korzystania z tej witryny, aby\u015bmy mogli nadal tworzy\u0107 tre\u015bci, kt\u00f3re wzbudzaj\u0105 zainteresowanie. Te pliki cookie mog\u0105 rejestrowa\u0107 takie informacje, jak czas sp\u0119dzony na stronie lub odwiedzane strony, pomagaj\u0105c nam zrozumie\u0107, jak mo\u017cemy ulepszy\u0107 Twoje do\u015bwiadczenia.<\/li>\n\n\n\n<li>Od czasu do czasu testujemy nowe funkcje i wprowadzamy drobne zmiany w sposobie dzia\u0142ania witryny. Podczas testowania nowych funkcji pliki cookie mog\u0105 by\u0107 wykorzystywane do zapewnienia sp\u00f3jnego dzia\u0142ania witryny oraz do zrozumienia, kt\u00f3re optymalizacje u\u017cytkownicy ceni\u0105 najbardziej.<\/li>\n\n\n\n<li>Promuj\u0105c tre\u015bci i produkty, wa\u017cne jest dla nas zrozumienie statystyk dotycz\u0105cych liczby os\u00f3b odwiedzaj\u0105cych nasz\u0105 witryn\u0119, kt\u00f3re faktycznie wchodz\u0105 w interakcj\u0119 z witryn\u0105 lub podejmuj\u0105 dzia\u0142ania. W\u0142a\u015bnie tego rodzaju dane b\u0119d\u0105 \u015bledzone przez te pliki cookie. Pomaga nam to podejmowa\u0107 \u015bwiadome decyzje i efektywnie zarz\u0105dza\u0107 zasobami.<\/li>\n\n\n\n<li>U\u017cywamy r\u00f3wnie\u017c <strong>przyciski i\/lub wtyczki medi\u00f3w spo\u0142eczno\u015bciowych<\/strong> na tej stronie, kt\u00f3re umo\u017cliwiaj\u0105 Ci \u0142\u0105czenie si\u0119 z Twoj\u0105 sieci\u0105 spo\u0142eczno\u015bciow\u0105 na r\u00f3\u017cne sposoby. Aby to dzia\u0142a\u0142o, nast\u0119puj\u0105ce platformy medi\u00f3w spo\u0142eczno\u015bciowych \u2013 w tym mi\u0119dzy innymi Facebook, X (Twitter), Instagram i LinkedIn \u2013 mog\u0105 ustawia\u0107 pliki cookie za po\u015brednictwem naszej witryny. Pliki te mog\u0105 by\u0107 wykorzystywane do ulepszania Twojego profilu na ich platformie lub do gromadzenia danych, kt\u00f3re przechowuj\u0105, zgodnie z opisem w ich odpowiednich politykach prywatno\u015bci.<\/li>\n<\/ul>\n\n\n\n<h3 class=\"wp-block-heading\">Reklama (Google AdSense) i Twoje wybory<\/h3>\n\n\n\n<p>Ta strona korzysta z Google AdSense do wy\u015bwietlania reklam. Google i jego partnerzy mog\u0105 u\u017cywa\u0107 plik\u00f3w cookie lub innych technologii do wy\u015bwietlania, pomiaru i personalizacji reklam na podstawie Twoich wizyt na tej i innych stronach internetowych.<\/p>\n\n\n\n<p>Aby dowiedzie\u0107 si\u0119, jak Google wykorzystuje dane z witryn i aplikacji korzystaj\u0105cych z jego us\u0142ug, odwied\u017a stron\u0119:<br><a href=\"https:\/\/policies.google.com\/technologies\/partner-sites\">https:\/\/policies.google.com\/technologies\/partner-sites<\/a><\/p>\n\n\n\n<p><strong>Zrezygnuj z reklam spersonalizowanych:<\/strong><br>Mo\u017cesz zrezygnowa\u0107 z personalizowanych reklam od Google, odwiedzaj\u0105c swoj\u0105 stron\u0119 <strong><a href=\"https:\/\/adssettings.google.com\/\">Ustawienia reklam (Moje Centrum reklam)<\/a><\/strong>.<br>Alternatywnie mo\u017cesz zrezygnowa\u0107 z reklam opartych na zainteresowaniach od wielu innych dostawc\u00f3w reklam, odwiedzaj\u0105c stron\u0119 <strong><a href=\"https:\/\/www.aboutads.info\/choices\/\">AboutAds.info\/choices<\/a><\/strong>.<\/p>\n\n\n\n<p>Uwaga: Nawet je\u015bli zrezygnujesz, nadal b\u0119dziesz widzie\u0107 reklamy, jednak mog\u0105 by\u0107 one mniej dopasowane do Twoich zainteresowa\u0144.<\/p>\n\n\n\n<hr class=\"wp-block-separator has-alpha-channel-opacity\" \/>\n\n\n\n<h2 class=\"wp-block-heading\">Wi\u0119cej informacji<\/h2>\n\n\n\n<p>Mam nadziej\u0119, \u017ce to Ci wyja\u015bni\u0142o. Jak ju\u017c wspomnia\u0142em, je\u015bli nie jeste\u015b pewien, czy czego\u015b potrzebujesz, zazwyczaj bezpieczniej jest pozostawi\u0107 pliki cookie w\u0142\u0105czone, na wypadek gdyby mia\u0142y one interakcj\u0119 z jedn\u0105 z funkcji, z kt\u00f3rych korzystasz na naszej stronie.<\/p>\n\n\n\n<p><strong>Niniejsza polityka obowi\u0105zuje od dnia 29 czerwca 2025 r.<\/strong><\/p>","protected":false},"excerpt":{"rendered":"<p>Twoja prywatno\u015b\u0107 jest dla nas wa\u017cna. Polityk\u0105 NOMADORROLES jest poszanowanie Twojej prywatno\u015bci w odniesieniu do wszelkich informacji, kt\u00f3re mo\u017cemy od Ciebie gromadzi\u0107 na naszej stronie internetowej, w NOMADORROLES oraz na innych stronach, kt\u00f3re posiadamy i obs\u0142ugujemy. Prosimy o podanie danych osobowych tylko wtedy, gdy jest to naprawd\u0119 niezb\u0119dne do \u015bwiadczenia Ci us\u0142ug. Gromadzimy je w spos\u00f3b uczciwy [\u2026]<\/p>","protected":false},"author":198,"featured_media":0,"parent":0,"menu_order":0,"comment_status":"closed","ping_status":"closed","template":"","meta":{"footnotes":""},"_links":{"self":[{"href":"https:\/\/nomadorroles.com\/pl\/wp-json\/wp\/v2\/pages\/107"}],"collection":[{"href":"https:\/\/nomadorroles.com\/pl\/wp-json\/wp\/v2\/pages"}],"about":[{"href":"https:\/\/nomadorroles.com\/pl\/wp-json\/wp\/v2\/types\/page"}],"author":[{"embeddable":true,"href":"https:\/\/nomadorroles.com\/pl\/wp-json\/wp\/v2\/users\/198"}],"replies":[{"embeddable":true,"href":"https:\/\/nomadorroles.com\/pl\/wp-json\/wp\/v2\/comments?post=107"}],"version-history":[{"count":2,"href":"https:\/\/nomadorroles.com\/pl\/wp-json\/wp\/v2\/pages\/107\/revisions"}],"predecessor-version":[{"id":515,"href":"https:\/\/nomadorroles.com\/pl\/wp-json\/wp\/v2\/pages\/107\/revisions\/515"}],"wp:attachment":[{"href":"https:\/\/nomadorroles.com\/pl\/wp-json\/wp\/v2\/media?parent=107"}],"curies":[{"name":"wp","href":"https:\/\/api.w.org\/{rel}","templated":true}]}}