    {"id":100,"date":"2025-06-29T19:10:31","date_gmt":"2025-06-29T19:10:31","guid":{"rendered":"https:\/\/nomadorroles.com\/?page_id=100"},"modified":"2025-10-23T14:52:55","modified_gmt":"2025-10-23T14:52:55","slug":"terms-of-use","status":"publish","type":"page","link":"https:\/\/nomadorroles.com\/pt\/terms-of-use\/","title":{"rendered":"Termos de Uso"},"content":{"rendered":"<p><strong>\u00daltima atualiza\u00e7\u00e3o: 29 de junho de 2025<\/strong><\/p>\n\n\n\n<p><strong>NOMADORES<\/strong> (<a class=\"\" href=\"https:\/\/nomadorroles.com\/pt\/\">https:\/\/nomadorroles.com<\/a>) opera como uma plataforma digital independente que oferece conte\u00fado selecionado, insights e recursos para atores, artistas e profissionais criativos nas artes c\u00eanicas. Ao acessar ou utilizar este site, voc\u00ea concorda em cumprir os termos, condi\u00e7\u00f5es e pol\u00edticas descritos abaixo.<\/p>\n\n\n\n<p>Estes Termos de Uso definem os direitos e responsabilidades dos usu\u00e1rios que interagem com o <strong>NOMADORES<\/strong> plataforma. O uso deste site tamb\u00e9m est\u00e1 sujeito \u00e0 nossa Pol\u00edtica de Privacidade.<\/p>\n\n\n\n<p><strong>LEIA ESTES TERMOS COM ATEN\u00c7\u00c3O. SE VOC\u00ca N\u00c3O CONCORDAR COM ELES, N\u00c3O USE O NOMADORROLES OU QUALQUER UM DE SEUS SERVI\u00c7OS.<\/strong><\/p>\n\n\n\n<h3 class=\"wp-block-heading\"><strong>Artigo I \u2013 Contrato do Usu\u00e1rio<\/strong><\/h3>\n\n\n\n<p>1.1 Ao usar <strong>NOMADORES<\/strong>, voc\u00ea confirma sua total aceita\u00e7\u00e3o destes Termos de Uso e nossa Pol\u00edtica de Privacidade.<br>1.2 Voc\u00ea deve ter pelo menos 18 anos ou ter capacidade legal em sua jurisdi\u00e7\u00e3o para usar esta plataforma.<br>1.3 Se voc\u00ea n\u00e3o atender a estas condi\u00e7\u00f5es ou discordar de qualquer parte destes termos, voc\u00ea n\u00e3o poder\u00e1 acessar ou usar nossos servi\u00e7os.<\/p>\n\n\n\n<h3 class=\"wp-block-heading\"><strong>Artigo II \u2013 Comunica\u00e7\u00e3o<\/strong><\/h3>\n\n\n\n<p>2.1 <strong>NOMADORES<\/strong> fornece canais de comunica\u00e7\u00e3o para os usu\u00e1rios fazerem perguntas, enviarem sugest\u00f5es ou relatarem problemas t\u00e9cnicos.<br>2.2 Voc\u00ea pode entrar em contato conosco atrav\u00e9s da nossa P\u00e1gina de Contato ou pelos endere\u00e7os de e-mail designados listados l\u00e1.<\/p>\n\n\n\n<h3 class=\"wp-block-heading\"><strong>Artigo III \u2013 Responsabilidades das Partes<\/strong><\/h3>\n\n\n\n<p>3.1 Os usu\u00e1rios devem concordar e cumprir estes Termos de Uso e a Pol\u00edtica de Privacidade ao interagir com <strong>NOMADORES<\/strong> conte\u00fado ou servi\u00e7os.<br>3.2 A plataforma pode incluir links para sites de terceiros para fins de refer\u00eancia ou informativos. Esses links s\u00e3o fornecidos apenas para sua conveni\u00eancia.<br>3.3 Uma vez redirecionado, voc\u00ea estar\u00e1 sujeito \u00e0s pol\u00edticas do site de terceiros. <strong>NOMADORES<\/strong> n\u00e3o \u00e9 respons\u00e1vel pela precis\u00e3o, seguran\u00e7a ou pr\u00e1ticas de sites externos.<br>3.4 Os usu\u00e1rios s\u00e3o os \u00fanicos respons\u00e1veis por proteger sua conex\u00e3o de internet, dispositivos e acesso \u00e0 conta durante o uso <strong>NOMADORES<\/strong>.<br>3.5 <strong>NOMADORES<\/strong> n\u00e3o \u00e9 respons\u00e1vel por quaisquer danos resultantes de falhas t\u00e9cnicas, acesso n\u00e3o autorizado ou uso indevido da plataforma al\u00e9m do nosso controle.<br>3.6 Nunca solicitaremos transfer\u00eancias banc\u00e1rias, dados confidenciais ou informa\u00e7\u00f5es pessoais sigilosas por meio de canais n\u00e3o oficiais.<br>3.7 Qualquer atividade ou mensagem suspeita que alegue ser de <strong>NOMADORES<\/strong> devem ser reportados imediatamente atrav\u00e9s da nossa p\u00e1gina de contato.<\/p>\n\n\n\n<h3 class=\"wp-block-heading\"><strong>Artigo IV \u2013 Conduta Proibida<\/strong><\/h3>\n\n\n\n<p>\u00c9 estritamente proibido aos usu\u00e1rios:<\/p>\n\n\n\n<ul>\n<li>Envolver-se em comportamento ilegal, enganoso ou malicioso;<\/li>\n\n\n\n<li>Violar direitos de propriedade intelectual ou leis de privacidade;<\/li>\n\n\n\n<li>Carregar ou distribuir v\u00edrus, malware ou c\u00f3digo prejudicial;<\/li>\n\n\n\n<li>Representar indiv\u00edduos ou organiza\u00e7\u00f5es;<\/li>\n\n\n\n<li>Coleta de dados pessoais sem consentimento;<\/li>\n\n\n\n<li>Compartilhar conte\u00fado n\u00e3o autorizado, enganoso ou difamat\u00f3rio;<\/li>\n\n\n\n<li>Assediar ou amea\u00e7ar outras pessoas;<\/li>\n\n\n\n<li>Tentar hackear, manipular ou interromper as opera\u00e7\u00f5es da plataforma.<\/li>\n<\/ul>\n\n\n\n<p>A viola\u00e7\u00e3o destes termos pode resultar na suspens\u00e3o ou rescis\u00e3o permanente do acesso a <strong>NOMADORES<\/strong>, com ou sem aviso pr\u00e9vio.<\/p>\n\n\n\n<h3 class=\"wp-block-heading\"><strong>Artigo V \u2013 Limita\u00e7\u00e3o de Responsabilidade e Garantias<\/strong><\/h3>\n\n\n\n<p><strong>NOMADORES<\/strong> fornece seus servi\u00e7os e conte\u00fado \u201ccomo est\u00e3o\u201d e \u201cconforme dispon\u00edveis\u201d, sem quaisquer garantias expressas ou impl\u00edcitas.<br>N\u00e3o garantimos acesso ininterrupto, conte\u00fado livre de erros ou que todas as informa\u00e7\u00f5es sejam atuais ou adequadas \u00e0s suas necessidades.<br>Na m\u00e1xima extens\u00e3o permitida por lei, <strong>NOMADORES<\/strong> isenta-se de toda responsabilidade por danos diretos, indiretos, incidentais ou consequentes decorrentes do uso deste site ou de seu conte\u00fado.<\/p>\n\n\n\n<h3 class=\"wp-block-heading\"><strong>Artigo VI \u2013 Prazo e Prazo Legal<\/strong><\/h3>\n\n\n\n<p>Estes Termos de Uso s\u00e3o v\u00e1lidos por tempo indeterminado. Qualquer a\u00e7\u00e3o judicial ou lit\u00edgio relacionado \u00e0 plataforma dever\u00e1 ser iniciado no prazo de 90 (noventa) dias a partir do evento que deu origem \u00e0 reclama\u00e7\u00e3o.<\/p>\n\n\n\n<h3 class=\"wp-block-heading\"><strong>Artigo VII \u2013 Lei Aplic\u00e1vel e Jurisdi\u00e7\u00e3o<\/strong><\/h3>\n\n\n\n<p>Estes Termos de Uso ser\u00e3o regidos e interpretados de acordo com o <strong>leis da Rep\u00fablica da Est\u00f4nia<\/strong>. Qualquer disputa, controv\u00e9rsia ou reclama\u00e7\u00e3o decorrente ou relacionada a estes Termos ou ao uso deste site ser\u00e1 resolvida de acordo com a lei da Est\u00f4nia, sob a <strong>jurisdi\u00e7\u00e3o exclusiva dos tribunais localizados em Tallinn, Est\u00f4nia<\/strong>.<br>Esta cl\u00e1usula garante transpar\u00eancia jur\u00eddica e alinhamento com as melhores pr\u00e1ticas internacionais de conformidade, conforme previsto pela legisla\u00e7\u00e3o estoniana. <em>Lei das Obriga\u00e7\u00f5es<\/em> e <em>Lei de Direito Internacional Privado<\/em>.<\/p>\n\n\n\n<h3 class=\"wp-block-heading\"><strong>Artigo VIII \u2013 Propriedade Intelectual<\/strong><\/h3>\n\n\n\n<p>8.1 Todo o conte\u00fado em <strong>NOMADORES<\/strong>, incluindo artigos, imagens, marcas e outros materiais criativos, \u00e9 protegido pelas leis de propriedade intelectual.<br>8.2 Voc\u00ea n\u00e3o pode copiar, reproduzir, distribuir ou republicar qualquer parte do conte\u00fado sem a permiss\u00e3o pr\u00e9via por escrito da <strong>NOMADORES<\/strong>.<br>8.3 O conte\u00fado enviado pelo usu\u00e1rio continua sendo responsabilidade do colaborador. <strong>NOMADORES<\/strong> reserva-se o direito de remover qualquer conte\u00fado que viole padr\u00f5es legais ou \u00e9ticos.<\/p>\n\n\n\n<h3 class=\"wp-block-heading\"><strong>Artigo IX \u2013 Altera\u00e7\u00f5es aos Termos<\/strong><\/h3>\n\n\n\n<p><strong>NOMADORES<\/strong> reserva-se o direito de atualizar, modificar ou descontinuar qualquer parte destes Termos ou servi\u00e7os a qualquer momento, sem aviso pr\u00e9vio.<br>\u00c9 sua responsabilidade verificar esta p\u00e1gina periodicamente. O uso cont\u00ednuo da plataforma ap\u00f3s as altera\u00e7\u00f5es constitui aceita\u00e7\u00e3o dos termos atualizados.<\/p>\n\n\n\n<h3 class=\"wp-block-heading\"><strong>Artigo X \u2013 Contato<\/strong><\/h3>\n\n\n\n<p>Para quaisquer d\u00favidas ou preocupa\u00e7\u00f5es relacionadas a estes Termos de Uso, entre em contato conosco em:<br><strong><a>https:\/\/nomadorroles.com\/contact<\/a><\/strong><br>E-mail: <strong><a>info@nomadorroles.com<\/a><\/strong><\/p>\n\n\n\n<p><strong>SE VOC\u00ca N\u00c3O CONCORDAR COM ESTES TERMOS, N\u00c3O USE O NOMADORROLES OU QUALQUER UM DE SEUS SERVI\u00c7OS.<\/strong><\/p>","protected":false},"excerpt":{"rendered":"<p>Last updated: June 29, 2025 NOMADORROLES (https:\/\/nomadorroles.com) operates as an independent digital platform offering curated content, insights, and resources for actors, performers, and creative professionals in the performing arts. By accessing or using this website, you agree to abide by the terms, conditions, and policies outlined below. These Terms of Use define the rights and [&hellip;]<\/p>","protected":false},"author":198,"featured_media":0,"parent":0,"menu_order":0,"comment_status":"closed","ping_status":"closed","template":"","meta":{"footnotes":""},"_links":{"self":[{"href":"https:\/\/nomadorroles.com\/pt\/wp-json\/wp\/v2\/pages\/100"}],"collection":[{"href":"https:\/\/nomadorroles.com\/pt\/wp-json\/wp\/v2\/pages"}],"about":[{"href":"https:\/\/nomadorroles.com\/pt\/wp-json\/wp\/v2\/types\/page"}],"author":[{"embeddable":true,"href":"https:\/\/nomadorroles.com\/pt\/wp-json\/wp\/v2\/users\/198"}],"replies":[{"embeddable":true,"href":"https:\/\/nomadorroles.com\/pt\/wp-json\/wp\/v2\/comments?post=100"}],"version-history":[{"count":2,"href":"https:\/\/nomadorroles.com\/pt\/wp-json\/wp\/v2\/pages\/100\/revisions"}],"predecessor-version":[{"id":522,"href":"https:\/\/nomadorroles.com\/pt\/wp-json\/wp\/v2\/pages\/100\/revisions\/522"}],"wp:attachment":[{"href":"https:\/\/nomadorroles.com\/pt\/wp-json\/wp\/v2\/media?parent=100"}],"curies":[{"name":"wp","href":"https:\/\/api.w.org\/{rel}","templated":true}]}}