    {"id":103,"date":"2025-06-29T19:11:04","date_gmt":"2025-06-29T19:11:04","guid":{"rendered":"https:\/\/nomadorroles.com\/?page_id=103"},"modified":"2026-03-03T21:53:11","modified_gmt":"2026-03-03T21:53:11","slug":"about-us","status":"publish","type":"page","link":"https:\/\/nomadorroles.com\/pt\/about-us\/","title":{"rendered":"Sobre n\u00f3s"},"content":{"rendered":"<h2 class=\"wp-block-heading\"><\/h2>\n\n\n\n<p>Bem-vindo ao <strong>NOMADORES<\/strong> \u2013 Seu centro estrat\u00e9gico para ideias, execu\u00e7\u00e3o e crescimento na interse\u00e7\u00e3o de tecnologia, criatividade e desempenho. Seja para construir uma marca, otimizar campanhas, explorar inova\u00e7\u00f5es ou aprimorar sua criatividade, a NOMADORROLES est\u00e1 aqui para apoiar sua jornada do conceito ao impacto mensur\u00e1vel.<\/p>\n\n\n\n<h3 class=\"wp-block-heading\">O que nos move<\/h3>\n\n\n\n<p>Na NOMADORROLES, acreditamos que o crescimento moderno se constr\u00f3i sobre o equil\u00edbrio entre dados e imagina\u00e7\u00e3o. Nossa miss\u00e3o \u00e9 simples: fornecer conte\u00fado acess\u00edvel e de alta qualidade que ajude profissionais e criadores a alavancar seu potencial. <strong>tecnologia, an\u00e1lise de dados, branding e estrat\u00e9gias de desempenho<\/strong> Para prosperar em um cen\u00e1rio digital em constante evolu\u00e7\u00e3o.<\/p>\n\n\n\n<p>Hoje em dia, o sucesso n\u00e3o se resume apenas \u00e0 criatividade \u2014 trata-se de clareza, perspic\u00e1cia, posicionamento e otimiza\u00e7\u00e3o cont\u00ednua.<\/p>\n\n\n\n<h3 class=\"wp-block-heading\">Quem somos<\/h3>\n\n\n\n<p>Somos uma equipe de estrategistas, criadores, analistas e pensadores digitais apaixonados por conectar inova\u00e7\u00e3o \u00e0 execu\u00e7\u00e3o. A NOMADORROLES foi criada para unir ideias ousadas a resultados concretos.<\/p>\n\n\n\n<p>Isso significa que nos concentramos em conte\u00fado que informa, inspira e capacita \u2014 seja voc\u00ea analisando m\u00e9tricas, refinando a voz da sua marca, explorando tecnologias emergentes ou descobrindo novas estruturas criativas.<\/p>\n\n\n\n<p>Aqui, voc\u00ea \u00e9 mais do que um leitor. Voc\u00ea faz parte de uma comunidade inovadora que valoriza a experimenta\u00e7\u00e3o, o crescimento mensur\u00e1vel e o impacto a longo prazo.<\/p>\n\n\n\n<h3 class=\"wp-block-heading\">Envolva-se<\/h3>\n\n\n\n<p>Tem alguma opini\u00e3o sobre branding, an\u00e1lise de dados, estrat\u00e9gia de performance, tend\u00eancias tecnol\u00f3gicas ou processos criativos? Gostaria de compartilhar suas ideias ou explorar um t\u00f3pico mais a fundo? Adorar\u00edamos ouvir voc\u00ea.<\/p>\n\n\n\n<p>Na NOMADORROLES, as ideias evoluem por meio da colabora\u00e7\u00e3o \u2014 e a sua voz ajuda a moldar o que vem a seguir.<\/p>\n\n\n\n<p>Vamos construir sistemas mais inteligentes, marcas mais fortes e trabalhos criativos mais significativos \u2014 uma estrat\u00e9gia, um experimento, uma inova\u00e7\u00e3o de cada vez.<\/p>","protected":false},"excerpt":{"rendered":"<p>Welcome to NOMADORROLES \u2013 your strategic hub for ideas, execution, and growth at the intersection of technology, creativity, and performance. Whether you&#8217;re building a brand, optimizing campaigns, exploring innovation, or refining your creative edge, NOMADORROLES is here to support your journey from concept to measurable impact. What drives us At NOMADORROLES, we believe modern growth [&hellip;]<\/p>","protected":false},"author":198,"featured_media":0,"parent":0,"menu_order":0,"comment_status":"closed","ping_status":"closed","template":"","meta":{"footnotes":""},"_links":{"self":[{"href":"https:\/\/nomadorroles.com\/pt\/wp-json\/wp\/v2\/pages\/103"}],"collection":[{"href":"https:\/\/nomadorroles.com\/pt\/wp-json\/wp\/v2\/pages"}],"about":[{"href":"https:\/\/nomadorroles.com\/pt\/wp-json\/wp\/v2\/types\/page"}],"author":[{"embeddable":true,"href":"https:\/\/nomadorroles.com\/pt\/wp-json\/wp\/v2\/users\/198"}],"replies":[{"embeddable":true,"href":"https:\/\/nomadorroles.com\/pt\/wp-json\/wp\/v2\/comments?post=103"}],"version-history":[{"count":2,"href":"https:\/\/nomadorroles.com\/pt\/wp-json\/wp\/v2\/pages\/103\/revisions"}],"predecessor-version":[{"id":1094,"href":"https:\/\/nomadorroles.com\/pt\/wp-json\/wp\/v2\/pages\/103\/revisions\/1094"}],"wp:attachment":[{"href":"https:\/\/nomadorroles.com\/pt\/wp-json\/wp\/v2\/media?parent=103"}],"curies":[{"name":"wp","href":"https:\/\/api.w.org\/{rel}","templated":true}]}}