    {"id":105,"date":"2025-06-29T19:11:49","date_gmt":"2025-06-29T19:11:49","guid":{"rendered":"https:\/\/nomadorroles.com\/?page_id=105"},"modified":"2025-06-29T19:11:49","modified_gmt":"2025-06-29T19:11:49","slug":"contact","status":"publish","type":"page","link":"https:\/\/nomadorroles.com\/pt\/contact\/","title":{"rendered":"Contato"},"content":{"rendered":"<p>Obrigado pela visita <strong>NOMADORES<\/strong>, sua plataforma confi\u00e1vel para insights sobre atua\u00e7\u00e3o, desenvolvimento criativo e crescimento profissional nas artes c\u00eanicas. Valorizamos suas mensagens e estamos aqui para apoiar, conectar e colaborar com voc\u00ea.<\/p>\n\n\n\n<h3 class=\"wp-block-heading\"><strong>Consultas Gerais<\/strong><\/h3>\n\n\n\n<p>Tem alguma pergunta sobre <strong>NOMADORES<\/strong> ou apenas quer entrar em contato? Envie-nos um e-mail para <strong><a>contato@nomadorroles.com<\/a><\/strong><br>Adoramos ouvir a opini\u00e3o da nossa comunidade criativa e entraremos em contato com voc\u00ea o mais breve poss\u00edvel.<\/p>\n\n\n\n<h3 class=\"wp-block-heading\"><strong>Sugest\u00f5es e contribui\u00e7\u00f5es de conte\u00fado<\/strong><\/h3>\n\n\n\n<p>Tem uma ideia para um novo artigo? Quer compartilhar sua experi\u00eancia, sua hist\u00f3ria de audi\u00e7\u00e3o ou sugerir um t\u00f3pico que devemos explorar? Entre em contato conosco. <strong><a>editor@nomadorroles.com<\/a><\/strong><br>Estamos sempre buscando vozes aut\u00eanticas e novas perspectivas em atua\u00e7\u00e3o, performance e branding art\u00edstico.<\/p>\n\n\n\n<h3 class=\"wp-block-heading\"><strong>Suporte t\u00e9cnico<\/strong><\/h3>\n\n\n\n<p>Se voc\u00ea estiver enfrentando algum problema com nossa plataforma ou precisar de ajuda para acessar o conte\u00fado, n\u00e3o hesite em nos contatar em <strong><a>support@nomadorroles.com<\/a><\/strong><br>Estamos aqui para garantir sua experi\u00eancia com <strong>NOMADORES<\/strong> \u00e9 suave e inspirador.<\/p>\n\n\n\n<h3 class=\"wp-block-heading\"><strong>Fique conectado<\/strong>d<\/h3>\n\n\n\n<p><strong>NOMADORES<\/strong> \u00e9 uma plataforma digital criada para atores e artistas do mundo todo. Embora n\u00e3o tenhamos um escrit\u00f3rio f\u00edsico, estamos sempre online \u2014 prontos para ouvir, apoiar e crescer com voc\u00ea.<\/p>\n\n\n\n<p>Obrigado novamente por fazer parte do <strong>NOMADORES<\/strong> comunidade. Aguardamos seu contato!<\/p>\n\n\n\n<p><strong>Atenciosamente,<\/strong><br><strong>A equipe NOMADORROLES<\/strong><\/p>","protected":false},"excerpt":{"rendered":"<p>Thank you for visiting NOMADORROLES, your trusted platform for acting insights, creative development, and professional growth in the performing arts. We truly value your messages and are here to support, connect, and collaborate with you. General Inquiries Have a question about NOMADORROLES or just want to reach out? Email us at contact@nomadorroles.comWe love hearing from [&hellip;]<\/p>","protected":false},"author":198,"featured_media":0,"parent":0,"menu_order":0,"comment_status":"closed","ping_status":"closed","template":"","meta":{"footnotes":""},"_links":{"self":[{"href":"https:\/\/nomadorroles.com\/pt\/wp-json\/wp\/v2\/pages\/105"}],"collection":[{"href":"https:\/\/nomadorroles.com\/pt\/wp-json\/wp\/v2\/pages"}],"about":[{"href":"https:\/\/nomadorroles.com\/pt\/wp-json\/wp\/v2\/types\/page"}],"author":[{"embeddable":true,"href":"https:\/\/nomadorroles.com\/pt\/wp-json\/wp\/v2\/users\/198"}],"replies":[{"embeddable":true,"href":"https:\/\/nomadorroles.com\/pt\/wp-json\/wp\/v2\/comments?post=105"}],"version-history":[{"count":1,"href":"https:\/\/nomadorroles.com\/pt\/wp-json\/wp\/v2\/pages\/105\/revisions"}],"predecessor-version":[{"id":106,"href":"https:\/\/nomadorroles.com\/pt\/wp-json\/wp\/v2\/pages\/105\/revisions\/106"}],"wp:attachment":[{"href":"https:\/\/nomadorroles.com\/pt\/wp-json\/wp\/v2\/media?parent=105"}],"curies":[{"name":"wp","href":"https:\/\/api.w.org\/{rel}","templated":true}]}}