    {"id":103,"date":"2025-06-29T19:11:04","date_gmt":"2025-06-29T19:11:04","guid":{"rendered":"https:\/\/nomadorroles.com\/?page_id=103"},"modified":"2026-03-03T21:53:11","modified_gmt":"2026-03-03T21:53:11","slug":"about-us","status":"publish","type":"page","link":"https:\/\/nomadorroles.com\/ro\/about-us\/","title":{"rendered":"Despre noi"},"content":{"rendered":"<h2 class=\"wp-block-heading\"><\/h2>\n\n\n\n<p>Bine a\u021bi venit la <strong>NOMADORROLES<\/strong> \u2013 centrul t\u0103u strategic pentru idei, execu\u021bie \u0219i cre\u0219tere, la intersec\u021bia dintre tehnologie, creativitate \u0219i performan\u021b\u0103. Indiferent dac\u0103 construie\u0219ti un brand, optimizezi campanii, explorezi inova\u021bia sau \u00ee\u021bi rafinezi avantajul creativ, NOMADORROLES este aici pentru a te sprijini \u00een c\u0103l\u0103toria de la concept la impact m\u0103surabil.<\/p>\n\n\n\n<h3 class=\"wp-block-heading\">Ce ne motiveaz\u0103<\/h3>\n\n\n\n<p>La NOMADORROLES, credem c\u0103 cre\u0219terea modern\u0103 se bazeaz\u0103 pe echilibrul dintre date \u0219i imagina\u021bie. Misiunea noastr\u0103 este simpl\u0103: s\u0103 oferim con\u021binut accesibil \u0219i de \u00eenalt\u0103 calitate, care s\u0103 ajute profesioni\u0219tii \u0219i creatorii s\u0103 profite de... <strong>tehnologie, analiz\u0103, branding \u0219i strategii de performan\u021b\u0103<\/strong> s\u0103 prospere \u00eentr-un peisaj digital \u00een continu\u0103 evolu\u021bie.<\/p>\n\n\n\n<p>Succesul ast\u0103zi nu \u00eenseamn\u0103 doar creativitate - ci \u0219i claritate, perspicacitate, pozi\u021bionare \u0219i optimizare continu\u0103.<\/p>\n\n\n\n<h3 class=\"wp-block-heading\">Cine suntem<\/h3>\n\n\n\n<p>Suntem o echip\u0103 de strategi, creatori, anali\u0219ti \u0219i g\u00e2nditori digitali pasiona\u021bi de \u00eembinarea inova\u021biei cu execu\u021bia. NOMADORROLES a fost creat pentru a conecta idei \u00eendr\u0103zne\u021be cu performan\u021ba din lumea real\u0103.<\/p>\n\n\n\n<p>Asta \u00eenseamn\u0103 c\u0103 ne concentr\u0103m pe con\u021binut care informeaz\u0103, inspir\u0103 \u0219i echipeaz\u0103 - indiferent dac\u0103 analiza\u021bi indicatori, rafina\u021bi vocea brandului, explora\u021bi tehnologii emergente sau debloca\u021bi noi cadre creative.<\/p>\n\n\n\n<p>Aici, e\u0219ti mai mult dec\u00e2t un cititor. Faci parte dintr-o comunitate inovatoare care valorizeaz\u0103 experimentarea, cre\u0219terea m\u0103surabil\u0103 \u0219i impactul pe termen lung.<\/p>\n\n\n\n<h3 class=\"wp-block-heading\">Implic\u0103-te<\/h3>\n\n\n\n<p>Ai o perspectiv\u0103 asupra brandingului, analizelor, strategiei de performan\u021b\u0103, tendin\u021belor tehnologice sau proceselor creative? Vrei s\u0103 ne \u00eemp\u0103rt\u0103\u0219e\u0219ti perspectivele tale sau s\u0103 explorezi un subiect mai \u00een profunzime? Ne-ar pl\u0103cea s\u0103 auzim de tine.<\/p>\n\n\n\n<p>La NOMADORROLES, ideile evolueaz\u0103 prin colaborare \u2014 iar vocea ta contribuie la modelarea viitorului.<\/p>\n\n\n\n<p>S\u0103 construim sisteme mai inteligente, branduri mai puternice \u0219i o munc\u0103 creativ\u0103 mai semnificativ\u0103 \u2014 c\u00e2te o strategie, c\u00e2te un experiment, c\u00e2te o descoperire pe r\u00e2nd.<\/p>","protected":false},"excerpt":{"rendered":"<p>Bun venit la NOMADORROLES \u2013 centrul t\u0103u strategic pentru idei, execu\u021bie \u0219i cre\u0219tere, la intersec\u021bia dintre tehnologie, creativitate \u0219i performan\u021b\u0103. Indiferent dac\u0103 construie\u0219ti un brand, optimizezi campanii, explorezi inova\u021bia sau \u00ee\u021bi rafinezi avantajul creativ, NOMADORROLES este aici pentru a te sprijini \u00een c\u0103l\u0103toria de la concept la impact m\u0103surabil. Ce ne motiveaz\u0103 La NOMADORROLES, credem c\u0103 dezvoltarea modern\u0103 [\u2026]<\/p>","protected":false},"author":198,"featured_media":0,"parent":0,"menu_order":0,"comment_status":"closed","ping_status":"closed","template":"","meta":{"footnotes":""},"_links":{"self":[{"href":"https:\/\/nomadorroles.com\/ro\/wp-json\/wp\/v2\/pages\/103"}],"collection":[{"href":"https:\/\/nomadorroles.com\/ro\/wp-json\/wp\/v2\/pages"}],"about":[{"href":"https:\/\/nomadorroles.com\/ro\/wp-json\/wp\/v2\/types\/page"}],"author":[{"embeddable":true,"href":"https:\/\/nomadorroles.com\/ro\/wp-json\/wp\/v2\/users\/198"}],"replies":[{"embeddable":true,"href":"https:\/\/nomadorroles.com\/ro\/wp-json\/wp\/v2\/comments?post=103"}],"version-history":[{"count":2,"href":"https:\/\/nomadorroles.com\/ro\/wp-json\/wp\/v2\/pages\/103\/revisions"}],"predecessor-version":[{"id":1094,"href":"https:\/\/nomadorroles.com\/ro\/wp-json\/wp\/v2\/pages\/103\/revisions\/1094"}],"wp:attachment":[{"href":"https:\/\/nomadorroles.com\/ro\/wp-json\/wp\/v2\/media?parent=103"}],"curies":[{"name":"wp","href":"https:\/\/api.w.org\/{rel}","templated":true}]}}