    {"id":105,"date":"2025-06-29T19:11:49","date_gmt":"2025-06-29T19:11:49","guid":{"rendered":"https:\/\/nomadorroles.com\/?page_id=105"},"modified":"2025-06-29T19:11:49","modified_gmt":"2025-06-29T19:11:49","slug":"contact","status":"publish","type":"page","link":"https:\/\/nomadorroles.com\/ro\/contact\/","title":{"rendered":"Contact"},"content":{"rendered":"<p>V\u0103 mul\u021bumim pentru vizit\u0103 <strong>NOMADORROLES<\/strong>, platforma ta de \u00eencredere pentru perspective actorice\u0219ti, dezvoltare creativ\u0103 \u0219i cre\u0219tere profesional\u0103 \u00een artele spectacolului. Apreciem cu adev\u0103rat mesajele tale \u0219i suntem aici pentru a te sprijini, a te conecta \u0219i a colabora cu tine.<\/p>\n\n\n\n<h3 class=\"wp-block-heading\"><strong>\u00centreb\u0103ri generale<\/strong><\/h3>\n\n\n\n<p>Am o \u00eentrebare despre <strong>NOMADORROLES<\/strong> sau pur \u0219i simplu dori\u021bi s\u0103 ne contacta\u021bi? Trimite\u021bi-ne un e-mail la <strong><a>contact@nomadorroles.com<\/a><\/strong><br>Ne place s\u0103 auzim p\u0103rerile comunit\u0103\u021bii noastre creative \u0219i v\u0103 vom contacta c\u00e2t mai cur\u00e2nd posibil.<\/p>\n\n\n\n<h3 class=\"wp-block-heading\"><strong>Sugestii \u0219i contribu\u021bii de con\u021binut<\/strong><\/h3>\n\n\n\n<p>Ai o idee pentru un articol nou? Vrei s\u0103 \u00eemp\u0103rt\u0103\u0219e\u0219ti expertiza ta, o poveste despre o audi\u021bie sau s\u0103 sugerezi un subiect pe care ar trebui s\u0103-l explor\u0103m? Contacteaz\u0103-ne. <strong><a>editor@nomadorroles.com<\/a><\/strong><br>Suntem mereu \u00een c\u0103utare de voci autentice \u0219i perspective noi \u00een actorie, performan\u021b\u0103 \u0219i branding artistic.<\/p>\n\n\n\n<h3 class=\"wp-block-heading\"><strong>Asisten\u021b\u0103 tehnic\u0103<\/strong><\/h3>\n\n\n\n<p>Dac\u0103 \u00eent\u00e2mpina\u021bi probleme cu platforma noastr\u0103 sau ave\u021bi nevoie de ajutor pentru accesarea con\u021binutului, nu ezita\u021bi s\u0103 ne contacta\u021bi la <strong><a>support@nomadorroles.com<\/a><\/strong><br>Suntem aici pentru a v\u0103 asigura experien\u021ba cu <strong>NOMADORROLES<\/strong> este lin \u0219i inspirator.<\/p>\n\n\n\n<h3 class=\"wp-block-heading\"><strong>R\u0103m\u00e2i conectat<\/strong>d<\/h3>\n\n\n\n<p><strong>NOMADORROLES<\/strong> este o platform\u0103 digital\u0103, construit\u0103 pentru actori \u0219i arti\u0219ti din \u00eentreaga lume. De\u0219i nu oper\u0103m dintr-un birou fizic, suntem mereu online - gata s\u0103 v\u0103 ascult\u0103m, s\u0103 v\u0103 sprijinim \u0219i s\u0103 cre\u0219tem al\u0103turi de voi.<\/p>\n\n\n\n<p>Mul\u021bumesc \u00eenc\u0103 o dat\u0103 c\u0103 faci parte din <strong>NOMADORROLES<\/strong> comunitate. A\u0219tept\u0103m cu ner\u0103bdare s\u0103 v\u0103 auzim!<\/p>\n\n\n\n<p><strong>Salut\u0103ri calde,<\/strong><br><strong>Echipa NOMADORROLES<\/strong><\/p>","protected":false},"excerpt":{"rendered":"<p>V\u0103 mul\u021bumim c\u0103 a\u021bi vizitat NOMADORROLES, platforma dumneavoastr\u0103 de \u00eencredere pentru perspective actorice\u0219ti, dezvoltare creativ\u0103 \u0219i cre\u0219tere profesional\u0103 \u00een artele spectacolului. Apreciem cu adev\u0103rat mesajele dumneavoastr\u0103 \u0219i suntem aici pentru a v\u0103 sprijini, a v\u0103 conecta \u0219i a colabora cu dumneavoastr\u0103. \u00centreb\u0103ri generale Ave\u021bi o \u00eentrebare despre NOMADORROLES sau dori\u021bi doar s\u0103 ne contacta\u021bi? E-maila\u021bi-ne la contact@nomadorroles.com Ne place s\u0103 auzim de la [\u2026]<\/p>","protected":false},"author":198,"featured_media":0,"parent":0,"menu_order":0,"comment_status":"closed","ping_status":"closed","template":"","meta":{"footnotes":""},"_links":{"self":[{"href":"https:\/\/nomadorroles.com\/ro\/wp-json\/wp\/v2\/pages\/105"}],"collection":[{"href":"https:\/\/nomadorroles.com\/ro\/wp-json\/wp\/v2\/pages"}],"about":[{"href":"https:\/\/nomadorroles.com\/ro\/wp-json\/wp\/v2\/types\/page"}],"author":[{"embeddable":true,"href":"https:\/\/nomadorroles.com\/ro\/wp-json\/wp\/v2\/users\/198"}],"replies":[{"embeddable":true,"href":"https:\/\/nomadorroles.com\/ro\/wp-json\/wp\/v2\/comments?post=105"}],"version-history":[{"count":1,"href":"https:\/\/nomadorroles.com\/ro\/wp-json\/wp\/v2\/pages\/105\/revisions"}],"predecessor-version":[{"id":106,"href":"https:\/\/nomadorroles.com\/ro\/wp-json\/wp\/v2\/pages\/105\/revisions\/106"}],"wp:attachment":[{"href":"https:\/\/nomadorroles.com\/ro\/wp-json\/wp\/v2\/media?parent=105"}],"curies":[{"name":"wp","href":"https:\/\/api.w.org\/{rel}","templated":true}]}}