    {"id":103,"date":"2025-06-29T19:11:04","date_gmt":"2025-06-29T19:11:04","guid":{"rendered":"https:\/\/nomadorroles.com\/?page_id=103"},"modified":"2026-03-03T21:53:11","modified_gmt":"2026-03-03T21:53:11","slug":"about-us","status":"publish","type":"page","link":"https:\/\/nomadorroles.com\/tr\/about-us\/","title":{"rendered":"Hakk\u0131m\u0131zda"},"content":{"rendered":"<h2 class=\"wp-block-heading\"><\/h2>\n\n\n\n<p>Ho\u015f geldiniz <strong>G\u00d6\u00c7EBELER<\/strong> \u2013 Teknoloji, yarat\u0131c\u0131l\u0131k ve performans\u0131n kesi\u015fti\u011fi noktada fikirler, uygulama ve b\u00fcy\u00fcme i\u00e7in stratejik merkeziniz. \u0130ster bir marka olu\u015fturuyor, ister kampanyalar\u0131 optimize ediyor, ister yenilikleri ara\u015ft\u0131r\u0131yor veya yarat\u0131c\u0131 \u00fcst\u00fcnl\u00fc\u011f\u00fcn\u00fcz\u00fc geli\u015ftiriyor olun, NOMADORROLES, konseptten \u00f6l\u00e7\u00fclebilir etkiye kadar olan yolculu\u011funuzda size destek olmak i\u00e7in burada.<\/p>\n\n\n\n<h3 class=\"wp-block-heading\">Bizi ne motive ediyor?<\/h3>\n\n\n\n<p>NOMADORROLES&#039;te, modern b\u00fcy\u00fcmenin veri ve hayal g\u00fcc\u00fc aras\u0131ndaki denge \u00fczerine kuruldu\u011funa inan\u0131yoruz. Misyonumuz basit: Profesyonellerin ve i\u00e7erik \u00fcreticilerinin potansiyellerinden yararlanmalar\u0131na yard\u0131mc\u0131 olacak y\u00fcksek kaliteli, eri\u015filebilir i\u00e7erik sa\u011flamak. <strong>teknoloji, analitik, marka olu\u015fturma ve performans stratejileri<\/strong> De\u011fi\u015fen dijital ortamda ba\u015far\u0131l\u0131 olmak i\u00e7in.<\/p>\n\n\n\n<p>G\u00fcn\u00fcm\u00fczde ba\u015far\u0131 sadece yarat\u0131c\u0131l\u0131kla ilgili de\u011fil; netlik, i\u00e7g\u00f6r\u00fc, konumland\u0131rma ve s\u00fcrekli optimizasyonla da ilgili.<\/p>\n\n\n\n<h3 class=\"wp-block-heading\">Biz kimiz<\/h3>\n\n\n\n<p>Biz, yenili\u011fi uygulamayla birle\u015ftirmeye tutkuyla ba\u011fl\u0131 stratejistler, yarat\u0131c\u0131lar, analistler ve dijital d\u00fc\u015f\u00fcn\u00fcrlerden olu\u015fan bir ekibiz. NOMADORROLES, cesur fikirleri ger\u00e7ek d\u00fcnya performans\u0131yla bulu\u015fturmak i\u00e7in kuruldu.<\/p>\n\n\n\n<p>Bu da demek oluyor ki, ister \u00f6l\u00e7\u00fcmleri analiz ediyor olun, ister marka sesinizi geli\u015ftiriyor olun, ister yeni teknolojileri ke\u015ffediyor olun, ister yeni yarat\u0131c\u0131 \u00e7er\u00e7evelerin kilidini a\u00e7\u0131yor olun, bilgilendiren, ilham veren ve donatan i\u00e7eriklere odaklan\u0131yoruz.<\/p>\n\n\n\n<p>Burada, sadece bir okuyucudan daha fazlas\u0131s\u0131n\u0131z. Deneycili\u011fi, \u00f6l\u00e7\u00fclebilir b\u00fcy\u00fcmeyi ve uzun vadeli etkiyi \u00f6nemseyen, ileri g\u00f6r\u00fc\u015fl\u00fc bir toplulu\u011fun par\u00e7as\u0131s\u0131n\u0131z.<\/p>\n\n\n\n<h3 class=\"wp-block-heading\">Kat\u0131l\u0131n<\/h3>\n\n\n\n<p>Markala\u015fma, analitik, performans stratejisi, teknoloji trendleri veya yarat\u0131c\u0131 s\u00fcre\u00e7ler hakk\u0131nda bir bak\u0131\u015f a\u00e7\u0131n\u0131z m\u0131 var? G\u00f6r\u00fc\u015flerinizi payla\u015fmak veya bir konuyu daha derinlemesine incelemek mi istiyorsunuz? Sizden haber almak isteriz.<\/p>\n\n\n\n<p>NOMADORROLES&#039;te fikirler i\u015f birli\u011fi yoluyla geli\u015fir ve sizin sesiniz, gelece\u011fin \u015fekillenmesine yard\u0131mc\u0131 olur.<\/p>\n\n\n\n<p>Gelin, ad\u0131m ad\u0131m, bir strateji, bir deney, bir at\u0131l\u0131m ile daha ak\u0131ll\u0131 sistemler, daha g\u00fc\u00e7l\u00fc markalar ve daha anlaml\u0131 yarat\u0131c\u0131 i\u015fler in\u015fa edelim.<\/p>","protected":false},"excerpt":{"rendered":"<p>Welcome to NOMADORROLES \u2013 your strategic hub for ideas, execution, and growth at the intersection of technology, creativity, and performance. Whether you&#8217;re building a brand, optimizing campaigns, exploring innovation, or refining your creative edge, NOMADORROLES is here to support your journey from concept to measurable impact. What drives us At NOMADORROLES, we believe modern growth [&hellip;]<\/p>","protected":false},"author":198,"featured_media":0,"parent":0,"menu_order":0,"comment_status":"closed","ping_status":"closed","template":"","meta":{"footnotes":""},"_links":{"self":[{"href":"https:\/\/nomadorroles.com\/tr\/wp-json\/wp\/v2\/pages\/103"}],"collection":[{"href":"https:\/\/nomadorroles.com\/tr\/wp-json\/wp\/v2\/pages"}],"about":[{"href":"https:\/\/nomadorroles.com\/tr\/wp-json\/wp\/v2\/types\/page"}],"author":[{"embeddable":true,"href":"https:\/\/nomadorroles.com\/tr\/wp-json\/wp\/v2\/users\/198"}],"replies":[{"embeddable":true,"href":"https:\/\/nomadorroles.com\/tr\/wp-json\/wp\/v2\/comments?post=103"}],"version-history":[{"count":2,"href":"https:\/\/nomadorroles.com\/tr\/wp-json\/wp\/v2\/pages\/103\/revisions"}],"predecessor-version":[{"id":1094,"href":"https:\/\/nomadorroles.com\/tr\/wp-json\/wp\/v2\/pages\/103\/revisions\/1094"}],"wp:attachment":[{"href":"https:\/\/nomadorroles.com\/tr\/wp-json\/wp\/v2\/media?parent=103"}],"curies":[{"name":"wp","href":"https:\/\/api.w.org\/{rel}","templated":true}]}}