    {"id":105,"date":"2025-06-29T19:11:49","date_gmt":"2025-06-29T19:11:49","guid":{"rendered":"https:\/\/nomadorroles.com\/?page_id=105"},"modified":"2025-06-29T19:11:49","modified_gmt":"2025-06-29T19:11:49","slug":"contact","status":"publish","type":"page","link":"https:\/\/nomadorroles.com\/tr\/contact\/","title":{"rendered":"Temas etmek"},"content":{"rendered":"<p>Ziyaretiniz i\u00e7in te\u015fekk\u00fcr ederiz <strong>G\u00d6\u00c7EBELER<\/strong>Sahne sanatlar\u0131nda oyunculuk i\u00e7g\u00f6r\u00fcleri, yarat\u0131c\u0131 geli\u015fim ve profesyonel geli\u015fim i\u00e7in g\u00fcvenilir platformunuz. Mesajlar\u0131n\u0131za ger\u00e7ekten de\u011fer veriyoruz ve sizi desteklemek, sizinle ba\u011flant\u0131 kurmak ve i\u015f birli\u011fi yapmak i\u00e7in buraday\u0131z.<\/p>\n\n\n\n<h3 class=\"wp-block-heading\"><strong>Genel Sorular<\/strong><\/h3>\n\n\n\n<p>Bir sorunuz mu var? <strong>G\u00d6\u00c7EBELER<\/strong> veya sadece bize ula\u015fmak m\u0131 istiyorsunuz? Bize \u015fu adresten e-posta g\u00f6nderin: <strong><a>ileti\u015fim@nomadorroles.com<\/a><\/strong><br>Yarat\u0131c\u0131 toplulu\u011fumuzdan haber almaktan mutluluk duyuyoruz ve en k\u0131sa s\u00fcrede size geri d\u00f6n\u00fc\u015f yapaca\u011f\u0131z.<\/p>\n\n\n\n<h3 class=\"wp-block-heading\"><strong>\u0130\u00e7erik \u00d6nerileri ve Katk\u0131lar\u0131<\/strong><\/h3>\n\n\n\n<p>Yeni bir makale fikriniz mi var? Uzmanl\u0131\u011f\u0131n\u0131z\u0131, se\u00e7me hikayenizi payla\u015fmak veya incelememiz gereken bir konu \u00f6nermek mi istiyorsunuz? Bize ula\u015f\u0131n <strong><a>edit\u00f6r@nomadorroles.com<\/a><\/strong><br>Oyunculuk, performans ve sanatsal markala\u015fmada her zaman \u00f6zg\u00fcn sesler ve yeni bak\u0131\u015f a\u00e7\u0131lar\u0131 ar\u0131yoruz.<\/p>\n\n\n\n<h3 class=\"wp-block-heading\"><strong>Teknik Destek<\/strong><\/h3>\n\n\n\n<p>Platformumuzla ilgili herhangi bir sorun ya\u015f\u0131yorsan\u0131z veya i\u00e7eri\u011fe eri\u015fim konusunda yard\u0131ma ihtiyac\u0131n\u0131z varsa bizimle ileti\u015fime ge\u00e7mekten \u00e7ekinmeyin. <strong><a>destek@nomadorroles.com<\/a><\/strong><br>Deneyiminizi garantilemek i\u00e7in buraday\u0131z <strong>G\u00d6\u00c7EBELER<\/strong> ak\u0131c\u0131 ve ilham verici.<\/p>\n\n\n\n<h3 class=\"wp-block-heading\"><strong>Ba\u011flant\u0131da Kal\u0131n<\/strong>D<\/h3>\n\n\n\n<p><strong>G\u00d6\u00c7EBELER<\/strong> d\u00fcnya \u00e7ap\u0131ndaki oyuncular ve performans sanat\u00e7\u0131lar\u0131 i\u00e7in olu\u015fturulmu\u015f, dijital odakl\u0131 bir platformdur. Fiziksel bir ofisten faaliyet g\u00f6stermesek de, her zaman \u00e7evrimi\u00e7iyiz; sizi dinlemeye, desteklemeye ve sizinle birlikte b\u00fcy\u00fcmeye haz\u0131r\u0131z.<\/p>\n\n\n\n<p>Bir par\u00e7as\u0131 oldu\u011funuz i\u00e7in tekrar te\u015fekk\u00fcrler <strong>G\u00d6\u00c7EBELER<\/strong> Topluluk. Sizden haber bekliyoruz!<\/p>\n\n\n\n<p><strong>Sevgilerimle,<\/strong><br><strong>NOMADORROLES Ekibi<\/strong><\/p>","protected":false},"excerpt":{"rendered":"<p>Thank you for visiting NOMADORROLES, your trusted platform for acting insights, creative development, and professional growth in the performing arts. We truly value your messages and are here to support, connect, and collaborate with you. General Inquiries Have a question about NOMADORROLES or just want to reach out? Email us at contact@nomadorroles.comWe love hearing from [&hellip;]<\/p>","protected":false},"author":198,"featured_media":0,"parent":0,"menu_order":0,"comment_status":"closed","ping_status":"closed","template":"","meta":{"footnotes":""},"_links":{"self":[{"href":"https:\/\/nomadorroles.com\/tr\/wp-json\/wp\/v2\/pages\/105"}],"collection":[{"href":"https:\/\/nomadorroles.com\/tr\/wp-json\/wp\/v2\/pages"}],"about":[{"href":"https:\/\/nomadorroles.com\/tr\/wp-json\/wp\/v2\/types\/page"}],"author":[{"embeddable":true,"href":"https:\/\/nomadorroles.com\/tr\/wp-json\/wp\/v2\/users\/198"}],"replies":[{"embeddable":true,"href":"https:\/\/nomadorroles.com\/tr\/wp-json\/wp\/v2\/comments?post=105"}],"version-history":[{"count":1,"href":"https:\/\/nomadorroles.com\/tr\/wp-json\/wp\/v2\/pages\/105\/revisions"}],"predecessor-version":[{"id":106,"href":"https:\/\/nomadorroles.com\/tr\/wp-json\/wp\/v2\/pages\/105\/revisions\/106"}],"wp:attachment":[{"href":"https:\/\/nomadorroles.com\/tr\/wp-json\/wp\/v2\/media?parent=105"}],"curies":[{"name":"wp","href":"https:\/\/api.w.org\/{rel}","templated":true}]}}