    {"id":107,"date":"2025-06-29T19:12:39","date_gmt":"2025-06-29T19:12:39","guid":{"rendered":"https:\/\/nomadorroles.com\/?page_id=107"},"modified":"2025-10-21T18:38:38","modified_gmt":"2025-10-21T18:38:38","slug":"privacy-policy","status":"publish","type":"page","link":"https:\/\/nomadorroles.com\/tr\/privacy-policy\/","title":{"rendered":"Gizlilik Politikas\u0131"},"content":{"rendered":"<p>Gizlili\u011finiz bizim i\u00e7in \u00f6nemlidir. <strong>G\u00d6\u00c7EBELER<\/strong>Web sitemiz \u00fczerinden sizden toplayabilece\u011fimiz her t\u00fcrl\u00fc bilgiyle ilgili olarak gizlili\u011finize sayg\u0131 g\u00f6sterme politikam\u0131z, <strong>G\u00d6\u00c7EBELER<\/strong>ve sahip oldu\u011fumuz ve i\u015fletti\u011fimiz di\u011fer siteler.<\/p>\n\n\n\n<p>Ki\u015fisel bilgilerinizi yaln\u0131zca size bir hizmet sunmak i\u00e7in ger\u00e7ekten ihtiya\u00e7 duydu\u011fumuzda isteriz. Bilgileri adil ve yasal yollarla, bilginiz ve izninizle topluyoruz. Ayr\u0131ca, bilgilerinizi neden toplad\u0131\u011f\u0131m\u0131z\u0131 ve nas\u0131l kullan\u0131laca\u011f\u0131n\u0131 da size bildiriyoruz.<\/p>\n\n\n\n<p>Toplad\u0131\u011f\u0131m\u0131z bilgileri yaln\u0131zca talep etti\u011finiz hizmeti size sunmak i\u00e7in gerekli oldu\u011fu s\u00fcrece sakl\u0131yoruz. Saklad\u0131\u011f\u0131m\u0131z verileri, kaybolma ve h\u0131rs\u0131zl\u0131\u011f\u0131n yan\u0131 s\u0131ra yetkisiz eri\u015fim, if\u015fa, kopyalama, kullan\u0131m veya de\u011fi\u015fikli\u011fi \u00f6nlemek i\u00e7in ticari olarak kabul edilebilir y\u00f6ntemlerle koruyaca\u011f\u0131z.<\/p>\n\n\n\n<p>Yasalarca zorunlu k\u0131l\u0131nmad\u0131\u011f\u0131 s\u00fcrece, ki\u015fisel olarak tan\u0131mlay\u0131c\u0131 hi\u00e7bir bilgiyi kamuoyuyla veya \u00fc\u00e7\u00fcnc\u00fc taraflarla payla\u015fm\u0131yoruz.<\/p>\n\n\n\n<p>Web sitemiz, taraf\u0131m\u0131zca i\u015fletilmeyen harici sitelere ba\u011flant\u0131 verebilir. Bu sitelerin i\u00e7erik ve uygulamalar\u0131 \u00fczerinde hi\u00e7bir kontrol\u00fcm\u00fcz olmad\u0131\u011f\u0131n\u0131 ve ilgili gizlilik politikalar\u0131ndan sorumlu tutulamayaca\u011f\u0131m\u0131z\u0131 l\u00fctfen unutmay\u0131n.<\/p>\n\n\n\n<p>\u0130stedi\u011finiz hizmetlerin bir k\u0131sm\u0131n\u0131 size sa\u011flayamayabilece\u011fimizi bilerek, ki\u015fisel bilgilerinizle ilgili talebimizi reddetmekte \u00f6zg\u00fcrs\u00fcn\u00fcz.<\/p>\n\n\n\n<p>Web sitemizi kullanmaya devam etmeniz, gizlilik ve ki\u015fisel bilgilerle ilgili uygulamalar\u0131m\u0131z\u0131 kabul etti\u011finiz anlam\u0131na gelecektir. Kullan\u0131c\u0131 verilerini ve ki\u015fisel bilgileri nas\u0131l i\u015fledi\u011fimiz konusunda herhangi bir sorunuz varsa, bizimle ileti\u015fime ge\u00e7mekten \u00e7ekinmeyin.<\/p>\n\n\n\n<h1 class=\"wp-block-heading\"><strong>NOMADORROLES i\u00e7in \u00c7erez Politikas\u0131<\/strong><\/h1>\n\n\n\n<p>Bu, \u00c7erez Politikas\u0131d\u0131r <strong>G\u00d6\u00c7EBELER<\/strong>, \u015furadan eri\u015filebilir: <a class=\"\" href=\"https:\/\/nomadorroles.com\/tr\/\">https:\/\/nomadorroles.com<\/a><\/p>\n\n\n\n<h2 class=\"wp-block-heading\">\u00c7erezler Nelerdir?<\/h2>\n\n\n\n<p>Hemen hemen t\u00fcm profesyonel web sitelerinde yayg\u0131n bir uygulama oldu\u011fu gibi, bu site de deneyiminizi iyile\u015ftirmek i\u00e7in bilgisayar\u0131n\u0131za indirilen k\u00fc\u00e7\u00fck dosyalar olan \u00e7erezler kullanmaktad\u0131r. Bu sayfada, \u00e7erezlerin hangi bilgileri toplad\u0131\u011f\u0131, bunlar\u0131 nas\u0131l kulland\u0131\u011f\u0131m\u0131z ve neden bazen bu \u00e7erezleri depolamam\u0131z gerekti\u011fi a\u00e7\u0131klanmaktad\u0131r. Ayr\u0131ca, bu \u00e7erezlerin depolanmas\u0131n\u0131 nas\u0131l engelleyebilece\u011finizi de payla\u015faca\u011f\u0131z; ancak bu, sitenin i\u015flevselli\u011finin belirli unsurlar\u0131n\u0131 olumsuz etkileyebilir veya &quot;bozabilir&quot;.<\/p>\n\n\n\n<h2 class=\"wp-block-heading\">\u00c7erezleri Nas\u0131l Kullan\u0131yoruz<\/h2>\n\n\n\n<p>A\u015fa\u011f\u0131da ayr\u0131nt\u0131l\u0131 olarak a\u00e7\u0131klanan \u00e7e\u015fitli nedenlerle \u00e7erez kullan\u0131yoruz. Ne yaz\u0131k ki \u00e7o\u011fu durumda, \u00e7erezleri devre d\u0131\u015f\u0131 b\u0131rakmak i\u00e7in, bu siteye sa\u011flad\u0131klar\u0131 i\u015flevsellik ve \u00f6zellikleri tamamen devre d\u0131\u015f\u0131 b\u0131rakmadan kullanabilece\u011finiz standart bir se\u00e7enek bulunmamaktad\u0131r. Kulland\u0131\u011f\u0131n\u0131z bir hizmeti sa\u011flamak i\u00e7in kullan\u0131lmalar\u0131 durumunda, \u00e7erezlere ihtiyac\u0131n\u0131z olup olmad\u0131\u011f\u0131ndan emin de\u011filseniz, t\u00fcm \u00e7erezleri etkin b\u0131rakman\u0131z \u00f6nerilir.<\/p>\n\n\n\n<h2 class=\"wp-block-heading\">\u00c7erezleri Devre D\u0131\u015f\u0131 B\u0131rakma<\/h2>\n\n\n\n<p>Taray\u0131c\u0131n\u0131zdaki ayarlar\u0131 d\u00fczenleyerek \u00e7erezlerin ayarlanmas\u0131n\u0131 engelleyebilirsiniz (bunun nas\u0131l yap\u0131laca\u011f\u0131n\u0131 \u00f6\u011frenmek i\u00e7in taray\u0131c\u0131n\u0131z\u0131n Yard\u0131m b\u00f6l\u00fcm\u00fcne bak\u0131n). \u00c7erezleri devre d\u0131\u015f\u0131 b\u0131rakman\u0131n, bu ve ziyaret etti\u011finiz di\u011fer bir\u00e7ok web sitesinin i\u015flevselli\u011fini etkileyece\u011fini unutmay\u0131n. \u00c7erezleri devre d\u0131\u015f\u0131 b\u0131rakmak genellikle bu sitenin belirli i\u015flev ve \u00f6zelliklerinin de devre d\u0131\u015f\u0131 kalmas\u0131na neden olur. Bu nedenle, \u00e7erezleri devre d\u0131\u015f\u0131 b\u0131rakmaman\u0131z \u00f6nerilir.<\/p>\n\n\n\n<h2 class=\"wp-block-heading\">Ayarlad\u0131\u011f\u0131m\u0131z \u00c7erezler<\/h2>\n\n\n\n<ul>\n<li><strong>Hesapla ilgili \u00e7erezler<\/strong><br>Bizimle bir hesap olu\u015fturursan\u0131z, kay\u0131t s\u00fcrecinin y\u00f6netimi ve genel y\u00f6netim i\u00e7in \u00e7erezler kullan\u0131r\u0131z. Bu \u00e7erezler genellikle \u00e7\u0131k\u0131\u015f yapt\u0131\u011f\u0131n\u0131zda silinir; ancak baz\u0131 durumlarda, \u00e7\u0131k\u0131\u015f yapt\u0131\u011f\u0131n\u0131zda site tercihlerinizi hat\u0131rlamak i\u00e7in daha sonra da kalabilirler.<\/li>\n\n\n\n<li><strong>Giri\u015fle ilgili \u00e7erezler<\/strong><br>Oturum a\u00e7t\u0131\u011f\u0131n\u0131zda, bunu hat\u0131rlayabilmemiz i\u00e7in \u00e7erezler kullan\u0131r\u0131z. Bu, her yeni sayfay\u0131 ziyaret etti\u011finizde tekrar oturum a\u00e7man\u0131z\u0131 engeller. Bu \u00e7erezler genellikle oturumunuzu kapatt\u0131\u011f\u0131n\u0131zda silinir veya temizlenir; b\u00f6ylece yaln\u0131zca oturum a\u00e7t\u0131\u011f\u0131n\u0131zda k\u0131s\u0131tl\u0131 \u00f6zelliklere ve alanlara eri\u015febilirsiniz.<\/li>\n\n\n\n<li><strong>E-posta b\u00fcltenleriyle ilgili \u00e7erezler<\/strong><br>Bu site, haber b\u00fclteni veya e-posta aboneli\u011fi hizmetleri sunmaktad\u0131r ve daha \u00f6nce kay\u0131tl\u0131 olup olmad\u0131\u011f\u0131n\u0131z\u0131 hat\u0131rlamak ve yaln\u0131zca abone\/abone olmayan kullan\u0131c\u0131lar i\u00e7in ge\u00e7erli olabilecek belirli bildirimlerin g\u00f6sterilip g\u00f6sterilmeyece\u011fini belirlemek i\u00e7in \u00e7erezler kullan\u0131labilir.<\/li>\n\n\n\n<li><strong>Sipari\u015f i\u015flemeyle ilgili \u00e7erezler<\/strong><br>Bu site e-ticaret veya \u00f6deme olanaklar\u0131 sunabilir ve baz\u0131 \u00e7erezler sipari\u015finizin sayfalar aras\u0131nda hat\u0131rlanmas\u0131n\u0131 ve d\u00fczg\u00fcn bir \u015fekilde i\u015flenebilmesini sa\u011flamak i\u00e7in gereklidir.<\/li>\n\n\n\n<li><strong>Anketlerle ilgili \u00e7erezler<\/strong><br>Zaman zaman, size ilgi \u00e7ekici bilgiler, faydal\u0131 ara\u00e7lar sunmak veya kullan\u0131c\u0131 taban\u0131m\u0131z\u0131 daha do\u011fru anlaman\u0131z\u0131 sa\u011flamak i\u00e7in kullan\u0131c\u0131 anketleri ve soru formlar\u0131 sunuyoruz. Bu anketler, ankete kimlerin kat\u0131ld\u0131\u011f\u0131n\u0131 hat\u0131rlamak veya sayfalar\u0131 de\u011fi\u015ftirdi\u011finizde size do\u011fru sonu\u00e7lar sunmak i\u00e7in \u00e7erezler kullanabilir.<\/li>\n\n\n\n<li><strong>Formlarla ilgili \u00e7erezler<\/strong><br>\u0130leti\u015fim sayfalar\u0131 veya yorum formlar\u0131 gibi bir form arac\u0131l\u0131\u011f\u0131yla veri g\u00f6nderdi\u011finizde, gelecekteki yaz\u0131\u015fmalar i\u00e7in kullan\u0131c\u0131 bilgilerinizi hat\u0131rlamak \u00fczere \u00e7erezler ayarlanabilir.<\/li>\n\n\n\n<li><strong>Site tercihleri \u00e7erezleri<\/strong><br>Bu sitede size harika bir deneyim sunabilmek i\u00e7in, siteyi kulland\u0131\u011f\u0131n\u0131zda sitenin nas\u0131l \u00e7al\u0131\u015faca\u011f\u0131na ili\u015fkin tercihlerinizi belirlemenize olanak tan\u0131yan bir i\u015flev sunuyoruz. Tercihlerinizi hat\u0131rlayabilmek i\u00e7in, tercihlerinizden etkilenen bir sayfayla etkile\u015fim kurdu\u011funuzda bu bilgilerin \u00e7a\u011fr\u0131labilmesi i\u00e7in \u00e7erezler ayarlamam\u0131z gerekiyor.<\/li>\n<\/ul>\n\n\n\n<h2 class=\"wp-block-heading\">\u00dc\u00e7\u00fcnc\u00fc Taraf \u00c7erezleri<\/h2>\n\n\n\n<p>Baz\u0131 \u00f6zel durumlarda, g\u00fcvenilir \u00fc\u00e7\u00fcnc\u00fc taraflarca sa\u011flanan \u00e7erezleri de kullan\u0131yoruz. A\u015fa\u011f\u0131daki b\u00f6l\u00fcm, bu site arac\u0131l\u0131\u011f\u0131yla kar\u015f\u0131la\u015fabilece\u011finiz \u00fc\u00e7\u00fcnc\u00fc taraf \u00e7erezlerini ayr\u0131nt\u0131l\u0131 olarak a\u00e7\u0131klamaktad\u0131r:<\/p>\n\n\n\n<ul>\n<li>Bu site \u015funu kullan\u0131r: <strong>Google Analytics<\/strong>Web&#039;deki en yayg\u0131n ve g\u00fcvenilir analiz \u00e7\u00f6z\u00fcmlerinden biri olan , siteyi nas\u0131l kulland\u0131\u011f\u0131n\u0131z\u0131 ve deneyiminizi nas\u0131l iyile\u015ftirebilece\u011fimizi anlamam\u0131za yard\u0131mc\u0131 olmak i\u00e7in \u00e7erezleri kullan\u0131yoruz. Bu \u00e7erezler, sitede ne kadar zaman ge\u00e7irdi\u011finiz ve ziyaret etti\u011finiz sayfalar gibi bilgileri izleyebilir, b\u00f6ylece ilgi \u00e7ekici i\u00e7erikler \u00fcretmeye devam edebiliriz. Daha fazla bilgi i\u00e7in resmi Google Analytics sayfas\u0131na bak\u0131n.<\/li>\n\n\n\n<li><strong>\u00dc\u00e7\u00fcnc\u00fc taraf analizleri<\/strong> Bu sitenin kullan\u0131m\u0131n\u0131 izlemek ve \u00f6l\u00e7mek i\u00e7in kullan\u0131l\u0131r, b\u00f6ylece ilgi \u00e7ekici i\u00e7erikler \u00fcretmeye devam edebiliriz. Bu \u00e7erezler, sitede ne kadar zaman ge\u00e7irdi\u011finiz veya hangi sayfalar\u0131 ziyaret etti\u011finiz gibi bilgileri izleyerek deneyiminizi nas\u0131l iyile\u015ftirebilece\u011fimizi anlamam\u0131za yard\u0131mc\u0131 olabilir.<\/li>\n\n\n\n<li>Zaman zaman yeni \u00f6zellikleri test ediyor ve sitenin sunulma bi\u00e7iminde k\u00fc\u00e7\u00fck de\u011fi\u015fiklikler yap\u0131yoruz. Yeni \u00f6zellikleri test etmeye devam ederken, sitede tutarl\u0131 bir deneyim ya\u015faman\u0131z\u0131 sa\u011flamak ve kullan\u0131c\u0131lar\u0131n hangi optimizasyonlar\u0131 en \u00e7ok be\u011fendi\u011fini anlamak i\u00e7in bu \u00e7erezler kullan\u0131labilir.<\/li>\n\n\n\n<li>\u0130\u00e7erik ve \u00fcr\u00fcnleri tan\u0131t\u0131rken, sitemizi ziyaret edenlerin ka\u00e7 tanesinin ger\u00e7ekten etkile\u015fimde bulundu\u011funa veya eylemde bulundu\u011funa dair istatistikleri anlamam\u0131z \u00f6nemlidir. Bu \u00e7erezler bu t\u00fcr verileri izler. Bu, bilin\u00e7li kararlar almam\u0131za ve kaynaklar\u0131 etkili bir \u015fekilde y\u00f6netmemize yard\u0131mc\u0131 olur.<\/li>\n\n\n\n<li>Biz de kullan\u0131yoruz <strong>sosyal medya d\u00fc\u011fmeleri ve\/veya eklentileri<\/strong> Bu sitede, sosyal a\u011f\u0131n\u0131zla \u00e7e\u015fitli \u015fekillerde ba\u011flant\u0131 kurman\u0131za olanak tan\u0131yan \u00e7erezler bulunmaktad\u0131r. Bunlar\u0131n \u00e7al\u0131\u015fmas\u0131 i\u00e7in, Facebook, X (Twitter), Instagram ve LinkedIn dahil ancak bunlarla s\u0131n\u0131rl\u0131 olmamak \u00fczere a\u015fa\u011f\u0131daki sosyal medya platformlar\u0131 sitemiz arac\u0131l\u0131\u011f\u0131yla \u00e7erezler ayarlayabilir. Bu \u00e7erezler, platformlar\u0131ndaki profilinizi geli\u015ftirmek veya ilgili gizlilik politikalar\u0131nda a\u00e7\u0131kland\u0131\u011f\u0131 gibi, tuttuklar\u0131 verilere katk\u0131da bulunmak i\u00e7in kullan\u0131labilir.<\/li>\n<\/ul>\n\n\n\n<h3 class=\"wp-block-heading\">Reklamc\u0131l\u0131k (Google AdSense) ve Se\u00e7imleriniz<\/h3>\n\n\n\n<p>Bu site, reklamlar\u0131 g\u00f6r\u00fcnt\u00fclemek i\u00e7in Google AdSense&#039;i kullan\u0131r. Google ve i\u015f ortaklar\u0131, bu ve di\u011fer web sitelerine yapt\u0131\u011f\u0131n\u0131z ziyaretlere g\u00f6re reklamlar\u0131 sunmak, \u00f6l\u00e7mek ve ki\u015fiselle\u015ftirmek i\u00e7in \u00e7erezler veya di\u011fer teknolojileri kullanabilir.<\/p>\n\n\n\n<p>Google&#039;\u0131n hizmetlerini kullanan sitelerden ve uygulamalardan gelen verileri nas\u0131l kulland\u0131\u011f\u0131n\u0131 \u00f6\u011frenmek i\u00e7in \u015fu adresi ziyaret edin:<br><a href=\"https:\/\/policies.google.com\/technologies\/partner-sites\">https:\/\/policies.google.com\/technologies\/partner-sites<\/a><\/p>\n\n\n\n<p><strong>Ki\u015fiselle\u015ftirilmi\u015f reklamlardan \u00e7\u0131k\u0131\u015f:<\/strong><br>Google&#039;\u0131n ki\u015fiselle\u015ftirilmi\u015f reklamlar\u0131ndan \u00e7\u0131kmak i\u00e7in \u015fu adresi ziyaret edebilirsiniz: <strong><a href=\"https:\/\/adssettings.google.com\/\">Reklam Ayarlar\u0131 (Reklam Merkezim)<\/a><\/strong>.<br>Alternatif olarak, \u015fu adresi ziyaret ederek di\u011fer bir\u00e7ok reklam sa\u011flay\u0131c\u0131s\u0131ndan ilgi alan\u0131na dayal\u0131 reklamlar\u0131 devre d\u0131\u015f\u0131 b\u0131rakabilirsiniz: <strong><a href=\"https:\/\/www.aboutads.info\/choices\/\">AboutAds.info\/choices<\/a><\/strong>.<\/p>\n\n\n\n<p>Not: Aboneli\u011finizi iptal etseniz bile reklamlar\u0131 g\u00f6rmeye devam edersiniz, ancak bunlar ilgi alanlar\u0131n\u0131zla daha az alakal\u0131 olabilir.<\/p>\n\n\n\n<hr class=\"wp-block-separator has-alpha-channel-opacity\" \/>\n\n\n\n<h2 class=\"wp-block-heading\">Daha Fazla Bilgi<\/h2>\n\n\n\n<p>Umar\u0131m bu sizin i\u00e7in her \u015feyi a\u00e7\u0131kl\u0131\u011fa kavu\u015fturmu\u015ftur. Daha \u00f6nce de belirtildi\u011fi gibi, ihtiyac\u0131n\u0131z olup olmad\u0131\u011f\u0131ndan emin olmad\u0131\u011f\u0131n\u0131z bir \u015fey varsa, sitemizde kulland\u0131\u011f\u0131n\u0131z \u00f6zelliklerden biriyle etkile\u015fime girmesi ihtimaline kar\u015f\u0131 \u00e7erezleri etkin b\u0131rakmak genellikle daha g\u00fcvenlidir.<\/p>\n\n\n\n<p><strong>Bu politika 29 Haziran 2025 tarihi itibar\u0131yla y\u00fcr\u00fcrl\u00fc\u011fe girmi\u015ftir.<\/strong><\/p>","protected":false},"excerpt":{"rendered":"<p>Gizlili\u011finiz bizim i\u00e7in \u00f6nemlidir. NOMADORROLES&#039;in politikas\u0131, web sitemiz NOMADORROLES ve sahip oldu\u011fumuz ve i\u015fletti\u011fimiz di\u011fer siteler arac\u0131l\u0131\u011f\u0131yla sizden toplayabilece\u011fimiz her t\u00fcrl\u00fc bilgiye ili\u015fkin gizlili\u011finize sayg\u0131 duymakt\u0131r. Size bir hizmet sunmak i\u00e7in ger\u00e7ekten ihtiya\u00e7 duydu\u011fumuzda ki\u015fisel bilgilerinizi talep ederiz. Bu bilgileri adil bir \u015fekilde toplar\u0131z [\u2026]<\/p>","protected":false},"author":198,"featured_media":0,"parent":0,"menu_order":0,"comment_status":"closed","ping_status":"closed","template":"","meta":{"footnotes":""},"_links":{"self":[{"href":"https:\/\/nomadorroles.com\/tr\/wp-json\/wp\/v2\/pages\/107"}],"collection":[{"href":"https:\/\/nomadorroles.com\/tr\/wp-json\/wp\/v2\/pages"}],"about":[{"href":"https:\/\/nomadorroles.com\/tr\/wp-json\/wp\/v2\/types\/page"}],"author":[{"embeddable":true,"href":"https:\/\/nomadorroles.com\/tr\/wp-json\/wp\/v2\/users\/198"}],"replies":[{"embeddable":true,"href":"https:\/\/nomadorroles.com\/tr\/wp-json\/wp\/v2\/comments?post=107"}],"version-history":[{"count":2,"href":"https:\/\/nomadorroles.com\/tr\/wp-json\/wp\/v2\/pages\/107\/revisions"}],"predecessor-version":[{"id":515,"href":"https:\/\/nomadorroles.com\/tr\/wp-json\/wp\/v2\/pages\/107\/revisions\/515"}],"wp:attachment":[{"href":"https:\/\/nomadorroles.com\/tr\/wp-json\/wp\/v2\/media?parent=107"}],"curies":[{"name":"wp","href":"https:\/\/api.w.org\/{rel}","templated":true}]}}