    {"id":103,"date":"2025-06-29T19:11:04","date_gmt":"2025-06-29T19:11:04","guid":{"rendered":"https:\/\/nomadorroles.com\/?page_id=103"},"modified":"2026-03-03T21:53:11","modified_gmt":"2026-03-03T21:53:11","slug":"about-us","status":"publish","type":"page","link":"https:\/\/nomadorroles.com\/vi\/about-us\/","title":{"rendered":"Gi\u1edbi thi\u1ec7u v\u1ec1 ch\u00fang t\u00f4i"},"content":{"rendered":"<h2 class=\"wp-block-heading\"><\/h2>\n\n\n\n<p>Ch\u00e0o m\u1eebng \u0111\u1ebfn v\u1edbi <strong>NOMADORROLES<\/strong> \u2013 trung t\u00e2m chi\u1ebfn l\u01b0\u1ee3c c\u1ee7a b\u1ea1n cho c\u00e1c \u00fd t\u01b0\u1edfng, th\u1ef1c thi v\u00e0 t\u0103ng tr\u01b0\u1edfng t\u1ea1i giao \u0111i\u1ec3m c\u1ee7a c\u00f4ng ngh\u1ec7, s\u1ef1 s\u00e1ng t\u1ea1o v\u00e0 hi\u1ec7u su\u1ea5t. Cho d\u00f9 b\u1ea1n \u0111ang x\u00e2y d\u1ef1ng th\u01b0\u01a1ng hi\u1ec7u, t\u1ed1i \u01b0u h\u00f3a chi\u1ebfn d\u1ecbch, kh\u00e1m ph\u00e1 s\u1ef1 \u0111\u1ed5i m\u1edbi hay trau d\u1ed3i l\u1ee3i th\u1ebf s\u00e1ng t\u1ea1o c\u1ee7a m\u00ecnh, NOMADORROLES lu\u00f4n s\u1eb5n s\u00e0ng h\u1ed7 tr\u1ee3 h\u00e0nh tr\u00ecnh c\u1ee7a b\u1ea1n t\u1eeb \u00fd t\u01b0\u1edfng \u0111\u1ebfn t\u00e1c \u0111\u1ed9ng c\u00f3 th\u1ec3 \u0111o l\u01b0\u1eddng \u0111\u01b0\u1ee3c.<\/p>\n\n\n\n<h3 class=\"wp-block-heading\">\u0110i\u1ec1u g\u00ec th\u00fac \u0111\u1ea9y ch\u00fang ta<\/h3>\n\n\n\n<p>T\u1ea1i NOMADORROLES, ch\u00fang t\u00f4i tin r\u1eb1ng s\u1ef1 ph\u00e1t tri\u1ec3n hi\u1ec7n \u0111\u1ea1i \u0111\u01b0\u1ee3c x\u00e2y d\u1ef1ng tr\u00ean s\u1ef1 c\u00e2n b\u1eb1ng gi\u1eefa d\u1eef li\u1ec7u v\u00e0 tr\u00ed t\u01b0\u1edfng t\u01b0\u1ee3ng. S\u1ee9 m\u1ec7nh c\u1ee7a ch\u00fang t\u00f4i r\u1ea5t \u0111\u01a1n gi\u1ea3n: cung c\u1ea5p n\u1ed9i dung ch\u1ea5t l\u01b0\u1ee3ng cao, d\u1ec5 ti\u1ebfp c\u1eadn, gi\u00fap c\u00e1c chuy\u00ean gia v\u00e0 nh\u00e0 s\u00e1ng t\u1ea1o t\u1eadn d\u1ee5ng t\u1ed1i \u0111a ti\u1ec1m n\u0103ng c\u1ee7a m\u00ecnh. <strong>c\u00f4ng ngh\u1ec7, ph\u00e2n t\u00edch, x\u00e2y d\u1ef1ng th\u01b0\u01a1ng hi\u1ec7u v\u00e0 chi\u1ebfn l\u01b0\u1ee3c hi\u1ec7u su\u1ea5t<\/strong> \u0111\u1ec3 ph\u00e1t tri\u1ec3n m\u1ea1nh m\u1ebd trong b\u1ed1i c\u1ea3nh k\u1ef9 thu\u1eadt s\u1ed1 \u0111ang thay \u0111\u1ed5i.<\/p>\n\n\n\n<p>Th\u00e0nh c\u00f4ng ng\u00e0y nay kh\u00f4ng ch\u1ec9 n\u1eb1m \u1edf s\u1ef1 s\u00e1ng t\u1ea1o m\u00e0 c\u00f2n \u1edf s\u1ef1 r\u00f5 r\u00e0ng, t\u1ea7m nh\u00ecn, \u0111\u1ecbnh v\u1ecb v\u00e0 t\u1ed1i \u01b0u h\u00f3a li\u00ean t\u1ee5c.<\/p>\n\n\n\n<h3 class=\"wp-block-heading\">Ch\u00fang t\u00f4i l\u00e0 ai<\/h3>\n\n\n\n<p>Ch\u00fang t\u00f4i l\u00e0 m\u1ed9t nh\u00f3m c\u00e1c nh\u00e0 chi\u1ebfn l\u01b0\u1ee3c, nh\u00e0 s\u00e1ng t\u1ea1o, nh\u00e0 ph\u00e2n t\u00edch v\u00e0 nh\u1eefng ng\u01b0\u1eddi t\u01b0 duy k\u1ef9 thu\u1eadt s\u1ed1 \u0111\u1ea7y nhi\u1ec7t huy\u1ebft, lu\u00f4n mong mu\u1ed1n k\u1ebft n\u1ed1i s\u1ef1 \u0111\u1ed5i m\u1edbi v\u1edbi vi\u1ec7c th\u1ef1c thi. NOMADORROLES \u0111\u01b0\u1ee3c th\u00e0nh l\u1eadp \u0111\u1ec3 k\u1ebft n\u1ed1i nh\u1eefng \u00fd t\u01b0\u1edfng t\u00e1o b\u1ea1o v\u1edbi hi\u1ec7u qu\u1ea3 th\u1ef1c ti\u1ec5n.<\/p>\n\n\n\n<p>\u0110i\u1ec1u \u0111\u00f3 c\u00f3 ngh\u0129a l\u00e0 ch\u00fang t\u00f4i t\u1eadp trung v\u00e0o n\u1ed9i dung cung c\u1ea5p th\u00f4ng tin, truy\u1ec1n c\u1ea3m h\u1ee9ng v\u00e0 trang b\u1ecb ki\u1ebfn th\u1ee9c \u2014 cho d\u00f9 b\u1ea1n \u0111ang ph\u00e2n t\u00edch s\u1ed1 li\u1ec7u, ho\u00e0n thi\u1ec7n gi\u1ecdng \u0111i\u1ec7u th\u01b0\u01a1ng hi\u1ec7u, kh\u00e1m ph\u00e1 c\u00e1c c\u00f4ng ngh\u1ec7 m\u1edbi n\u1ed5i hay m\u1edf kh\u00f3a c\u00e1c khu\u00f4n kh\u1ed5 s\u00e1ng t\u1ea1o m\u1edbi.<\/p>\n\n\n\n<p>\u1ede \u0111\u00e2y, b\u1ea1n kh\u00f4ng ch\u1ec9 l\u00e0 m\u1ed9t ng\u01b0\u1eddi \u0111\u1ecdc. B\u1ea1n l\u00e0 m\u1ed9t ph\u1ea7n c\u1ee7a c\u1ed9ng \u0111\u1ed3ng c\u00f3 t\u01b0 duy ti\u1ebfn b\u1ed9, coi tr\u1ecdng s\u1ef1 th\u1eed nghi\u1ec7m, s\u1ef1 ph\u00e1t tri\u1ec3n c\u00f3 th\u1ec3 \u0111o l\u01b0\u1eddng \u0111\u01b0\u1ee3c v\u00e0 t\u00e1c \u0111\u1ed9ng l\u00e2u d\u00e0i.<\/p>\n\n\n\n<h3 class=\"wp-block-heading\">Tham gia<\/h3>\n\n\n\n<p>B\u1ea1n c\u00f3 quan \u0111i\u1ec3m v\u1ec1 x\u00e2y d\u1ef1ng th\u01b0\u01a1ng hi\u1ec7u, ph\u00e2n t\u00edch d\u1eef li\u1ec7u, chi\u1ebfn l\u01b0\u1ee3c hi\u1ec7u su\u1ea5t, xu h\u01b0\u1edbng c\u00f4ng ngh\u1ec7 ho\u1eb7c quy tr\u00ecnh s\u00e1ng t\u1ea1o? B\u1ea1n mu\u1ed1n chia s\u1ebb nh\u1eefng hi\u1ec3u bi\u1ebft c\u1ee7a m\u00ecnh ho\u1eb7c t\u00ecm hi\u1ec3u s\u00e2u h\u01a1n v\u1ec1 m\u1ed9t ch\u1ee7 \u0111\u1ec1 n\u00e0o \u0111\u00f3? Ch\u00fang t\u00f4i r\u1ea5t mong \u0111\u01b0\u1ee3c nghe \u00fd ki\u1ebfn t\u1eeb b\u1ea1n.<\/p>\n\n\n\n<p>T\u1ea1i NOMADORROLES, c\u00e1c \u00fd t\u01b0\u1edfng \u0111\u01b0\u1ee3c h\u00ecnh th\u00e0nh th\u00f4ng qua s\u1ef1 h\u1ee3p t\u00e1c \u2014 v\u00e0 ti\u1ebfng n\u00f3i c\u1ee7a b\u1ea1n g\u00f3p ph\u1ea7n \u0111\u1ecbnh h\u00ecnh nh\u1eefng g\u00ec s\u1ebd di\u1ec5n ra ti\u1ebfp theo.<\/p>\n\n\n\n<p>H\u00e3y c\u00f9ng nhau x\u00e2y d\u1ef1ng nh\u1eefng h\u1ec7 th\u1ed1ng th\u00f4ng minh h\u01a1n, nh\u1eefng th\u01b0\u01a1ng hi\u1ec7u m\u1ea1nh m\u1ebd h\u01a1n v\u00e0 nh\u1eefng t\u00e1c ph\u1ea9m s\u00e1ng t\u1ea1o \u00fd ngh\u0129a h\u01a1n \u2014 t\u1eebng chi\u1ebfn l\u01b0\u1ee3c, t\u1eebng th\u1eed nghi\u1ec7m, t\u1eebng b\u01b0\u1edbc \u0111\u1ed9t ph\u00e1 m\u1ed9t.<\/p>","protected":false},"excerpt":{"rendered":"<p>Welcome to NOMADORROLES \u2013 your strategic hub for ideas, execution, and growth at the intersection of technology, creativity, and performance. Whether you&#8217;re building a brand, optimizing campaigns, exploring innovation, or refining your creative edge, NOMADORROLES is here to support your journey from concept to measurable impact. What drives us At NOMADORROLES, we believe modern growth [&hellip;]<\/p>","protected":false},"author":198,"featured_media":0,"parent":0,"menu_order":0,"comment_status":"closed","ping_status":"closed","template":"","meta":{"footnotes":""},"_links":{"self":[{"href":"https:\/\/nomadorroles.com\/vi\/wp-json\/wp\/v2\/pages\/103"}],"collection":[{"href":"https:\/\/nomadorroles.com\/vi\/wp-json\/wp\/v2\/pages"}],"about":[{"href":"https:\/\/nomadorroles.com\/vi\/wp-json\/wp\/v2\/types\/page"}],"author":[{"embeddable":true,"href":"https:\/\/nomadorroles.com\/vi\/wp-json\/wp\/v2\/users\/198"}],"replies":[{"embeddable":true,"href":"https:\/\/nomadorroles.com\/vi\/wp-json\/wp\/v2\/comments?post=103"}],"version-history":[{"count":2,"href":"https:\/\/nomadorroles.com\/vi\/wp-json\/wp\/v2\/pages\/103\/revisions"}],"predecessor-version":[{"id":1094,"href":"https:\/\/nomadorroles.com\/vi\/wp-json\/wp\/v2\/pages\/103\/revisions\/1094"}],"wp:attachment":[{"href":"https:\/\/nomadorroles.com\/vi\/wp-json\/wp\/v2\/media?parent=103"}],"curies":[{"name":"wp","href":"https:\/\/api.w.org\/{rel}","templated":true}]}}