    {"id":105,"date":"2025-06-29T19:11:49","date_gmt":"2025-06-29T19:11:49","guid":{"rendered":"https:\/\/nomadorroles.com\/?page_id=105"},"modified":"2025-06-29T19:11:49","modified_gmt":"2025-06-29T19:11:49","slug":"contact","status":"publish","type":"page","link":"https:\/\/nomadorroles.com\/vi\/contact\/","title":{"rendered":"Li\u00ean h\u1ec7"},"content":{"rendered":"<p>C\u1ea3m \u01a1n b\u1ea1n \u0111\u00e3 gh\u00e9 th\u0103m <strong>NOMADORROLES<\/strong>, n\u1ec1n t\u1ea3ng \u0111\u00e1ng tin c\u1eady c\u1ee7a b\u1ea1n v\u1ec1 nh\u1eefng hi\u1ec3u bi\u1ebft s\u00e2u s\u1eafc v\u1ec1 di\u1ec5n xu\u1ea5t, ph\u00e1t tri\u1ec3n s\u00e1ng t\u1ea1o v\u00e0 th\u0103ng ti\u1ebfn chuy\u00ean m\u00f4n trong ngh\u1ec7 thu\u1eadt bi\u1ec3u di\u1ec5n. Ch\u00fang t\u00f4i th\u1ef1c s\u1ef1 tr\u00e2n tr\u1ecdng nh\u1eefng th\u00f4ng \u0111i\u1ec7p c\u1ee7a b\u1ea1n v\u00e0 lu\u00f4n s\u1eb5n s\u00e0ng h\u1ed7 tr\u1ee3, k\u1ebft n\u1ed1i v\u00e0 h\u1ee3p t\u00e1c c\u00f9ng b\u1ea1n.<\/p>\n\n\n\n<h3 class=\"wp-block-heading\"><strong>Y\u00eau c\u1ea7u chung<\/strong><\/h3>\n\n\n\n<p>C\u00f3 c\u00e2u h\u1ecfi v\u1ec1 <strong>NOMADORROLES<\/strong> ho\u1eb7c ch\u1ec9 mu\u1ed1n li\u00ean h\u1ec7? G\u1eedi email cho ch\u00fang t\u00f4i theo \u0111\u1ecba ch\u1ec9 <strong><a>contact@nomadorroles.com<\/a><\/strong><br>Ch\u00fang t\u00f4i r\u1ea5t mong nh\u1eadn \u0111\u01b0\u1ee3c ph\u1ea3n h\u1ed3i t\u1eeb c\u1ed9ng \u0111\u1ed3ng s\u00e1ng t\u1ea1o c\u1ee7a m\u00ecnh v\u00e0 s\u1ebd tr\u1ea3 l\u1eddi b\u1ea1n s\u1edbm nh\u1ea5t c\u00f3 th\u1ec3.<\/p>\n\n\n\n<h3 class=\"wp-block-heading\"><strong>\u0110\u1ec1 xu\u1ea5t v\u00e0 \u0111\u00f3ng g\u00f3p n\u1ed9i dung<\/strong><\/h3>\n\n\n\n<p>B\u1ea1n c\u00f3 \u00fd t\u01b0\u1edfng cho b\u00e0i vi\u1ebft m\u1edbi? B\u1ea1n mu\u1ed1n chia s\u1ebb kinh nghi\u1ec7m, c\u00e2u chuy\u1ec7n th\u1eed gi\u1ecdng ho\u1eb7c \u0111\u1ec1 xu\u1ea5t m\u1ed9t ch\u1ee7 \u0111\u1ec1 m\u00e0 ch\u00fang ta n\u00ean kh\u00e1m ph\u00e1? H\u00e3y li\u00ean h\u1ec7 v\u1edbi ch\u00fang t\u00f4i. <strong><a>editor@nomadorroles.com<\/a><\/strong><br>Ch\u00fang t\u00f4i lu\u00f4n t\u00ecm ki\u1ebfm nh\u1eefng gi\u1ecdng n\u00f3i ch\u00e2n th\u1ef1c v\u00e0 g\u00f3c nh\u00ecn m\u1edbi m\u1ebb trong di\u1ec5n xu\u1ea5t, bi\u1ec3u di\u1ec5n v\u00e0 x\u00e2y d\u1ef1ng th\u01b0\u01a1ng hi\u1ec7u ngh\u1ec7 thu\u1eadt.<\/p>\n\n\n\n<h3 class=\"wp-block-heading\"><strong>H\u1ed7 tr\u1ee3 k\u1ef9 thu\u1eadt<\/strong><\/h3>\n\n\n\n<p>N\u1ebfu b\u1ea1n g\u1eb7p b\u1ea5t k\u1ef3 s\u1ef1 c\u1ed1 n\u00e0o v\u1edbi n\u1ec1n t\u1ea3ng c\u1ee7a ch\u00fang t\u00f4i ho\u1eb7c c\u1ea7n tr\u1ee3 gi\u00fap truy c\u1eadp n\u1ed9i dung, \u0111\u1eebng ng\u1ea7n ng\u1ea1i li\u00ean h\u1ec7 v\u1edbi ch\u00fang t\u00f4i t\u1ea1i <strong><a>support@nomadorroles.com<\/a><\/strong><br>Ch\u00fang t\u00f4i \u1edf \u0111\u00e2y \u0111\u1ec3 \u0111\u1ea3m b\u1ea3o tr\u1ea3i nghi\u1ec7m c\u1ee7a b\u1ea1n v\u1edbi <strong>NOMADORROLES<\/strong> m\u01b0\u1ee3t m\u00e0 v\u00e0 truy\u1ec1n c\u1ea3m h\u1ee9ng.<\/p>\n\n\n\n<h3 class=\"wp-block-heading\"><strong>Gi\u1eef k\u1ebft n\u1ed1i<\/strong>ng\u00e0y<\/h3>\n\n\n\n<p><strong>NOMADORROLES<\/strong> l\u00e0 m\u1ed9t n\u1ec1n t\u1ea3ng k\u1ef9 thu\u1eadt s\u1ed1 \u01b0u ti\u00ean h\u00e0ng \u0111\u1ea7u d\u00e0nh cho di\u1ec5n vi\u00ean v\u00e0 ngh\u1ec7 s\u0129 bi\u1ec3u di\u1ec5n tr\u00ean to\u00e0n th\u1ebf gi\u1edbi. M\u1eb7c d\u00f9 ch\u00fang t\u00f4i kh\u00f4ng ho\u1ea1t \u0111\u1ed9ng t\u1ea1i v\u0103n ph\u00f2ng th\u1ef1c t\u1ebf, ch\u00fang t\u00f4i lu\u00f4n tr\u1ef1c tuy\u1ebfn\u2014s\u1eb5n s\u00e0ng l\u1eafng nghe, h\u1ed7 tr\u1ee3 v\u00e0 c\u00f9ng b\u1ea1n ph\u00e1t tri\u1ec3n.<\/p>\n\n\n\n<p>C\u1ea3m \u01a1n b\u1ea1n m\u1ed9t l\u1ea7n n\u1eefa v\u00ec \u0111\u00e3 l\u00e0 m\u1ed9t ph\u1ea7n c\u1ee7a <strong>NOMADORROLES<\/strong> c\u1ed9ng \u0111\u1ed3ng. Ch\u00fang t\u00f4i mong nh\u1eadn \u0111\u01b0\u1ee3c ph\u1ea3n h\u1ed3i t\u1eeb b\u1ea1n!<\/p>\n\n\n\n<p><strong>Tr\u00e2n tr\u1ecdng,<\/strong><br><strong>\u0110\u1ed9i ng\u0169 NOMADORROLES<\/strong><\/p>","protected":false},"excerpt":{"rendered":"<p>Thank you for visiting NOMADORROLES, your trusted platform for acting insights, creative development, and professional growth in the performing arts. We truly value your messages and are here to support, connect, and collaborate with you. General Inquiries Have a question about NOMADORROLES or just want to reach out? Email us at contact@nomadorroles.comWe love hearing from [&hellip;]<\/p>","protected":false},"author":198,"featured_media":0,"parent":0,"menu_order":0,"comment_status":"closed","ping_status":"closed","template":"","meta":{"footnotes":""},"_links":{"self":[{"href":"https:\/\/nomadorroles.com\/vi\/wp-json\/wp\/v2\/pages\/105"}],"collection":[{"href":"https:\/\/nomadorroles.com\/vi\/wp-json\/wp\/v2\/pages"}],"about":[{"href":"https:\/\/nomadorroles.com\/vi\/wp-json\/wp\/v2\/types\/page"}],"author":[{"embeddable":true,"href":"https:\/\/nomadorroles.com\/vi\/wp-json\/wp\/v2\/users\/198"}],"replies":[{"embeddable":true,"href":"https:\/\/nomadorroles.com\/vi\/wp-json\/wp\/v2\/comments?post=105"}],"version-history":[{"count":1,"href":"https:\/\/nomadorroles.com\/vi\/wp-json\/wp\/v2\/pages\/105\/revisions"}],"predecessor-version":[{"id":106,"href":"https:\/\/nomadorroles.com\/vi\/wp-json\/wp\/v2\/pages\/105\/revisions\/106"}],"wp:attachment":[{"href":"https:\/\/nomadorroles.com\/vi\/wp-json\/wp\/v2\/media?parent=105"}],"curies":[{"name":"wp","href":"https:\/\/api.w.org\/{rel}","templated":true}]}}